{"id":22,"date":"2022-01-28T19:24:40","date_gmt":"2022-01-28T18:24:40","guid":{"rendered":"https:\/\/negocios.udd.cl\/beta-ceen\/?page_id=22"},"modified":"2022-03-15T18:50:20","modified_gmt":"2022-03-15T17:50:20","slug":"quienes-somos","status":"publish","type":"page","link":"https:\/\/negocios.udd.cl\/beta-ceen\/quienes-somos\/","title":{"rendered":"\u00bfQui\u00e9nes somos?"},"content":{"rendered":"<section class=\"wp-block-udd-text-row\">\n\t<div class=\"text-row\">\n\t\t<div class=\"text-row__content\">\n\t\t\t<div class=\"text-row__content-inner text\">\n\t\t\t\t\t\t\t\t\n<p class=\"has-text-align-left\"><strong>El Centro de Estudios en Econom\u00eda y Negocios (CEEN),<\/strong> de la Facultad de Econom\u00eda y Negocios de la Universidad del Desarrollo, es una organizaci\u00f3n privada sin fines de lucro, que desde 2001 realiza investigaci\u00f3n aplicada con el fin de aportar conocimiento p\u00fablico sobre aspectos importantes y poco estudiados de la coyuntura de la econom\u00eda chilena.<\/p>\n\n<p><strong>Actualmente, el CEEN focaliza sus actividades en cuatro \u00e1reas:<\/strong><\/p>\n\n<p><strong>Expectativas y Actividad Econ\u00f3mica:<\/strong> Esta \u00e1rea de trabajo sigue mensualmente el sentimiento de los consumidores y los empresarios, concentr\u00e1ndose particularmente en las percepciones actuales y futuras en materia de ingresos, empleo y desempleo, inversi\u00f3n, producci\u00f3n, ventas, y costos de producci\u00f3n, y sus interdependencias. Su an\u00e1lisis permite inferir en forma anticipada las tendencias de mediano plazo de la econom\u00eda y de los principales sectores de actividad.<\/p>\n\n<p><strong>Inflaci\u00f3n y Costo de la Vida:<\/strong> El trabajo en \u00e9sta \u00e1rea eval\u00faa los efectos diferenciados de la inflaci\u00f3n sobre el costo de la vida para los hogares de los diferentes quintiles de ingreso, y anualmente para un hogar representativo del estrato de m\u00e1s altos ingresos en las diferentes capitales regionales del pa\u00eds. El an\u00e1lisis de los efectos acumulados de la inflaci\u00f3n sobre el poder adquisitivo de las remuneraciones y el costo de la vida es relevante para las negociaciones salariales, y la evaluaci\u00f3n de oportunidades de trabajo en diferentes ciudades del pa\u00eds.<\/p>\n\n<p><strong>Grupos econ\u00f3micos: <\/strong>En esta \u00e1rea se sigue la evoluci\u00f3n trimestral de los activos, ingresos y patrimonio burs\u00e1til de los 32 principales grupos econ\u00f3micos del pa\u00eds, incorporando los hechos destacados y cambios en la estructura consolidada de su propiedad en las diferentes empresas y sociedades relacionadas que los componen. Su an\u00e1lisis permite identificar la relevancia y trayectoria de cada grupo econ\u00f3mico en t\u00e9rminos de su tama\u00f1o y crecimiento.<\/p>\n\n<p><strong>Competitividad regional: <\/strong>El objeto de esta \u00e1rea de trabajo es el seguimiento de las condiciones de la competitividad regional, basado en un seguimiento anual de siete dimensiones de la competitividad en las 15 regiones de Chile. Su estudio es relevante para la investigaci\u00f3n, la toma de decisiones de gasto fiscal y pol\u00edticas p\u00fablicas a nivel regional, y las decisiones de localizaci\u00f3n geogr\u00e1fica de iniciativas del sector privado.<\/p>\n\n<p>Nuestros informes tienen amplia cobertura en la prensa nacional, y a trav\u00e9s de los a\u00f1os han contribuido a ilustrar el an\u00e1lisis y la toma de decisiones econ\u00f3micas y financieras de los hogares, las empresas, las entidades del sistema financiero, y el gobierno.<\/p>\n\t\t\t<\/div>\n\t\t<\/div>\n\t\t<div class=\"text-row__media\">\n\t\t\t<img loading=\"lazy\" decoding=\"async\" width=\"952\" height=\"534\" src=\"https:\/\/negocios.udd.cl\/beta-ceen\/files\/2021\/12\/DSC_0013-680x382.jpg\" class=\"text-row__media-image lazyload\" alt=\"\" sizes=\"auto, (max-width: 952px) 100vw, 952px\" data-src=\"https:\/\/negocios.udd.cl\/beta-ceen\/files\/2021\/12\/DSC_0013-952x534.jpg\" data-srcset=\"https:\/\/negocios.udd.cl\/beta-ceen\/files\/2021\/12\/DSC_0013-952x534.jpg 952w, https:\/\/negocios.udd.cl\/beta-ceen\/files\/2021\/12\/DSC_0013-1366x768.jpg 1366w, https:\/\/negocios.udd.cl\/beta-ceen\/files\/2021\/12\/DSC_0013-680x382.jpg 680w\" \/>\t\t<\/div>\n\t<\/div>\n<\/section>\n\n\n<!-- WP Block: UDD - People -->\n<section class=\"wp-block-udd-people\">\n\t<div class=\"container\">\n\t\t<header class=\"block__header\">\n\t\t\t<h2 class=\"block__title\">EQUIPO<\/h2>\n\t\t\t<a href=\"\" class=\"block__view-more\">\n\t\t\t\tVer todos\t\t\t<\/a>\n\t\t<\/header>\n\t\t<div class=\"people-cards\">\n\t\t\t\t\t<div class=\"person-card\">\n\t<a href=\"https:\/\/negocios.udd.cl\/beta-ceen\/persona\/guillermo-acuna\/\" class=\"person-card__inner js-person-modal\" data-post-id=\"194\">\n\t\t\t<div class=\"person-card__media\">\n\t\t\t<img loading=\"lazy\" decoding=\"async\" width=\"500\" height=\"500\" src=\"https:\/\/negocios.udd.cl\/beta-ceen\/files\/2021\/12\/1DSC_0361-500x500-1-62x62.jpg\" class=\"person-card__image wp-post-image lazyload\" alt=\"\" sizes=\"auto, (max-width: 500px) 100vw, 500px\" data-src=\"https:\/\/negocios.udd.cl\/beta-ceen\/files\/2021\/12\/1DSC_0361-500x500-1.jpg\" data-srcset=\"https:\/\/negocios.udd.cl\/beta-ceen\/files\/2021\/12\/1DSC_0361-500x500-1.jpg 500w, https:\/\/negocios.udd.cl\/beta-ceen\/files\/2021\/12\/1DSC_0361-500x500-1-300x300.jpg 300w, https:\/\/negocios.udd.cl\/beta-ceen\/files\/2021\/12\/1DSC_0361-500x500-1-150x150.jpg 150w, https:\/\/negocios.udd.cl\/beta-ceen\/files\/2021\/12\/1DSC_0361-500x500-1-62x62.jpg 62w, https:\/\/negocios.udd.cl\/beta-ceen\/files\/2021\/12\/1DSC_0361-500x500-1-250x250.jpg 250w, https:\/\/negocios.udd.cl\/beta-ceen\/files\/2021\/12\/1DSC_0361-500x500-1-126x126.jpg 126w\" \/>\t\t<\/div>\n\t\t\t<div class=\"person-card__content\">\n\t\t\t<h3 class=\"person-card__name\">Guillermo  Acu\u00f1a<\/h3>\n\t\t\t\t\t<span class=\"person-card__description\">Investigador CEEN<\/span>\n\t\t\t\t<\/div>\n\t<\/a>\n<\/div>\n\t\t\t\t\t<div class=\"person-card\">\n\t<a href=\"https:\/\/negocios.udd.cl\/beta-ceen\/persona\/carlos-smith\/\" class=\"person-card__inner js-person-modal\" data-post-id=\"192\">\n\t\t\t<div class=\"person-card__media\">\n\t\t\t<img loading=\"lazy\" decoding=\"async\" width=\"500\" height=\"500\" src=\"https:\/\/negocios.udd.cl\/beta-ceen\/files\/2021\/12\/IMG_0150bn-500x500-1-62x62.jpg\" class=\"person-card__image wp-post-image lazyload\" alt=\"\" sizes=\"auto, (max-width: 500px) 100vw, 500px\" data-src=\"https:\/\/negocios.udd.cl\/beta-ceen\/files\/2021\/12\/IMG_0150bn-500x500-1.jpg\" data-srcset=\"https:\/\/negocios.udd.cl\/beta-ceen\/files\/2021\/12\/IMG_0150bn-500x500-1.jpg 500w, https:\/\/negocios.udd.cl\/beta-ceen\/files\/2021\/12\/IMG_0150bn-500x500-1-300x300.jpg 300w, https:\/\/negocios.udd.cl\/beta-ceen\/files\/2021\/12\/IMG_0150bn-500x500-1-150x150.jpg 150w, https:\/\/negocios.udd.cl\/beta-ceen\/files\/2021\/12\/IMG_0150bn-500x500-1-62x62.jpg 62w, https:\/\/negocios.udd.cl\/beta-ceen\/files\/2021\/12\/IMG_0150bn-500x500-1-250x250.jpg 250w, https:\/\/negocios.udd.cl\/beta-ceen\/files\/2021\/12\/IMG_0150bn-500x500-1-126x126.jpg 126w\" \/>\t\t<\/div>\n\t\t\t<div class=\"person-card__content\">\n\t\t\t<h3 class=\"person-card__name\">Carlos Smith<\/h3>\n\t\t\t\t\t<span class=\"person-card__description\">Director de Ingenier\u00eda (E) en Administraci\u00f3n de Empresas | Mag\u00edster en Econom\u00eda Aplicada a Pol\u00edticas P\u00fablicas, Universidad Alberto Hurtado<\/span>\n\t\t\t\t<\/div>\n\t<\/a>\n<\/div>\n\t\t\t\t\t<div class=\"person-card\">\n\t<a href=\"https:\/\/negocios.udd.cl\/beta-ceen\/persona\/carla-valdivia\/\" class=\"person-card__inner js-person-modal\" data-post-id=\"190\">\n\t\t\t<div class=\"person-card__media\">\n\t\t\t<img loading=\"lazy\" decoding=\"async\" width=\"500\" height=\"500\" src=\"https:\/\/negocios.udd.cl\/beta-ceen\/files\/2021\/12\/1DSC_0371-500x500-1-62x62.jpg\" class=\"person-card__image wp-post-image lazyload\" alt=\"\" sizes=\"auto, (max-width: 500px) 100vw, 500px\" data-src=\"https:\/\/negocios.udd.cl\/beta-ceen\/files\/2021\/12\/1DSC_0371-500x500-1.jpg\" data-srcset=\"https:\/\/negocios.udd.cl\/beta-ceen\/files\/2021\/12\/1DSC_0371-500x500-1.jpg 500w, https:\/\/negocios.udd.cl\/beta-ceen\/files\/2021\/12\/1DSC_0371-500x500-1-300x300.jpg 300w, https:\/\/negocios.udd.cl\/beta-ceen\/files\/2021\/12\/1DSC_0371-500x500-1-150x150.jpg 150w, https:\/\/negocios.udd.cl\/beta-ceen\/files\/2021\/12\/1DSC_0371-500x500-1-62x62.jpg 62w, https:\/\/negocios.udd.cl\/beta-ceen\/files\/2021\/12\/1DSC_0371-500x500-1-250x250.jpg 250w, https:\/\/negocios.udd.cl\/beta-ceen\/files\/2021\/12\/1DSC_0371-500x500-1-126x126.jpg 126w\" \/>\t\t<\/div>\n\t\t\t<div class=\"person-card__content\">\n\t\t\t<h3 class=\"person-card__name\">Carla  Valdivia<\/h3>\n\t\t\t\t\t<span class=\"person-card__description\">Investigadora CEEN<\/span>\n\t\t\t\t<\/div>\n\t<\/a>\n<\/div>\n\t\t\t\t\t<div class=\"person-card\">\n\t<a href=\"https:\/\/negocios.udd.cl\/beta-ceen\/persona\/cristian-echeverria\/\" class=\"person-card__inner js-person-modal\" data-post-id=\"188\">\n\t\t\t<div class=\"person-card__media\">\n\t\t\t<img loading=\"lazy\" decoding=\"async\" width=\"500\" height=\"500\" src=\"https:\/\/negocios.udd.cl\/beta-ceen\/files\/2021\/12\/1DSC_0351-500x500-1-62x62.jpg\" class=\"person-card__image wp-post-image lazyload\" alt=\"\" sizes=\"auto, (max-width: 500px) 100vw, 500px\" data-src=\"https:\/\/negocios.udd.cl\/beta-ceen\/files\/2021\/12\/1DSC_0351-500x500-1.jpg\" data-srcset=\"https:\/\/negocios.udd.cl\/beta-ceen\/files\/2021\/12\/1DSC_0351-500x500-1.jpg 500w, https:\/\/negocios.udd.cl\/beta-ceen\/files\/2021\/12\/1DSC_0351-500x500-1-300x300.jpg 300w, https:\/\/negocios.udd.cl\/beta-ceen\/files\/2021\/12\/1DSC_0351-500x500-1-150x150.jpg 150w, https:\/\/negocios.udd.cl\/beta-ceen\/files\/2021\/12\/1DSC_0351-500x500-1-62x62.jpg 62w, https:\/\/negocios.udd.cl\/beta-ceen\/files\/2021\/12\/1DSC_0351-500x500-1-250x250.jpg 250w, https:\/\/negocios.udd.cl\/beta-ceen\/files\/2021\/12\/1DSC_0351-500x500-1-126x126.jpg 126w\" \/>\t\t<\/div>\n\t\t\t<div class=\"person-card__content\">\n\t\t\t<h3 class=\"person-card__name\">Cristi\u00e1n  Echeverr\u00eda Valenzuela<\/h3>\n\t\t\t\t\t<span class=\"person-card__description\">Director del Centro de Estudios en Econom\u00eda y Negocios | PhD in Economics, University of California, Berkeley, USA<\/span>\n\t\t\t\t<\/div>\n\t<\/a>\n<\/div>\n\t\t\t\t<\/div>\n\t<\/div>\n<\/section>\n\n\n<!-- WP Block: UDD - Cards Alternate -->\n<section class=\"wp-block-udd-access-cards\">\n\t<div class=\"container\">\n\t\t\t\t<header class=\"block__header\">\n\t\t\t<h2 class=\"block__title\">estudios<\/h2>\n\t\t\t\t\t<\/header>\n\t\t\t\t<div class=\"block__content\">\n\t\t\t<div class=\"access-cards\">\n\t\t\t\t\t\t\t<div class=\"access-card-wrapper\">\n\t\t\t\t\t<img loading=\"lazy\" decoding=\"async\" width=\"403\" height=\"261\" src=\"https:\/\/negocios.udd.cl\/beta-ceen\/files\/2021\/12\/Iconografia-Web3.jpg\" class=\"access-card__image lazyload\" alt=\"\" sizes=\"auto, (max-width: 403px) 100vw, 403px\" data-src=\"https:\/\/negocios.udd.cl\/beta-ceen\/files\/2021\/12\/Iconografia-Web3.jpg\" data-srcset=\"https:\/\/negocios.udd.cl\/beta-ceen\/files\/2021\/12\/Iconografia-Web3.jpg 403w, https:\/\/negocios.udd.cl\/beta-ceen\/files\/2021\/12\/Iconografia-Web3-300x194.jpg 300w\" \/>\t\t\t\t\t<div class=\"access-card\">\n\t\t\t\t\t\t<h3 class=\"access-card__title\">\u00cdndice de Confianza Empresarial<\/h3>\n\t\t\t\t\t\t<p class=\"access-card__description\">\n\t\t\t\t\t\t\tElaborado junto al\u00a0 Diario Financiero, este mide la Confianza de los empresarios en los distintos sectores de nuestro pa\u00eds: Industria, Comercio, Financiero, Miner\u00eda, Construcci\u00f3n y Agr\u00edcola. Se analiza la evoluci\u00f3n de cada uno de ellos, la proyecci\u00f3n de la situaci\u00f3n econ\u00f3mica global y la proyecci\u00f3n de la situaci\u00f3n general del negocio. \t\t\t\t\t\t<\/p>\n\t\t\t\t\t\t\t\t\t\t\t\t\t\t\t\t<\/div>\n\t\t\t\t<\/div>\n\t\t\t\t\t\t\t<div class=\"access-card-wrapper\">\n\t\t\t\t\t<img loading=\"lazy\" decoding=\"async\" width=\"340\" height=\"220\" src=\"https:\/\/negocios.udd.cl\/beta-ceen\/files\/2021\/12\/Ipeco-imagen.jpg\" class=\"access-card__image lazyload\" alt=\"\" sizes=\"auto, (max-width: 340px) 100vw, 340px\" data-src=\"https:\/\/negocios.udd.cl\/beta-ceen\/files\/2021\/12\/Ipeco-imagen.jpg\" data-srcset=\"https:\/\/negocios.udd.cl\/beta-ceen\/files\/2021\/12\/Ipeco-imagen.jpg 340w, https:\/\/negocios.udd.cl\/beta-ceen\/files\/2021\/12\/Ipeco-imagen-300x194.jpg 300w\" \/>\t\t\t\t\t<div class=\"access-card\">\n\t\t\t\t\t\t<h3 class=\"access-card__title\">\u00cdndice de Percepci\u00f3n del Consumidor<\/h3>\n\t\t\t\t\t\t<p class=\"access-card__description\">\n\t\t\t\t\t\t\tElaborado junto con Mall Plaza, este est\u00e1 compuesto por dos sub\u00edndices: el coyuntural, que mide la situaci\u00f3n econ\u00f3mica actual y desempleo actual; y el de expectativas, que mide la percepci\u00f3n acerca de la situaci\u00f3n econ\u00f3mica futura, el desempleo futuro y los ingresos futuros. \t\t\t\t\t\t<\/p>\n\t\t\t\t\t\t\t\t\t\t\t\t\t\t\t\t<\/div>\n\t\t\t\t<\/div>\n\t\t\t\t\t\t\t<div class=\"access-card-wrapper\">\n\t\t\t\t\t<img loading=\"lazy\" decoding=\"async\" width=\"680\" height=\"382\" src=\"https:\/\/negocios.udd.cl\/beta-ceen\/files\/2021\/12\/Iconografia-Web-IPC-3-01-680x382.jpg\" class=\"access-card__image lazyload\" alt=\"\" data-src=\"https:\/\/negocios.udd.cl\/beta-ceen\/files\/2021\/12\/Iconografia-Web-IPC-3-01-680x382.jpg\" \/>\t\t\t\t\t<div class=\"access-card\">\n\t\t\t\t\t\t<h3 class=\"access-card__title\">IPC Por Grupos de Ingreso<\/h3>\n\t\t\t\t\t\t<p class=\"access-card__description\">\n\t\t\t\t\t\t\tEl CEEN de la Facultad de Econom\u00eda y Negocios de la Universidad del Desarrollo, tiene inter\u00e9s en aportar a la difusi\u00f3n de informaci\u00f3n del nivel de precios tanto de la poblaci\u00f3n general, como los grupos que se ven m\u00e1s afectados por una alta inflaci\u00f3n (tres primeros quintiles). Con este prop\u00f3sito, se ha desarrollado una metodolog\u00eda para estimar y hacer una proyecci\u00f3n de la variaci\u00f3n mensual del IPC relevante para los hogares pobres de nuestro pa\u00eds, y de los quintiles medio y medio bajo, es decir, de clase media y media baja. Es una estimaci\u00f3n del aumento en el costo de la vida de estos grupos, y se obtiene principalmente a partir de un subconjunto de precios publicados semanalmente.\t\t\t\t\t\t<\/p>\n\t\t\t\t\t\t\t\t\t\t\t\t\t\t\t\t<\/div>\n\t\t\t\t<\/div>\n\t\t\t\t\t\t\t<div class=\"access-card-wrapper\">\n\t\t\t\t\t<img loading=\"lazy\" decoding=\"async\" width=\"433\" height=\"219\" src=\"https:\/\/negocios.udd.cl\/beta-ceen\/files\/2022\/03\/ice-regional.jpg\" class=\"access-card__image lazyload\" alt=\"\" sizes=\"auto, (max-width: 433px) 100vw, 433px\" data-src=\"https:\/\/negocios.udd.cl\/beta-ceen\/files\/2022\/03\/ice-regional.jpg\" data-srcset=\"https:\/\/negocios.udd.cl\/beta-ceen\/files\/2022\/03\/ice-regional.jpg 433w, https:\/\/negocios.udd.cl\/beta-ceen\/files\/2022\/03\/ice-regional-300x152.jpg 300w\" \/>\t\t\t\t\t<div class=\"access-card\">\n\t\t\t\t\t\t<h3 class=\"access-card__title\">\u00cdndice de Confianza Empresarial Regional<\/h3>\n\t\t\t\t\t\t<p class=\"access-card__description\">\n\t\t\t\t\t\t\t Estos \u00edndices, son producto de una alianza del Centro de Estudios de Econom\u00eda y Negocios de la Universidad del Desarrollo en conjunto con la Universidad Aut\u00f3noma de Chile. Este instrumento mide la confianza de los empresarios en distintos sectores productivos de las regiones: Araucan\u00eda, Maule y Valpara\u00edso y sus expectativas de futuro para la econom\u00eda, lo que permite a los distintos actores locales proyectar la situaci\u00f3n econ\u00f3mica y la perspectiva general para el desarrollo de negocios y crecimiento. \t\t\t\t\t\t<\/p>\n\t\t\t\t\t\t\t\t\t\t\t\t\t\t\t\t<\/div>\n\t\t\t\t<\/div>\n\t\t\t\t\t\t<\/div>\n\t\t<\/div>\n\t<\/div>\n<\/section>\n\n\n<!-- WP Block: UDD - Cards Alternate -->\n<section class=\"wp-block-udd-access-cards\">\n\t<div class=\"container\">\n\t\t\t\t<div class=\"block__content\">\n\t\t\t<div class=\"access-cards\">\n\t\t\t\t\t\t\t<div class=\"access-card-wrapper\">\n\t\t\t\t\t<img loading=\"lazy\" decoding=\"async\" width=\"680\" height=\"382\" src=\"https:\/\/negocios.udd.cl\/beta-ceen\/files\/2021\/12\/WhatsApp-Image-2021-09-23-at-15.50.08-680x382.jpeg\" class=\"access-card__image lazyload\" alt=\"\" sizes=\"auto, (max-width: 680px) 100vw, 680px\" data-src=\"https:\/\/negocios.udd.cl\/beta-ceen\/files\/2021\/12\/WhatsApp-Image-2021-09-23-at-15.50.08-680x382.jpeg\" data-srcset=\"https:\/\/negocios.udd.cl\/beta-ceen\/files\/2021\/12\/WhatsApp-Image-2021-09-23-at-15.50.08-680x382.jpeg 680w, https:\/\/negocios.udd.cl\/beta-ceen\/files\/2021\/12\/WhatsApp-Image-2021-09-23-at-15.50.08-1366x768.jpeg 1366w, https:\/\/negocios.udd.cl\/beta-ceen\/files\/2021\/12\/WhatsApp-Image-2021-09-23-at-15.50.08-952x534.jpeg 952w\" \/>\t\t\t\t\t<div class=\"access-card\">\n\t\t\t\t\t\t<h3 class=\"access-card__title\">MISI\u00d3N<\/h3>\n\t\t\t\t\t\t<p class=\"access-card__description\">\n\t\t\t\t\t\t\t Entregar a una audiencia amplia, informaci\u00f3n y an\u00e1lisis econ\u00f3micos oportunos, en un lenguaje directo y f\u00e1cilmente comprensible, que aporten efectivamente a una toma de decisiones razonable y ajustada a la realidad y al momento econ\u00f3mico, por parte de los hogares, las empresas, las entidades financieras, los inversionistas internacionales y los diferentes organismos p\u00fablicos.  \t\t\t\t\t\t<\/p>\n\t\t\t\t\t\t\t\t\t\t\t\t\t\t\t\t<\/div>\n\t\t\t\t<\/div>\n\t\t\t\t\t\t\t<div class=\"access-card-wrapper\">\n\t\t\t\t\t<img loading=\"lazy\" decoding=\"async\" width=\"680\" height=\"382\" src=\"https:\/\/negocios.udd.cl\/beta-ceen\/files\/2021\/12\/pexels-ivan-samkov-5676678-680x382.jpg\" class=\"access-card__image lazyload\" alt=\"\" sizes=\"auto, (max-width: 680px) 100vw, 680px\" data-src=\"https:\/\/negocios.udd.cl\/beta-ceen\/files\/2021\/12\/pexels-ivan-samkov-5676678-680x382.jpg\" data-srcset=\"https:\/\/negocios.udd.cl\/beta-ceen\/files\/2021\/12\/pexels-ivan-samkov-5676678-680x382.jpg 680w, https:\/\/negocios.udd.cl\/beta-ceen\/files\/2021\/12\/pexels-ivan-samkov-5676678-1920x1080.jpg 1920w, https:\/\/negocios.udd.cl\/beta-ceen\/files\/2021\/12\/pexels-ivan-samkov-5676678-1366x768.jpg 1366w, https:\/\/negocios.udd.cl\/beta-ceen\/files\/2021\/12\/pexels-ivan-samkov-5676678-952x534.jpg 952w\" \/>\t\t\t\t\t<div class=\"access-card\">\n\t\t\t\t\t\t<h3 class=\"access-card__title\">CONVENIOS Y ALIANZAS<\/h3>\n\t\t\t\t\t\t<p class=\"access-card__description\">\n\t\t\t\t\t\t\t <strong>Alianza con Diario Financiero: <\/strong>Mensualmente se elabora el \u00cdndice de Confianza Empresarial en conjunto con Diario Financiero.<br> <strong>Alianza con Mall Plaza:<\/strong>              Mensualmente se realizan las encuestas en los Malls Plaza de Santiago, La Serena, Concepci\u00f3n y Los \u00c1ngeles, a partir de las cuales se elabora el \u00cdndice de Percepci\u00f3n de Consumidores.<br> <strong>Alianza con Diario La Tercera:<\/strong> mensualmente se elabora el \u00cdndice de Percepci\u00f3n del Consumidor en conjunto con este diario. \t\t\t\t\t\t<\/p>\n\t\t\t\t\t\t\t\t\t\t\t\t\t\t\t\t<\/div>\n\t\t\t\t<\/div>\n\t\t\t\t\t\t<\/div>\n\t\t<\/div>\n\t<\/div>\n<\/section>\n","protected":false},"excerpt":{"rendered":"","protected":false},"author":9192232,"featured_media":25,"parent":0,"menu_order":0,"comment_status":"closed","ping_status":"closed","template":"","meta":{"footnotes":""},"class_list":["post-22","page","type-page","status-publish","has-post-thumbnail","hentry"],"yoast_head":"<!-- This site is optimized with the Yoast SEO plugin v26.9 - https:\/\/yoast.com\/product\/yoast-seo-wordpress\/ -->\n<title>\u00bfQui\u00e9nes somos? - Centro de Estudios en Econom\u00eda y Negocios (CEEN)<\/title>\n<meta name=\"robots\" content=\"index, follow, max-snippet:-1, max-image-preview:large, max-video-preview:-1\" \/>\n<link rel=\"canonical\" href=\"https:\/\/negocios.udd.cl\/beta-ceen\/quienes-somos\/\" \/>\n<meta property=\"og:locale\" content=\"es_ES\" \/>\n<meta property=\"og:type\" content=\"article\" \/>\n<meta property=\"og:title\" content=\"\u00bfQui\u00e9nes somos? - Centro de Estudios en Econom\u00eda y Negocios (CEEN)\" \/>\n<meta property=\"og:url\" content=\"https:\/\/negocios.udd.cl\/beta-ceen\/quienes-somos\/\" \/>\n<meta property=\"og:site_name\" content=\"Centro de Estudios en Econom\u00eda y Negocios (CEEN)\" \/>\n<meta property=\"article:modified_time\" content=\"2022-03-15T17:50:20+00:00\" \/>\n<meta property=\"og:image\" content=\"https:\/\/negocios.udd.cl\/beta-ceen\/files\/2021\/12\/WhatsApp-Image-2021-09-23-at-15.50.08.jpeg\" \/>\n\t<meta property=\"og:image:width\" content=\"1560\" \/>\n\t<meta property=\"og:image:height\" content=\"828\" \/>\n\t<meta property=\"og:image:type\" content=\"image\/jpeg\" \/>\n<meta name=\"twitter:card\" content=\"summary_large_image\" \/>\n<meta name=\"twitter:label1\" content=\"Tiempo de lectura\" \/>\n\t<meta name=\"twitter:data1\" content=\"2 minutos\" \/>\n<script type=\"application\/ld+json\" class=\"yoast-schema-graph\">{\"@context\":\"https:\/\/schema.org\",\"@graph\":[{\"@type\":\"WebPage\",\"@id\":\"https:\/\/negocios.udd.cl\/beta-ceen\/quienes-somos\/\",\"url\":\"https:\/\/negocios.udd.cl\/beta-ceen\/quienes-somos\/\",\"name\":\"\u00bfQui\u00e9nes somos? - Centro de Estudios en Econom\u00eda y Negocios (CEEN)\",\"isPartOf\":{\"@id\":\"https:\/\/negocios.udd.cl\/beta-ceen\/#website\"},\"primaryImageOfPage\":{\"@id\":\"https:\/\/negocios.udd.cl\/beta-ceen\/quienes-somos\/#primaryimage\"},\"image\":{\"@id\":\"https:\/\/negocios.udd.cl\/beta-ceen\/quienes-somos\/#primaryimage\"},\"thumbnailUrl\":\"https:\/\/negocios.udd.cl\/beta-ceen\/files\/2021\/12\/WhatsApp-Image-2021-09-23-at-15.50.08.jpeg\",\"datePublished\":\"2022-01-28T18:24:40+00:00\",\"dateModified\":\"2022-03-15T17:50:20+00:00\",\"breadcrumb\":{\"@id\":\"https:\/\/negocios.udd.cl\/beta-ceen\/quienes-somos\/#breadcrumb\"},\"inLanguage\":\"es\",\"potentialAction\":[{\"@type\":\"ReadAction\",\"target\":[\"https:\/\/negocios.udd.cl\/beta-ceen\/quienes-somos\/\"]}]},{\"@type\":\"ImageObject\",\"inLanguage\":\"es\",\"@id\":\"https:\/\/negocios.udd.cl\/beta-ceen\/quienes-somos\/#primaryimage\",\"url\":\"https:\/\/negocios.udd.cl\/beta-ceen\/files\/2021\/12\/WhatsApp-Image-2021-09-23-at-15.50.08.jpeg\",\"contentUrl\":\"https:\/\/negocios.udd.cl\/beta-ceen\/files\/2021\/12\/WhatsApp-Image-2021-09-23-at-15.50.08.jpeg\",\"width\":1560,\"height\":828},{\"@type\":\"BreadcrumbList\",\"@id\":\"https:\/\/negocios.udd.cl\/beta-ceen\/quienes-somos\/#breadcrumb\",\"itemListElement\":[{\"@type\":\"ListItem\",\"position\":1,\"name\":\"Portada\",\"item\":\"https:\/\/negocios.udd.cl\/beta-ceen\/\"},{\"@type\":\"ListItem\",\"position\":2,\"name\":\"\u00bfQui\u00e9nes somos?\"}]},{\"@type\":\"WebSite\",\"@id\":\"https:\/\/negocios.udd.cl\/beta-ceen\/#website\",\"url\":\"https:\/\/negocios.udd.cl\/beta-ceen\/\",\"name\":\"Centro de Estudios en Econom\u00eda y Negocios (CEEN)\",\"description\":\"Facultad de Econom\u00eda y Negocios\",\"inLanguage\":\"es\"}]}<\/script>\n<!-- \/ Yoast SEO plugin. -->","yoast_head_json":{"title":"\u00bfQui\u00e9nes somos? - Centro de Estudios en Econom\u00eda y Negocios (CEEN)","robots":{"index":"index","follow":"follow","max-snippet":"max-snippet:-1","max-image-preview":"max-image-preview:large","max-video-preview":"max-video-preview:-1"},"canonical":"https:\/\/negocios.udd.cl\/beta-ceen\/quienes-somos\/","og_locale":"es_ES","og_type":"article","og_title":"\u00bfQui\u00e9nes somos? - Centro de Estudios en Econom\u00eda y Negocios (CEEN)","og_url":"https:\/\/negocios.udd.cl\/beta-ceen\/quienes-somos\/","og_site_name":"Centro de Estudios en Econom\u00eda y Negocios (CEEN)","article_modified_time":"2022-03-15T17:50:20+00:00","og_image":[{"width":1560,"height":828,"url":"https:\/\/negocios.udd.cl\/beta-ceen\/files\/2021\/12\/WhatsApp-Image-2021-09-23-at-15.50.08.jpeg","type":"image\/jpeg"}],"twitter_card":"summary_large_image","twitter_misc":{"Tiempo de lectura":"2 minutos"},"schema":{"@context":"https:\/\/schema.org","@graph":[{"@type":"WebPage","@id":"https:\/\/negocios.udd.cl\/beta-ceen\/quienes-somos\/","url":"https:\/\/negocios.udd.cl\/beta-ceen\/quienes-somos\/","name":"\u00bfQui\u00e9nes somos? - Centro de Estudios en Econom\u00eda y Negocios (CEEN)","isPartOf":{"@id":"https:\/\/negocios.udd.cl\/beta-ceen\/#website"},"primaryImageOfPage":{"@id":"https:\/\/negocios.udd.cl\/beta-ceen\/quienes-somos\/#primaryimage"},"image":{"@id":"https:\/\/negocios.udd.cl\/beta-ceen\/quienes-somos\/#primaryimage"},"thumbnailUrl":"https:\/\/negocios.udd.cl\/beta-ceen\/files\/2021\/12\/WhatsApp-Image-2021-09-23-at-15.50.08.jpeg","datePublished":"2022-01-28T18:24:40+00:00","dateModified":"2022-03-15T17:50:20+00:00","breadcrumb":{"@id":"https:\/\/negocios.udd.cl\/beta-ceen\/quienes-somos\/#breadcrumb"},"inLanguage":"es","potentialAction":[{"@type":"ReadAction","target":["https:\/\/negocios.udd.cl\/beta-ceen\/quienes-somos\/"]}]},{"@type":"ImageObject","inLanguage":"es","@id":"https:\/\/negocios.udd.cl\/beta-ceen\/quienes-somos\/#primaryimage","url":"https:\/\/negocios.udd.cl\/beta-ceen\/files\/2021\/12\/WhatsApp-Image-2021-09-23-at-15.50.08.jpeg","contentUrl":"https:\/\/negocios.udd.cl\/beta-ceen\/files\/2021\/12\/WhatsApp-Image-2021-09-23-at-15.50.08.jpeg","width":1560,"height":828},{"@type":"BreadcrumbList","@id":"https:\/\/negocios.udd.cl\/beta-ceen\/quienes-somos\/#breadcrumb","itemListElement":[{"@type":"ListItem","position":1,"name":"Portada","item":"https:\/\/negocios.udd.cl\/beta-ceen\/"},{"@type":"ListItem","position":2,"name":"\u00bfQui\u00e9nes somos?"}]},{"@type":"WebSite","@id":"https:\/\/negocios.udd.cl\/beta-ceen\/#website","url":"https:\/\/negocios.udd.cl\/beta-ceen\/","name":"Centro de Estudios en Econom\u00eda y Negocios (CEEN)","description":"Facultad de Econom\u00eda y Negocios","inLanguage":"es"}]}},"_links":{"self":[{"href":"https:\/\/negocios.udd.cl\/beta-ceen\/wp-json\/wp\/v2\/pages\/22","targetHints":{"allow":["GET"]}}],"collection":[{"href":"https:\/\/negocios.udd.cl\/beta-ceen\/wp-json\/wp\/v2\/pages"}],"about":[{"href":"https:\/\/negocios.udd.cl\/beta-ceen\/wp-json\/wp\/v2\/types\/page"}],"author":[{"embeddable":true,"href":"https:\/\/negocios.udd.cl\/beta-ceen\/wp-json\/wp\/v2\/users\/9192232"}],"replies":[{"embeddable":true,"href":"https:\/\/negocios.udd.cl\/beta-ceen\/wp-json\/wp\/v2\/comments?post=22"}],"version-history":[{"count":49,"href":"https:\/\/negocios.udd.cl\/beta-ceen\/wp-json\/wp\/v2\/pages\/22\/revisions"}],"predecessor-version":[{"id":4196,"href":"https:\/\/negocios.udd.cl\/beta-ceen\/wp-json\/wp\/v2\/pages\/22\/revisions\/4196"}],"wp:featuredmedia":[{"embeddable":true,"href":"https:\/\/negocios.udd.cl\/beta-ceen\/wp-json\/wp\/v2\/media\/25"}],"wp:attachment":[{"href":"https:\/\/negocios.udd.cl\/beta-ceen\/wp-json\/wp\/v2\/media?parent=22"}],"curies":[{"name":"wp","href":"https:\/\/api.w.org\/{rel}","templated":true}]}}