{"id":63,"date":"2021-12-23T17:09:04","date_gmt":"2021-12-23T16:09:04","guid":{"rendered":"https:\/\/negocios.udd.cl\/beta-ceen\/?page_id=63"},"modified":"2022-05-02T16:11:30","modified_gmt":"2022-05-02T14:11:30","slug":"ceen-en-la-prensa","status":"publish","type":"page","link":"https:\/\/negocios.udd.cl\/beta-ceen\/ceen-en-la-prensa\/","title":{"rendered":"CEEN en la prensa"},"content":{"rendered":"<!-- WP Block: UDD - Access Image -->\n<section class=\"wp-block-udd-access-image\n is-style-clear has-even-elements\">\n\t<div class=\"container\">\n\t\t\t\t<div class=\"block__content\">\n\t\t\t<div class=\"access-images\">\n\t\t\t\t\t\t\t<div class=\"access-image-wrapper\">\n\t\t\t\t\t<a href=\"https:\/\/negocios.udd.cl\/beta-ceen\/prensa\/d\/\" data-url=\"https:\/\/negocios.udd.cl\/beta-ceen\/prensa\/d\/\" class=\"access-image\">\n\t\t\t\t\t<img loading=\"lazy\" decoding=\"async\" width=\"680\" height=\"382\" src=\"https:\/\/negocios.udd.cl\/beta-ceen\/files\/2021\/12\/Diario_Financiero-1-e1645546510835-680x382.jpg\" class=\"access-image__image lazyload\" alt=\"\" data-src=\"https:\/\/negocios.udd.cl\/beta-ceen\/files\/2021\/12\/Diario_Financiero-1-e1645546510835-680x382.jpg\" \/>\t\t\t\t\t\t<div class=\"access-image__content\">\n\t\t\t\t\t\t\t<h3 class=\"access-image__title\">Confianza empresarial inicia a\u00f1o con el pie izquierdo: industria y construcci\u00f3n son los m\u00e1s pesimistas<\/h3>\n\t\t\t\t\t\t\t<span class=\"access-image__action\">Conocer m\u00e1s<\/span>\n\t\t\t\t\t\t<\/div>\n\t\t\t\t\t<\/a>\n\t\t\t\t<\/div>\n\t\t\t\t\t\t\t<div class=\"access-image-wrapper\">\n\t\t\t\t\t<a href=\"https:\/\/negocios.udd.cl\/beta-ceen\/prensa\/confianza-de-los-consumidores-sigue-al-alza-y-llega-en-enero-a-mayor-nivel-desde-mayo-de-2018\/\" data-url=\"https:\/\/negocios.udd.cl\/beta-ceen\/prensa\/confianza-de-los-consumidores-sigue-al-alza-y-llega-en-enero-a-mayor-nivel-desde-mayo-de-2018\/\" class=\"access-image\">\n\t\t\t\t\t<img loading=\"lazy\" decoding=\"async\" width=\"220\" height=\"105\" src=\"https:\/\/negocios.udd.cl\/beta-ceen\/files\/2022\/02\/admin-ajax-e1645546761880.jpg\" class=\"access-image__image lazyload\" alt=\"\" data-src=\"https:\/\/negocios.udd.cl\/beta-ceen\/files\/2022\/02\/admin-ajax-e1645546761880.jpg\" \/>\t\t\t\t\t\t<div class=\"access-image__content\">\n\t\t\t\t\t\t\t<h3 class=\"access-image__title\">Confianza de los consumidores sigue al alza y llega en enero a mayor nivel desde mayo de 2018<\/h3>\n\t\t\t\t\t\t\t<span class=\"access-image__action\">Conocer m\u00e1s<\/span>\n\t\t\t\t\t\t<\/div>\n\t\t\t\t\t<\/a>\n\t\t\t\t<\/div>\n\t\t\t\t\t\t\t<div class=\"access-image-wrapper\">\n\t\t\t\t\t<a href=\"https:\/\/negocios.udd.cl\/beta-ceen\/prensa\/confianza-de-los-emprendedores-cierra-el-2021-en-nivel-negativo\/\" data-url=\"https:\/\/negocios.udd.cl\/beta-ceen\/prensa\/confianza-de-los-emprendedores-cierra-el-2021-en-nivel-negativo\/\" class=\"access-image\">\n\t\t\t\t\t<img loading=\"lazy\" decoding=\"async\" width=\"612\" height=\"369\" src=\"https:\/\/negocios.udd.cl\/beta-ceen\/files\/2022\/02\/el-mercurio-1.jpeg\" class=\"access-image__image lazyload\" alt=\"\" sizes=\"auto, (max-width: 612px) 100vw, 612px\" data-src=\"https:\/\/negocios.udd.cl\/beta-ceen\/files\/2022\/02\/el-mercurio-1.jpeg\" data-srcset=\"https:\/\/negocios.udd.cl\/beta-ceen\/files\/2022\/02\/el-mercurio-1.jpeg 612w, https:\/\/negocios.udd.cl\/beta-ceen\/files\/2022\/02\/el-mercurio-1-300x181.jpeg 300w\" \/>\t\t\t\t\t\t<div class=\"access-image__content\">\n\t\t\t\t\t\t\t<h3 class=\"access-image__title\">Confianza de los emprendedores cierra el 2021 en nivel negativo<\/h3>\n\t\t\t\t\t\t\t<span class=\"access-image__action\">Conocer m\u00e1s<\/span>\n\t\t\t\t\t\t<\/div>\n\t\t\t\t\t<\/a>\n\t\t\t\t<\/div>\n\t\t\t\t\t\t\t<div class=\"access-image-wrapper\">\n\t\t\t\t\t<a href=\"https:\/\/negocios.udd.cl\/beta-ceen\/prensa\/un-dispar-abril-en-el-mundo-empresarial-el-comercio-perdio-el-optimismo-y-rubro-financiero-lo-recupero-2\/\" data-url=\"https:\/\/negocios.udd.cl\/beta-ceen\/prensa\/un-dispar-abril-en-el-mundo-empresarial-el-comercio-perdio-el-optimismo-y-rubro-financiero-lo-recupero-2\/\" class=\"access-image\">\n\t\t\t\t\t<img loading=\"lazy\" decoding=\"async\" width=\"680\" height=\"382\" src=\"https:\/\/negocios.udd.cl\/beta-ceen\/files\/2022\/02\/Diario_Financiero-1-680x382.jpg\" class=\"access-image__image lazyload\" alt=\"\" sizes=\"auto, (max-width: 680px) 100vw, 680px\" data-src=\"https:\/\/negocios.udd.cl\/beta-ceen\/files\/2022\/02\/Diario_Financiero-1-680x382.jpg\" data-srcset=\"https:\/\/negocios.udd.cl\/beta-ceen\/files\/2022\/02\/Diario_Financiero-1-680x382.jpg 680w, https:\/\/negocios.udd.cl\/beta-ceen\/files\/2022\/02\/Diario_Financiero-1-952x534.jpg 952w\" \/>\t\t\t\t\t\t<div class=\"access-image__content\">\n\t\t\t\t\t\t\t<h3 class=\"access-image__title\">Un dispar abril en el mundo empresarial: el comercio perdi\u00f3 el optimismo y rubro financiero lo recuper\u00f3<\/h3>\n\t\t\t\t\t\t\t<span class=\"access-image__action\">Conocer m\u00e1s<\/span>\n\t\t\t\t\t\t<\/div>\n\t\t\t\t\t<\/a>\n\t\t\t\t<\/div>\n\t\t\t\t\t<\/div>\n\t<\/div>\n<\/section>\n","protected":false},"excerpt":{"rendered":"","protected":false},"author":9192232,"featured_media":0,"parent":0,"menu_order":0,"comment_status":"closed","ping_status":"closed","template":"","meta":{"footnotes":""},"class_list":["post-63","page","type-page","status-publish","hentry"],"yoast_head":"<!-- This site is optimized with the Yoast SEO plugin v26.9 - https:\/\/yoast.com\/product\/yoast-seo-wordpress\/ -->\n<title>CEEN en la prensa - Centro de Estudios en Econom\u00eda y Negocios (CEEN)<\/title>\n<meta name=\"robots\" content=\"index, follow, max-snippet:-1, max-image-preview:large, max-video-preview:-1\" \/>\n<link rel=\"canonical\" href=\"https:\/\/negocios.udd.cl\/beta-ceen\/ceen-en-la-prensa\/\" \/>\n<meta property=\"og:locale\" content=\"es_ES\" \/>\n<meta property=\"og:type\" content=\"article\" \/>\n<meta property=\"og:title\" content=\"CEEN en la prensa - Centro de Estudios en Econom\u00eda y Negocios (CEEN)\" \/>\n<meta property=\"og:url\" content=\"https:\/\/negocios.udd.cl\/beta-ceen\/ceen-en-la-prensa\/\" \/>\n<meta property=\"og:site_name\" content=\"Centro de Estudios en Econom\u00eda y Negocios (CEEN)\" \/>\n<meta property=\"article:modified_time\" content=\"2022-05-02T14:11:30+00:00\" \/>\n<meta name=\"twitter:card\" content=\"summary_large_image\" \/>\n<script type=\"application\/ld+json\" class=\"yoast-schema-graph\">{\"@context\":\"https:\/\/schema.org\",\"@graph\":[{\"@type\":\"WebPage\",\"@id\":\"https:\/\/negocios.udd.cl\/beta-ceen\/ceen-en-la-prensa\/\",\"url\":\"https:\/\/negocios.udd.cl\/beta-ceen\/ceen-en-la-prensa\/\",\"name\":\"CEEN en la prensa - Centro de Estudios en Econom\u00eda y Negocios (CEEN)\",\"isPartOf\":{\"@id\":\"https:\/\/negocios.udd.cl\/beta-ceen\/#website\"},\"datePublished\":\"2021-12-23T16:09:04+00:00\",\"dateModified\":\"2022-05-02T14:11:30+00:00\",\"breadcrumb\":{\"@id\":\"https:\/\/negocios.udd.cl\/beta-ceen\/ceen-en-la-prensa\/#breadcrumb\"},\"inLanguage\":\"es\",\"potentialAction\":[{\"@type\":\"ReadAction\",\"target\":[\"https:\/\/negocios.udd.cl\/beta-ceen\/ceen-en-la-prensa\/\"]}]},{\"@type\":\"BreadcrumbList\",\"@id\":\"https:\/\/negocios.udd.cl\/beta-ceen\/ceen-en-la-prensa\/#breadcrumb\",\"itemListElement\":[{\"@type\":\"ListItem\",\"position\":1,\"name\":\"Portada\",\"item\":\"https:\/\/negocios.udd.cl\/beta-ceen\/\"},{\"@type\":\"ListItem\",\"position\":2,\"name\":\"CEEN en la prensa\"}]},{\"@type\":\"WebSite\",\"@id\":\"https:\/\/negocios.udd.cl\/beta-ceen\/#website\",\"url\":\"https:\/\/negocios.udd.cl\/beta-ceen\/\",\"name\":\"Centro de Estudios en Econom\u00eda y Negocios (CEEN)\",\"description\":\"Facultad de Econom\u00eda y Negocios\",\"inLanguage\":\"es\"}]}<\/script>\n<!-- \/ Yoast SEO plugin. -->","yoast_head_json":{"title":"CEEN en la prensa - Centro de Estudios en Econom\u00eda y Negocios (CEEN)","robots":{"index":"index","follow":"follow","max-snippet":"max-snippet:-1","max-image-preview":"max-image-preview:large","max-video-preview":"max-video-preview:-1"},"canonical":"https:\/\/negocios.udd.cl\/beta-ceen\/ceen-en-la-prensa\/","og_locale":"es_ES","og_type":"article","og_title":"CEEN en la prensa - Centro de Estudios en Econom\u00eda y Negocios (CEEN)","og_url":"https:\/\/negocios.udd.cl\/beta-ceen\/ceen-en-la-prensa\/","og_site_name":"Centro de Estudios en Econom\u00eda y Negocios (CEEN)","article_modified_time":"2022-05-02T14:11:30+00:00","twitter_card":"summary_large_image","schema":{"@context":"https:\/\/schema.org","@graph":[{"@type":"WebPage","@id":"https:\/\/negocios.udd.cl\/beta-ceen\/ceen-en-la-prensa\/","url":"https:\/\/negocios.udd.cl\/beta-ceen\/ceen-en-la-prensa\/","name":"CEEN en la prensa - Centro de Estudios en Econom\u00eda y Negocios (CEEN)","isPartOf":{"@id":"https:\/\/negocios.udd.cl\/beta-ceen\/#website"},"datePublished":"2021-12-23T16:09:04+00:00","dateModified":"2022-05-02T14:11:30+00:00","breadcrumb":{"@id":"https:\/\/negocios.udd.cl\/beta-ceen\/ceen-en-la-prensa\/#breadcrumb"},"inLanguage":"es","potentialAction":[{"@type":"ReadAction","target":["https:\/\/negocios.udd.cl\/beta-ceen\/ceen-en-la-prensa\/"]}]},{"@type":"BreadcrumbList","@id":"https:\/\/negocios.udd.cl\/beta-ceen\/ceen-en-la-prensa\/#breadcrumb","itemListElement":[{"@type":"ListItem","position":1,"name":"Portada","item":"https:\/\/negocios.udd.cl\/beta-ceen\/"},{"@type":"ListItem","position":2,"name":"CEEN en la prensa"}]},{"@type":"WebSite","@id":"https:\/\/negocios.udd.cl\/beta-ceen\/#website","url":"https:\/\/negocios.udd.cl\/beta-ceen\/","name":"Centro de Estudios en Econom\u00eda y Negocios (CEEN)","description":"Facultad de Econom\u00eda y Negocios","inLanguage":"es"}]}},"_links":{"self":[{"href":"https:\/\/negocios.udd.cl\/beta-ceen\/wp-json\/wp\/v2\/pages\/63","targetHints":{"allow":["GET"]}}],"collection":[{"href":"https:\/\/negocios.udd.cl\/beta-ceen\/wp-json\/wp\/v2\/pages"}],"about":[{"href":"https:\/\/negocios.udd.cl\/beta-ceen\/wp-json\/wp\/v2\/types\/page"}],"author":[{"embeddable":true,"href":"https:\/\/negocios.udd.cl\/beta-ceen\/wp-json\/wp\/v2\/users\/9192232"}],"replies":[{"embeddable":true,"href":"https:\/\/negocios.udd.cl\/beta-ceen\/wp-json\/wp\/v2\/comments?post=63"}],"version-history":[{"count":23,"href":"https:\/\/negocios.udd.cl\/beta-ceen\/wp-json\/wp\/v2\/pages\/63\/revisions"}],"predecessor-version":[{"id":4229,"href":"https:\/\/negocios.udd.cl\/beta-ceen\/wp-json\/wp\/v2\/pages\/63\/revisions\/4229"}],"wp:attachment":[{"href":"https:\/\/negocios.udd.cl\/beta-ceen\/wp-json\/wp\/v2\/media?parent=63"}],"curies":[{"name":"wp","href":"https:\/\/api.w.org\/{rel}","templated":true}]}}