{"id":33,"date":"2023-05-29T16:54:32","date_gmt":"2023-05-29T16:54:32","guid":{"rendered":"https:\/\/negocios.udd.cl\/cies\/?page_id=33"},"modified":"2024-03-21T14:47:21","modified_gmt":"2024-03-21T17:47:21","slug":"equipo","status":"publish","type":"page","link":"https:\/\/negocios.udd.cl\/cies\/equipo\/","title":{"rendered":"\u00bfQui\u00e9nes somos?"},"content":{"rendered":"<section\n\tclass=\"wp-block-udd-text-row block--bg-gray\"\n\t\t>\n\t<div class=\"text-row\">\n\t\t<div class=\"text-row__content\">\n\t\t\t<div class=\"text-row__content-inner text\">\n\t\t\t\t\t\t\t\t\n<p>Hacerse presente en el gran debate nacional sobre el futuro es el prop\u00f3sito del <strong>Centro de Empresa y Sociedad de la UDD<\/strong>. <\/p>\n\n<p>Este centro n o nace para encerrar sus actividades entre cuatro paredes, sino para participar en un di\u00e1logo imprescindible para Chile que nos involucra a todos y que debe ser accesible para todos.<\/p>\n\t\t\t<\/div>\n\t\t<\/div>\n\t\t<div class=\"text-row__media\">\n\t\t\t<img loading=\"lazy\" decoding=\"async\" width=\"780\" height=\"330\" src=\"https:\/\/negocios.udd.cl\/cies\/files\/2024\/03\/quienes-somos.png\" class=\"text-row__media-image lazyload\" alt=\"\" sizes=\"auto, (max-width: 780px) 100vw, 780px\" data-src=\"https:\/\/negocios.udd.cl\/cies\/files\/2024\/03\/quienes-somos.png\" data-srcset=\"https:\/\/negocios.udd.cl\/cies\/files\/2024\/03\/quienes-somos.png 780w, https:\/\/negocios.udd.cl\/cies\/files\/2024\/03\/quienes-somos-300x127.png 300w, https:\/\/negocios.udd.cl\/cies\/files\/2024\/03\/quienes-somos-768x325.png 768w\" \/>\t\t<\/div>\n\t<\/div>\n<\/section>\n\n\n<!-- WP Block: UDD - People -->\n<section class=\"wp-block-udd-people is-style-clear--with-image\">\n\t<div class=\"container\">\n\t\t\t\t<header class=\"block__header\">\n\t\t\t\t\t\t\t\n<h2 class=\"wp-block-heading\">Equipo<\/h2>\n\t\t\t\t\t\t\t\t<\/header>\n\t\t\t\t<div class=\"people-cards\">\n\t\t\t\t\t<div class=\"person-card\">\n\t<a href=\"https:\/\/negocios.udd.cl\/cies\/persona\/victor-martinez\/\"\n\t\tclass=\"person-card__inner js-person-modal\"\n\t\tdata-post-id=\"40909\"\n\t\tdata-postid=\"40909\"\n\t>\n\t\t\t<div class=\"person-card__media\">\n\t\t\t<img loading=\"lazy\" decoding=\"async\" width=\"500\" height=\"500\" src=\"https:\/\/negocios.udd.cl\/cies\/files\/2022\/05\/vm-2-scaled-1-e1697829411847-62x62.jpg\" class=\"person-card__image wp-post-image lazyload\" alt=\"\" sizes=\"auto, (max-width: 500px) 100vw, 500px\" data-src=\"https:\/\/negocios.udd.cl\/cies\/files\/2022\/05\/vm-2-scaled-1-e1697829411847-500x500.jpg\" data-srcset=\"https:\/\/negocios.udd.cl\/cies\/files\/2022\/05\/vm-2-scaled-1-e1697829411847-500x500.jpg 500w, https:\/\/negocios.udd.cl\/cies\/files\/2022\/05\/vm-2-scaled-1-e1697829411847-150x150.jpg 150w, https:\/\/negocios.udd.cl\/cies\/files\/2022\/05\/vm-2-scaled-1-e1697829411847-62x62.jpg 62w, https:\/\/negocios.udd.cl\/cies\/files\/2022\/05\/vm-2-scaled-1-e1697829411847-750x750.jpg 750w, https:\/\/negocios.udd.cl\/cies\/files\/2022\/05\/vm-2-scaled-1-e1697829411847-250x250.jpg 250w, https:\/\/negocios.udd.cl\/cies\/files\/2022\/05\/vm-2-scaled-1-e1697829411847-126x126.jpg 126w\" \/>\t\t<\/div>\n\t\t\t<div class=\"person-card__content\">\n\t\t\t<h3 class=\"person-card__name\">V\u00edctor Mart\u00ednez<\/h3>\n\t\t\t\t\t<span class=\"person-card__description\">Director Ejecutivo CIES UDD<\/span>\n\t\t\t\t\t<span class=\"person-card__cta\">Ver perfil<\/span>\n\t\t<\/div>\n\t<\/a>\n<\/div>\n\t\t\t\t\t<div class=\"person-card\">\n\t<a href=\"https:\/\/negocios.udd.cl\/cies\/persona\/hernan-cheyre\/\"\n\t\tclass=\"person-card__inner js-person-modal\"\n\t\tdata-post-id=\"30032\"\n\t\tdata-postid=\"30032\"\n\t>\n\t\t\t<div class=\"person-card__media\">\n\t\t\t<img loading=\"lazy\" decoding=\"async\" width=\"500\" height=\"500\" src=\"https:\/\/negocios.udd.cl\/cies\/files\/2023\/05\/1dsc_0391-500x500-1-62x62.jpg\" class=\"person-card__image wp-post-image lazyload\" alt=\"\" sizes=\"auto, (max-width: 500px) 100vw, 500px\" data-src=\"https:\/\/negocios.udd.cl\/cies\/files\/2023\/05\/1dsc_0391-500x500-1-500x500.jpg\" data-srcset=\"https:\/\/negocios.udd.cl\/cies\/files\/2023\/05\/1dsc_0391-500x500-1.jpg 500w, https:\/\/negocios.udd.cl\/cies\/files\/2023\/05\/1dsc_0391-500x500-1-300x300.jpg 300w, https:\/\/negocios.udd.cl\/cies\/files\/2023\/05\/1dsc_0391-500x500-1-150x150.jpg 150w, https:\/\/negocios.udd.cl\/cies\/files\/2023\/05\/1dsc_0391-500x500-1-62x62.jpg 62w, https:\/\/negocios.udd.cl\/cies\/files\/2023\/05\/1dsc_0391-500x500-1-250x250.jpg 250w, https:\/\/negocios.udd.cl\/cies\/files\/2023\/05\/1dsc_0391-500x500-1-126x126.jpg 126w\" \/>\t\t<\/div>\n\t\t\t<div class=\"person-card__content\">\n\t\t\t<h3 class=\"person-card__name\">Hern\u00e1n Cheyre<\/h3>\n\t\t\t\t\t<span class=\"person-card__description\">Presidente del Consejo CIES UDD<\/span>\n\t\t\t\t\t<span class=\"person-card__cta\">Ver perfil<\/span>\n\t\t<\/div>\n\t<\/a>\n<\/div>\n\t\t\t\t\t<div class=\"person-card\">\n\t<a href=\"https:\/\/negocios.udd.cl\/cies\/persona\/vesna-mandakovic\/\"\n\t\tclass=\"person-card__inner js-person-modal\"\n\t\tdata-post-id=\"25390\"\n\t\tdata-postid=\"25390\"\n\t>\n\t\t\t<div class=\"person-card__media\">\n\t\t\t<img loading=\"lazy\" decoding=\"async\" width=\"500\" height=\"500\" src=\"https:\/\/negocios.udd.cl\/cies\/files\/2018\/11\/1dsc_0319-62x62.jpg\" class=\"person-card__image wp-post-image lazyload\" alt=\"\" sizes=\"auto, (max-width: 500px) 100vw, 500px\" data-src=\"https:\/\/negocios.udd.cl\/cies\/files\/2018\/11\/1dsc_0319-500x500.jpg\" data-srcset=\"https:\/\/negocios.udd.cl\/cies\/files\/2018\/11\/1dsc_0319-500x500.jpg 500w, https:\/\/negocios.udd.cl\/cies\/files\/2018\/11\/1dsc_0319-150x150.jpg 150w, https:\/\/negocios.udd.cl\/cies\/files\/2018\/11\/1dsc_0319-62x62.jpg 62w, https:\/\/negocios.udd.cl\/cies\/files\/2018\/11\/1dsc_0319-750x750.jpg 750w, https:\/\/negocios.udd.cl\/cies\/files\/2018\/11\/1dsc_0319-250x250.jpg 250w, https:\/\/negocios.udd.cl\/cies\/files\/2018\/11\/1dsc_0319-126x126.jpg 126w\" \/>\t\t<\/div>\n\t\t\t<div class=\"person-card__content\">\n\t\t\t<h3 class=\"person-card__name\">Vesna Mandakovic<\/h3>\n\t\t\t\t\t<span class=\"person-card__description\">Consejera CIES UDD | Ph.D. en Econom\u00eda, PUC<\/span>\n\t\t\t\t\t<span class=\"person-card__cta\">Ver perfil<\/span>\n\t\t<\/div>\n\t<\/a>\n<\/div>\n\t\t\t\t\t<div class=\"person-card\">\n\t<a href=\"https:\/\/negocios.udd.cl\/cies\/persona\/klaus-schmidt-hebbel\/\"\n\t\tclass=\"person-card__inner js-person-modal\"\n\t\tdata-post-id=\"26487\"\n\t\tdata-postid=\"26487\"\n\t>\n\t\t\t<div class=\"person-card__media\">\n\t\t\t<img loading=\"lazy\" decoding=\"async\" width=\"500\" height=\"500\" src=\"https:\/\/negocios.udd.cl\/cies\/files\/2019\/03\/1dsc_8923_-62x62.jpg\" class=\"person-card__image wp-post-image lazyload\" alt=\"\" sizes=\"auto, (max-width: 500px) 100vw, 500px\" data-src=\"https:\/\/negocios.udd.cl\/cies\/files\/2019\/03\/1dsc_8923_-500x500.jpg\" data-srcset=\"https:\/\/negocios.udd.cl\/cies\/files\/2019\/03\/1dsc_8923_-500x500.jpg 500w, https:\/\/negocios.udd.cl\/cies\/files\/2019\/03\/1dsc_8923_-300x300.jpg 300w, https:\/\/negocios.udd.cl\/cies\/files\/2019\/03\/1dsc_8923_-150x150.jpg 150w, https:\/\/negocios.udd.cl\/cies\/files\/2019\/03\/1dsc_8923_-62x62.jpg 62w, https:\/\/negocios.udd.cl\/cies\/files\/2019\/03\/1dsc_8923_-750x750.jpg 750w, https:\/\/negocios.udd.cl\/cies\/files\/2019\/03\/1dsc_8923_-250x250.jpg 250w, https:\/\/negocios.udd.cl\/cies\/files\/2019\/03\/1dsc_8923_-126x126.jpg 126w\" \/>\t\t<\/div>\n\t\t\t<div class=\"person-card__content\">\n\t\t\t<h3 class=\"person-card__name\">Klaus  Schmidt \u2013 Hebbel<\/h3>\n\t\t\t\t\t<span class=\"person-card__description\">Profesor Investigador CIES | Ph.D. del Instituto Tecnol\u00f3gico de Massachusetts (MIT)<\/span>\n\t\t\t\t\t<span class=\"person-card__cta\">Ver perfil<\/span>\n\t\t<\/div>\n\t<\/a>\n<\/div>\n\t\t\t\t\t<div class=\"person-card\">\n\t<a href=\"https:\/\/negocios.udd.cl\/cies\/persona\/cristian-larroulet\/\"\n\t\tclass=\"person-card__inner js-person-modal\"\n\t\tdata-post-id=\"41944\"\n\t\tdata-postid=\"41944\"\n\t>\n\t\t\t<div class=\"person-card__media\">\n\t\t\t<img loading=\"lazy\" decoding=\"async\" width=\"346\" height=\"346\" src=\"https:\/\/negocios.udd.cl\/cies\/files\/2022\/07\/larroulet-web-3-62x62.jpg\" class=\"person-card__image wp-post-image lazyload\" alt=\"\" sizes=\"auto, (max-width: 346px) 100vw, 346px\" data-src=\"https:\/\/negocios.udd.cl\/cies\/files\/2022\/07\/larroulet-web-3.jpg\" data-srcset=\"https:\/\/negocios.udd.cl\/cies\/files\/2022\/07\/larroulet-web-3.jpg 346w, https:\/\/negocios.udd.cl\/cies\/files\/2022\/07\/larroulet-web-3-300x300.jpg 300w, https:\/\/negocios.udd.cl\/cies\/files\/2022\/07\/larroulet-web-3-150x150.jpg 150w, https:\/\/negocios.udd.cl\/cies\/files\/2022\/07\/larroulet-web-3-62x62.jpg 62w, https:\/\/negocios.udd.cl\/cies\/files\/2022\/07\/larroulet-web-3-250x250.jpg 250w, https:\/\/negocios.udd.cl\/cies\/files\/2022\/07\/larroulet-web-3-126x126.jpg 126w\" \/>\t\t<\/div>\n\t\t\t<div class=\"person-card__content\">\n\t\t\t<h3 class=\"person-card__name\">Cristi\u00e1n Larroulet Vignau<\/h3>\n\t\t\t\t\t<span class=\"person-card__description\">Profesor e investigador FEN UDD | Master en Econom\u00eda, Universidad de Chicago<\/span>\n\t\t\t\t\t<span class=\"person-card__cta\">Ver perfil<\/span>\n\t\t<\/div>\n\t<\/a>\n<\/div>\n\t\t\t\t\t<div class=\"person-card\">\n\t<a href=\"https:\/\/negocios.udd.cl\/cies\/persona\/flavia-cardoso\/\"\n\t\tclass=\"person-card__inner js-person-modal\"\n\t\tdata-post-id=\"39476\"\n\t\tdata-postid=\"39476\"\n\t>\n\t\t\t<div class=\"person-card__media\">\n\t\t\t<img loading=\"lazy\" decoding=\"async\" width=\"500\" height=\"500\" src=\"https:\/\/negocios.udd.cl\/cies\/files\/2022\/03\/flvia-bn-2-62x62.jpg\" class=\"person-card__image wp-post-image lazyload\" alt=\"\" sizes=\"auto, (max-width: 500px) 100vw, 500px\" data-src=\"https:\/\/negocios.udd.cl\/cies\/files\/2022\/03\/flvia-bn-2-500x500.jpg\" data-srcset=\"https:\/\/negocios.udd.cl\/cies\/files\/2022\/03\/flvia-bn-2-500x500.jpg 500w, https:\/\/negocios.udd.cl\/cies\/files\/2022\/03\/flvia-bn-2-300x300.jpg 300w, https:\/\/negocios.udd.cl\/cies\/files\/2022\/03\/flvia-bn-2-150x150.jpg 150w, https:\/\/negocios.udd.cl\/cies\/files\/2022\/03\/flvia-bn-2-62x62.jpg 62w, https:\/\/negocios.udd.cl\/cies\/files\/2022\/03\/flvia-bn-2-750x750.jpg 750w, https:\/\/negocios.udd.cl\/cies\/files\/2022\/03\/flvia-bn-2-250x250.jpg 250w, https:\/\/negocios.udd.cl\/cies\/files\/2022\/03\/flvia-bn-2-126x126.jpg 126w\" \/>\t\t<\/div>\n\t\t\t<div class=\"person-card__content\">\n\t\t\t<h3 class=\"person-card__name\">Flavia Cardoso<\/h3>\n\t\t\t\t\t<span class=\"person-card__description\">Profesora e Investigadora | Ph.D. Marketing, Retailing, Experiential Marketing and Consumer Culture, Universit\u00e9 Panth\u00e9on Sorbonne<\/span>\n\t\t\t\t\t<span class=\"person-card__cta\">Ver perfil<\/span>\n\t\t<\/div>\n\t<\/a>\n<\/div>\n\t\t\t\t\t<div class=\"person-card\">\n\t<a href=\"https:\/\/negocios.udd.cl\/cies\/persona\/carlos-smith-c\/\"\n\t\tclass=\"person-card__inner js-person-modal\"\n\t\tdata-post-id=\"43947\"\n\t\tdata-postid=\"43947\"\n\t>\n\t\t\t<div class=\"person-card__media\">\n\t\t\t<img loading=\"lazy\" decoding=\"async\" width=\"500\" height=\"500\" src=\"https:\/\/negocios.udd.cl\/cies\/files\/2024\/01\/dsc1511-62x62.jpg\" class=\"person-card__image wp-post-image lazyload\" alt=\"\" sizes=\"auto, (max-width: 500px) 100vw, 500px\" data-src=\"https:\/\/negocios.udd.cl\/cies\/files\/2024\/01\/dsc1511-500x500.jpg\" data-srcset=\"https:\/\/negocios.udd.cl\/cies\/files\/2024\/01\/dsc1511-500x500.jpg 500w, https:\/\/negocios.udd.cl\/cies\/files\/2024\/01\/dsc1511-150x150.jpg 150w, https:\/\/negocios.udd.cl\/cies\/files\/2024\/01\/dsc1511-62x62.jpg 62w, https:\/\/negocios.udd.cl\/cies\/files\/2024\/01\/dsc1511-750x750.jpg 750w, https:\/\/negocios.udd.cl\/cies\/files\/2024\/01\/dsc1511-250x250.jpg 250w, https:\/\/negocios.udd.cl\/cies\/files\/2024\/01\/dsc1511-126x126.jpg 126w\" \/>\t\t<\/div>\n\t\t\t<div class=\"person-card__content\">\n\t\t\t<h3 class=\"person-card__name\">Carlos Smith C.<\/h3>\n\t\t\t\t\t<span class=\"person-card__description\">Profesor e investigador FEN UDD | Mag\u00edster en Econom\u00eda Aplicada a Pol\u00edticas P\u00fablicas, Universidad Alberto Hurtado<\/span>\n\t\t\t\t\t<span class=\"person-card__cta\">Ver perfil<\/span>\n\t\t<\/div>\n\t<\/a>\n<\/div>\n\t\t\t\t\t<div class=\"person-card\">\n\t<a href=\"https:\/\/negocios.udd.cl\/cies\/persona\/florencia-gabrielli\/\"\n\t\tclass=\"person-card__inner js-person-modal\"\n\t\tdata-post-id=\"43962\"\n\t\tdata-postid=\"43962\"\n\t>\n\t\t\t<div class=\"person-card__media\">\n\t\t\t<img loading=\"lazy\" decoding=\"async\" width=\"500\" height=\"500\" src=\"https:\/\/negocios.udd.cl\/cies\/files\/2024\/01\/flor-gabrielli-1-62x62.jpg\" class=\"person-card__image wp-post-image lazyload\" alt=\"\" sizes=\"auto, (max-width: 500px) 100vw, 500px\" data-src=\"https:\/\/negocios.udd.cl\/cies\/files\/2024\/01\/flor-gabrielli-1-500x500.jpg\" data-srcset=\"https:\/\/negocios.udd.cl\/cies\/files\/2024\/01\/flor-gabrielli-1-500x500.jpg 500w, https:\/\/negocios.udd.cl\/cies\/files\/2024\/01\/flor-gabrielli-1-300x300.jpg 300w, https:\/\/negocios.udd.cl\/cies\/files\/2024\/01\/flor-gabrielli-1-1024x1024.jpg 1024w, https:\/\/negocios.udd.cl\/cies\/files\/2024\/01\/flor-gabrielli-1-150x150.jpg 150w, https:\/\/negocios.udd.cl\/cies\/files\/2024\/01\/flor-gabrielli-1-768x768.jpg 768w, https:\/\/negocios.udd.cl\/cies\/files\/2024\/01\/flor-gabrielli-1-62x62.jpg 62w, https:\/\/negocios.udd.cl\/cies\/files\/2024\/01\/flor-gabrielli-1-750x750.jpg 750w, https:\/\/negocios.udd.cl\/cies\/files\/2024\/01\/flor-gabrielli-1-250x250.jpg 250w, https:\/\/negocios.udd.cl\/cies\/files\/2024\/01\/flor-gabrielli-1-126x126.jpg 126w, https:\/\/negocios.udd.cl\/cies\/files\/2024\/01\/flor-gabrielli-1.jpg 1280w\" \/>\t\t<\/div>\n\t\t\t<div class=\"person-card__content\">\n\t\t\t<h3 class=\"person-card__name\">M. Florencia Gabrielli<\/h3>\n\t\t\t\t\t<span class=\"person-card__description\">Profesora e Investigadora FEN UDD | Ph.D. in Economics, The Pennsylvania State University, USA<\/span>\n\t\t\t\t\t<span class=\"person-card__cta\">Ver perfil<\/span>\n\t\t<\/div>\n\t<\/a>\n<\/div>\n\t\t\t\t\t<div class=\"person-card\">\n\t<a href=\"https:\/\/negocios.udd.cl\/cies\/persona\/jorge-fantuzzi\/\"\n\t\tclass=\"person-card__inner js-person-modal\"\n\t\tdata-post-id=\"44697\"\n\t\tdata-postid=\"44697\"\n\t>\n\t\t\t<div class=\"person-card__media\">\n\t\t\t<img loading=\"lazy\" decoding=\"async\" width=\"500\" height=\"500\" src=\"https:\/\/negocios.udd.cl\/cies\/files\/2024\/04\/fantuzzi-2-62x62.jpg\" class=\"person-card__image wp-post-image lazyload\" alt=\"\" sizes=\"auto, (max-width: 500px) 100vw, 500px\" data-src=\"https:\/\/negocios.udd.cl\/cies\/files\/2024\/04\/fantuzzi-2-500x500.jpg\" data-srcset=\"https:\/\/negocios.udd.cl\/cies\/files\/2024\/04\/fantuzzi-2-500x500.jpg 500w, https:\/\/negocios.udd.cl\/cies\/files\/2024\/04\/fantuzzi-2-150x150.jpg 150w, https:\/\/negocios.udd.cl\/cies\/files\/2024\/04\/fantuzzi-2-62x62.jpg 62w, https:\/\/negocios.udd.cl\/cies\/files\/2024\/04\/fantuzzi-2-750x750.jpg 750w, https:\/\/negocios.udd.cl\/cies\/files\/2024\/04\/fantuzzi-2-250x250.jpg 250w, https:\/\/negocios.udd.cl\/cies\/files\/2024\/04\/fantuzzi-2-126x126.jpg 126w\" \/>\t\t<\/div>\n\t\t\t<div class=\"person-card__content\">\n\t\t\t<h3 class=\"person-card__name\">Jorge Fantuzzi<\/h3>\n\t\t\t\t\t<span class=\"person-card__description\">Investigador adjunto<\/span>\n\t\t\t\t\t<span class=\"person-card__cta\">Ver perfil<\/span>\n\t\t<\/div>\n\t<\/a>\n<\/div>\n\t\t\t\t<\/div>\n\t<\/div>\n<\/section>\n","protected":false},"excerpt":{"rendered":"","protected":false},"author":9192203,"featured_media":0,"parent":0,"menu_order":0,"comment_status":"closed","ping_status":"closed","template":"","meta":{"footnotes":""},"class_list":["post-33","page","type-page","status-publish","hentry"],"yoast_head":"<!-- This site is optimized with the Yoast SEO plugin v26.9 - https:\/\/yoast.com\/product\/yoast-seo-wordpress\/ -->\n<title>\u00bfQui\u00e9nes somos? - CIES FEN UDD<\/title>\n<meta name=\"robots\" content=\"index, follow, max-snippet:-1, max-image-preview:large, max-video-preview:-1\" \/>\n<link rel=\"canonical\" href=\"https:\/\/negocios.udd.cl\/cies\/equipo\/\" \/>\n<meta property=\"og:locale\" content=\"es_ES\" \/>\n<meta property=\"og:type\" content=\"article\" \/>\n<meta property=\"og:title\" content=\"\u00bfQui\u00e9nes somos? - CIES FEN UDD\" \/>\n<meta property=\"og:url\" content=\"https:\/\/negocios.udd.cl\/cies\/equipo\/\" \/>\n<meta property=\"og:site_name\" content=\"CIES FEN UDD\" \/>\n<meta property=\"article:modified_time\" content=\"2024-03-21T17:47:21+00:00\" \/>\n<meta property=\"og:image\" content=\"https:\/\/negocios.udd.cl\/cies\/files\/2024\/03\/quienes-somos.png\" \/>\n<meta name=\"twitter:card\" content=\"summary_large_image\" \/>\n<meta name=\"twitter:label1\" content=\"Tiempo de lectura\" \/>\n\t<meta name=\"twitter:data1\" content=\"1 minuto\" \/>\n<script type=\"application\/ld+json\" class=\"yoast-schema-graph\">{\"@context\":\"https:\/\/schema.org\",\"@graph\":[{\"@type\":\"WebPage\",\"@id\":\"https:\/\/negocios.udd.cl\/cies\/equipo\/\",\"url\":\"https:\/\/negocios.udd.cl\/cies\/equipo\/\",\"name\":\"\u00bfQui\u00e9nes somos? - CIES FEN UDD\",\"isPartOf\":{\"@id\":\"https:\/\/negocios.udd.cl\/cies\/#website\"},\"primaryImageOfPage\":{\"@id\":\"https:\/\/negocios.udd.cl\/cies\/equipo\/#primaryimage\"},\"image\":{\"@id\":\"https:\/\/negocios.udd.cl\/cies\/equipo\/#primaryimage\"},\"thumbnailUrl\":\"https:\/\/negocios.udd.cl\/cies\/files\/2024\/03\/quienes-somos.png\",\"datePublished\":\"2023-05-29T16:54:32+00:00\",\"dateModified\":\"2024-03-21T17:47:21+00:00\",\"breadcrumb\":{\"@id\":\"https:\/\/negocios.udd.cl\/cies\/equipo\/#breadcrumb\"},\"inLanguage\":\"es\",\"potentialAction\":[{\"@type\":\"ReadAction\",\"target\":[\"https:\/\/negocios.udd.cl\/cies\/equipo\/\"]}]},{\"@type\":\"ImageObject\",\"inLanguage\":\"es\",\"@id\":\"https:\/\/negocios.udd.cl\/cies\/equipo\/#primaryimage\",\"url\":\"https:\/\/negocios.udd.cl\/cies\/files\/2024\/03\/quienes-somos.png\",\"contentUrl\":\"https:\/\/negocios.udd.cl\/cies\/files\/2024\/03\/quienes-somos.png\",\"width\":780,\"height\":330},{\"@type\":\"BreadcrumbList\",\"@id\":\"https:\/\/negocios.udd.cl\/cies\/equipo\/#breadcrumb\",\"itemListElement\":[{\"@type\":\"ListItem\",\"position\":1,\"name\":\"Portada\",\"item\":\"https:\/\/negocios.udd.cl\/cies\/\"},{\"@type\":\"ListItem\",\"position\":2,\"name\":\"\u00bfQui\u00e9nes somos?\"}]},{\"@type\":\"WebSite\",\"@id\":\"https:\/\/negocios.udd.cl\/cies\/#website\",\"url\":\"https:\/\/negocios.udd.cl\/cies\/\",\"name\":\"CIES FEN UDD\",\"description\":\"Otro sitio m\u00e1s de Economia\",\"inLanguage\":\"es\"}]}<\/script>\n<!-- \/ Yoast SEO plugin. -->","yoast_head_json":{"title":"\u00bfQui\u00e9nes somos? - CIES FEN UDD","robots":{"index":"index","follow":"follow","max-snippet":"max-snippet:-1","max-image-preview":"max-image-preview:large","max-video-preview":"max-video-preview:-1"},"canonical":"https:\/\/negocios.udd.cl\/cies\/equipo\/","og_locale":"es_ES","og_type":"article","og_title":"\u00bfQui\u00e9nes somos? - CIES FEN UDD","og_url":"https:\/\/negocios.udd.cl\/cies\/equipo\/","og_site_name":"CIES FEN UDD","article_modified_time":"2024-03-21T17:47:21+00:00","og_image":[{"url":"https:\/\/negocios.udd.cl\/cies\/files\/2024\/03\/quienes-somos.png","type":"","width":"","height":""}],"twitter_card":"summary_large_image","twitter_misc":{"Tiempo de lectura":"1 minuto"},"schema":{"@context":"https:\/\/schema.org","@graph":[{"@type":"WebPage","@id":"https:\/\/negocios.udd.cl\/cies\/equipo\/","url":"https:\/\/negocios.udd.cl\/cies\/equipo\/","name":"\u00bfQui\u00e9nes somos? - CIES FEN UDD","isPartOf":{"@id":"https:\/\/negocios.udd.cl\/cies\/#website"},"primaryImageOfPage":{"@id":"https:\/\/negocios.udd.cl\/cies\/equipo\/#primaryimage"},"image":{"@id":"https:\/\/negocios.udd.cl\/cies\/equipo\/#primaryimage"},"thumbnailUrl":"https:\/\/negocios.udd.cl\/cies\/files\/2024\/03\/quienes-somos.png","datePublished":"2023-05-29T16:54:32+00:00","dateModified":"2024-03-21T17:47:21+00:00","breadcrumb":{"@id":"https:\/\/negocios.udd.cl\/cies\/equipo\/#breadcrumb"},"inLanguage":"es","potentialAction":[{"@type":"ReadAction","target":["https:\/\/negocios.udd.cl\/cies\/equipo\/"]}]},{"@type":"ImageObject","inLanguage":"es","@id":"https:\/\/negocios.udd.cl\/cies\/equipo\/#primaryimage","url":"https:\/\/negocios.udd.cl\/cies\/files\/2024\/03\/quienes-somos.png","contentUrl":"https:\/\/negocios.udd.cl\/cies\/files\/2024\/03\/quienes-somos.png","width":780,"height":330},{"@type":"BreadcrumbList","@id":"https:\/\/negocios.udd.cl\/cies\/equipo\/#breadcrumb","itemListElement":[{"@type":"ListItem","position":1,"name":"Portada","item":"https:\/\/negocios.udd.cl\/cies\/"},{"@type":"ListItem","position":2,"name":"\u00bfQui\u00e9nes somos?"}]},{"@type":"WebSite","@id":"https:\/\/negocios.udd.cl\/cies\/#website","url":"https:\/\/negocios.udd.cl\/cies\/","name":"CIES FEN UDD","description":"Otro sitio m\u00e1s de Economia","inLanguage":"es"}]}},"_links":{"self":[{"href":"https:\/\/negocios.udd.cl\/cies\/wp-json\/wp\/v2\/pages\/33","targetHints":{"allow":["GET"]}}],"collection":[{"href":"https:\/\/negocios.udd.cl\/cies\/wp-json\/wp\/v2\/pages"}],"about":[{"href":"https:\/\/negocios.udd.cl\/cies\/wp-json\/wp\/v2\/types\/page"}],"author":[{"embeddable":true,"href":"https:\/\/negocios.udd.cl\/cies\/wp-json\/wp\/v2\/users\/9192203"}],"replies":[{"embeddable":true,"href":"https:\/\/negocios.udd.cl\/cies\/wp-json\/wp\/v2\/comments?post=33"}],"version-history":[{"count":7,"href":"https:\/\/negocios.udd.cl\/cies\/wp-json\/wp\/v2\/pages\/33\/revisions"}],"predecessor-version":[{"id":44214,"href":"https:\/\/negocios.udd.cl\/cies\/wp-json\/wp\/v2\/pages\/33\/revisions\/44214"}],"wp:attachment":[{"href":"https:\/\/negocios.udd.cl\/cies\/wp-json\/wp\/v2\/media?parent=33"}],"curies":[{"name":"wp","href":"https:\/\/api.w.org\/{rel}","templated":true}]}}