{"id":19,"date":"2016-08-30T20:24:17","date_gmt":"2016-08-30T20:24:17","guid":{"rendered":"http:\/\/psicologia.udd.cl\/doctorado\/?page_id=19"},"modified":"2025-07-03T09:37:16","modified_gmt":"2025-07-03T13:37:16","slug":"malla-curricular","status":"publish","type":"page","link":"https:\/\/negocios.udd.cl\/doctorado\/malla-curricular\/","title":{"rendered":"Malla Curricular"},"content":{"rendered":"\n<figure class=\"wp-block-image size-full\"><img loading=\"lazy\" decoding=\"async\" width=\"1650\" height=\"1275\" src=\"https:\/\/negocios.udd.cl\/doctorado\/files\/2025\/07\/malla-den.jpg\" alt=\"\" class=\"wp-image-2262\" srcset=\"https:\/\/negocios.udd.cl\/doctorado\/files\/2025\/07\/malla-den.jpg 1650w, https:\/\/negocios.udd.cl\/doctorado\/files\/2025\/07\/malla-den-300x232.jpg 300w, https:\/\/negocios.udd.cl\/doctorado\/files\/2025\/07\/malla-den-1024x791.jpg 1024w, https:\/\/negocios.udd.cl\/doctorado\/files\/2025\/07\/malla-den-768x593.jpg 768w, https:\/\/negocios.udd.cl\/doctorado\/files\/2025\/07\/malla-den-182x140.jpg 182w, https:\/\/negocios.udd.cl\/doctorado\/files\/2025\/07\/malla-den-1536x1187.jpg 1536w\" sizes=\"auto, (max-width: 1650px) 100vw, 1650px\" \/><\/figure>\n\n\n\n<p class=\"has-text-align-left\"><em>*La informaci\u00f3n contenida puede estar sujeta a modificaciones. Su contenido es referencial y su actualizaci\u00f3n podr\u00e1 solicitarse a la Direcci\u00f3n del Programa.<\/em><\/p>\n","protected":false},"excerpt":{"rendered":"<p>*La informaci\u00f3n contenida puede estar sujeta a modificaciones. Su contenido es referencial y su actualizaci\u00f3n podr\u00e1 solicitarse a la Direcci\u00f3n del Programa.<\/p>\n","protected":false},"author":19,"featured_media":0,"parent":0,"menu_order":0,"comment_status":"closed","ping_status":"closed","template":"","meta":{"footnotes":""},"class_list":["post-19","page","type-page","status-publish","hentry"],"yoast_head":"<!-- This site is optimized with the Yoast SEO plugin v26.9 - https:\/\/yoast.com\/product\/yoast-seo-wordpress\/ -->\n<title>Malla Curricular - Doctorado en Econom\u00eda de Negocios (Ph.D. in Business Economics)<\/title>\n<meta name=\"robots\" content=\"index, follow, max-snippet:-1, max-image-preview:large, max-video-preview:-1\" \/>\n<link rel=\"canonical\" href=\"https:\/\/negocios.udd.cl\/doctorado\/malla-curricular\/\" \/>\n<meta property=\"og:locale\" content=\"es_ES\" \/>\n<meta property=\"og:type\" content=\"article\" \/>\n<meta property=\"og:title\" content=\"Malla Curricular - Doctorado en Econom\u00eda de Negocios (Ph.D. in Business Economics)\" \/>\n<meta property=\"og:description\" content=\"*La informaci\u00f3n contenida puede estar sujeta a modificaciones. Su contenido es referencial y su actualizaci\u00f3n podr\u00e1 solicitarse a la Direcci\u00f3n del Programa.\" \/>\n<meta property=\"og:url\" content=\"https:\/\/negocios.udd.cl\/doctorado\/malla-curricular\/\" \/>\n<meta property=\"og:site_name\" content=\"Doctorado en Econom\u00eda de Negocios (Ph.D. in Business Economics)\" \/>\n<meta property=\"article:modified_time\" content=\"2025-07-03T13:37:16+00:00\" \/>\n<meta property=\"og:image\" content=\"https:\/\/negocios.udd.cl\/doctorado\/files\/2025\/07\/malla-den.jpg\" \/>\n<meta name=\"twitter:card\" content=\"summary_large_image\" \/>\n<meta name=\"twitter:label1\" content=\"Tiempo de lectura\" \/>\n\t<meta name=\"twitter:data1\" content=\"1 minuto\" \/>\n<script type=\"application\/ld+json\" class=\"yoast-schema-graph\">{\"@context\":\"https:\/\/schema.org\",\"@graph\":[{\"@type\":\"WebPage\",\"@id\":\"https:\/\/negocios.udd.cl\/doctorado\/malla-curricular\/\",\"url\":\"https:\/\/negocios.udd.cl\/doctorado\/malla-curricular\/\",\"name\":\"Malla Curricular - Doctorado en Econom\u00eda de Negocios (Ph.D. in Business Economics)\",\"isPartOf\":{\"@id\":\"https:\/\/negocios.udd.cl\/doctorado\/#website\"},\"primaryImageOfPage\":{\"@id\":\"https:\/\/negocios.udd.cl\/doctorado\/malla-curricular\/#primaryimage\"},\"image\":{\"@id\":\"https:\/\/negocios.udd.cl\/doctorado\/malla-curricular\/#primaryimage\"},\"thumbnailUrl\":\"https:\/\/negocios.udd.cl\/doctorado\/files\/2025\/07\/malla-den.jpg\",\"datePublished\":\"2016-08-30T20:24:17+00:00\",\"dateModified\":\"2025-07-03T13:37:16+00:00\",\"breadcrumb\":{\"@id\":\"https:\/\/negocios.udd.cl\/doctorado\/malla-curricular\/#breadcrumb\"},\"inLanguage\":\"es\",\"potentialAction\":[{\"@type\":\"ReadAction\",\"target\":[\"https:\/\/negocios.udd.cl\/doctorado\/malla-curricular\/\"]}]},{\"@type\":\"ImageObject\",\"inLanguage\":\"es\",\"@id\":\"https:\/\/negocios.udd.cl\/doctorado\/malla-curricular\/#primaryimage\",\"url\":\"https:\/\/negocios.udd.cl\/doctorado\/files\/2025\/07\/malla-den.jpg\",\"contentUrl\":\"https:\/\/negocios.udd.cl\/doctorado\/files\/2025\/07\/malla-den.jpg\",\"width\":1650,\"height\":1275},{\"@type\":\"BreadcrumbList\",\"@id\":\"https:\/\/negocios.udd.cl\/doctorado\/malla-curricular\/#breadcrumb\",\"itemListElement\":[{\"@type\":\"ListItem\",\"position\":1,\"name\":\"Portada\",\"item\":\"https:\/\/negocios.udd.cl\/doctorado\/\"},{\"@type\":\"ListItem\",\"position\":2,\"name\":\"Malla Curricular\"}]},{\"@type\":\"WebSite\",\"@id\":\"https:\/\/negocios.udd.cl\/doctorado\/#website\",\"url\":\"https:\/\/negocios.udd.cl\/doctorado\/\",\"name\":\"Doctorado en Econom\u00eda de Negocios (Ph.D. in Business Economics)\",\"description\":\"Universidad del Desarrollo\",\"inLanguage\":\"es\"}]}<\/script>\n<!-- \/ Yoast SEO plugin. -->","yoast_head_json":{"title":"Malla Curricular - Doctorado en Econom\u00eda de Negocios (Ph.D. in Business Economics)","robots":{"index":"index","follow":"follow","max-snippet":"max-snippet:-1","max-image-preview":"max-image-preview:large","max-video-preview":"max-video-preview:-1"},"canonical":"https:\/\/negocios.udd.cl\/doctorado\/malla-curricular\/","og_locale":"es_ES","og_type":"article","og_title":"Malla Curricular - Doctorado en Econom\u00eda de Negocios (Ph.D. in Business Economics)","og_description":"*La informaci\u00f3n contenida puede estar sujeta a modificaciones. Su contenido es referencial y su actualizaci\u00f3n podr\u00e1 solicitarse a la Direcci\u00f3n del Programa.","og_url":"https:\/\/negocios.udd.cl\/doctorado\/malla-curricular\/","og_site_name":"Doctorado en Econom\u00eda de Negocios (Ph.D. in Business Economics)","article_modified_time":"2025-07-03T13:37:16+00:00","og_image":[{"url":"https:\/\/negocios.udd.cl\/doctorado\/files\/2025\/07\/malla-den.jpg","type":"","width":"","height":""}],"twitter_card":"summary_large_image","twitter_misc":{"Tiempo de lectura":"1 minuto"},"schema":{"@context":"https:\/\/schema.org","@graph":[{"@type":"WebPage","@id":"https:\/\/negocios.udd.cl\/doctorado\/malla-curricular\/","url":"https:\/\/negocios.udd.cl\/doctorado\/malla-curricular\/","name":"Malla Curricular - Doctorado en Econom\u00eda de Negocios (Ph.D. in Business Economics)","isPartOf":{"@id":"https:\/\/negocios.udd.cl\/doctorado\/#website"},"primaryImageOfPage":{"@id":"https:\/\/negocios.udd.cl\/doctorado\/malla-curricular\/#primaryimage"},"image":{"@id":"https:\/\/negocios.udd.cl\/doctorado\/malla-curricular\/#primaryimage"},"thumbnailUrl":"https:\/\/negocios.udd.cl\/doctorado\/files\/2025\/07\/malla-den.jpg","datePublished":"2016-08-30T20:24:17+00:00","dateModified":"2025-07-03T13:37:16+00:00","breadcrumb":{"@id":"https:\/\/negocios.udd.cl\/doctorado\/malla-curricular\/#breadcrumb"},"inLanguage":"es","potentialAction":[{"@type":"ReadAction","target":["https:\/\/negocios.udd.cl\/doctorado\/malla-curricular\/"]}]},{"@type":"ImageObject","inLanguage":"es","@id":"https:\/\/negocios.udd.cl\/doctorado\/malla-curricular\/#primaryimage","url":"https:\/\/negocios.udd.cl\/doctorado\/files\/2025\/07\/malla-den.jpg","contentUrl":"https:\/\/negocios.udd.cl\/doctorado\/files\/2025\/07\/malla-den.jpg","width":1650,"height":1275},{"@type":"BreadcrumbList","@id":"https:\/\/negocios.udd.cl\/doctorado\/malla-curricular\/#breadcrumb","itemListElement":[{"@type":"ListItem","position":1,"name":"Portada","item":"https:\/\/negocios.udd.cl\/doctorado\/"},{"@type":"ListItem","position":2,"name":"Malla Curricular"}]},{"@type":"WebSite","@id":"https:\/\/negocios.udd.cl\/doctorado\/#website","url":"https:\/\/negocios.udd.cl\/doctorado\/","name":"Doctorado en Econom\u00eda de Negocios (Ph.D. in Business Economics)","description":"Universidad del Desarrollo","inLanguage":"es"}]}},"_links":{"self":[{"href":"https:\/\/negocios.udd.cl\/doctorado\/wp-json\/wp\/v2\/pages\/19","targetHints":{"allow":["GET"]}}],"collection":[{"href":"https:\/\/negocios.udd.cl\/doctorado\/wp-json\/wp\/v2\/pages"}],"about":[{"href":"https:\/\/negocios.udd.cl\/doctorado\/wp-json\/wp\/v2\/types\/page"}],"author":[{"embeddable":true,"href":"https:\/\/negocios.udd.cl\/doctorado\/wp-json\/wp\/v2\/users\/19"}],"replies":[{"embeddable":true,"href":"https:\/\/negocios.udd.cl\/doctorado\/wp-json\/wp\/v2\/comments?post=19"}],"version-history":[{"count":11,"href":"https:\/\/negocios.udd.cl\/doctorado\/wp-json\/wp\/v2\/pages\/19\/revisions"}],"predecessor-version":[{"id":2263,"href":"https:\/\/negocios.udd.cl\/doctorado\/wp-json\/wp\/v2\/pages\/19\/revisions\/2263"}],"wp:attachment":[{"href":"https:\/\/negocios.udd.cl\/doctorado\/wp-json\/wp\/v2\/media?parent=19"}],"curies":[{"name":"wp","href":"https:\/\/api.w.org\/{rel}","templated":true}]}}