{"id":23,"date":"2016-08-30T20:25:59","date_gmt":"2016-08-30T20:25:59","guid":{"rendered":"http:\/\/psicologia.udd.cl\/doctorado\/?page_id=23"},"modified":"2025-10-09T10:49:14","modified_gmt":"2025-10-09T13:49:14","slug":"admision","status":"publish","type":"page","link":"https:\/\/negocios.udd.cl\/doctorado\/admision\/","title":{"rendered":"Admisi\u00f3n"},"content":{"rendered":"<div id=\"udd-accordion--1\" class=\"js-accordion accordion\">\n\t<div class=\"accordion__header\">\n\t\t<h3 class=\"accordion__title\">\n\t\t\t<a href=\"#udd-accordion--1__content\" class=\"js-accordion-collapse\" aria-expanded=\"false\" aria-controls=\"#udd-accordion--1\">\n\t\t\t\tRequisitos de Ingreso\t\t\t<\/a>\n\t\t<\/h3>\n\t<\/div>\n\t<div id=\"udd-accordion--1__content\" class=\"accordion__content text js-accordion-content\">\n\t\t<ul class=\"wp-block-list\">\n<li>Poseer grado de Licenciado o superior.<\/li>\n<li>Tener una s\u00f3lida formaci\u00f3n matem\u00e1tica ratificada por su desempe\u00f1o en sus cursos de c\u00e1lculo y \u00e1lgebra.<\/li>\n<li>Tener dominio del idioma ingl\u00e9s de al menos nivel intermedio ratificado por examen TOEFL o equivalente. Una opci\u00f3n r\u00e1pida es rendir el ETAAPP ofrecido por el Instituto Chileno Norteamericano.<\/li>\n<li>Haber cursado con \u00e9xito cursos introductorios de Management y Econom\u00eda.<\/li>\n<li>Tener una s\u00f3lida formaci\u00f3n en estad\u00edstica ratificada por su desempe\u00f1o en cursos de estad\u00edstica de pre o postgrado.<\/li>\n<li>Presentar concentraci\u00f3n de notas de pregrado y postgrado de ser el caso, con certificado de ranking de egreso en ambos casos.<\/li>\n<li>Escribir una Declaraci\u00f3n de Prop\u00f3sitos de un m\u00e1ximo de 500 palabras.<\/li>\n<li>Aunque no es obligatorio para ser admitido, alumnos con GRE o GMAT rendido pueden presentar los resultados oficiales.<\/li>\n<\/ul>\n<p><strong>Fechas relevantes <\/strong><\/p>\n<ul class=\"wp-block-list\">\n<li>Inicio de postulaci\u00f3n:\u202f<strong>03 de julio de 2025.<\/strong>&nbsp;<\/li>\n<\/ul>\n<ul class=\"wp-block-list\">\n<li>Cierre de postulaci\u00f3n:\u202f<strong>15 de octubre de 2025.<\/strong>\u00a0<\/li>\n<li>Entrevistas y ex\u00e1menes de postulaci\u00f3n:<strong>\u202f15 al 24 de octubre de 2025.<\/strong>&nbsp;<\/li>\n<li>Publicaci\u00f3n de resultados:\u202f<strong> 27 de octubre de 2025.<\/strong>&nbsp;<\/li>\n<li>Inicio de clases: \u202f<strong>Marzo 2026.<\/strong><\/li>\n<\/ul>\n<p> <strong>Documentos a presentar para postulaci\u00f3n<\/strong> <\/p>\n<ul class=\"wp-block-list\">\n<li>Documento original de certificado de grado o fotocopia certificada ante notario. Si el postulante es extranjero sus certificados deben ser legalizados de acuerdo al convenio de Apostilla (<strong><a href=\"http:\/\/apostilla.gob.cl\/\" target=\"_blank\" rel=\"noreferrer noopener\">http:\/\/apostilla.gob.cl<\/a>\u202f<\/strong>).&nbsp;<\/li>\n<li>Certificado de concentraci\u00f3n de notas de estudios universitarios de pregrado y\/o postgrado con ranking de egreso. De igual forma, si el postulante es extranjero, los certificados deben estar legalizados por el Consulado Chileno en el pa\u00eds de origen.&nbsp;<\/li>\n<li>Curr\u00edculum vitae.<\/li>\n<li>Dos cartas de recomendaci\u00f3n de personas id\u00f3neas a un programa de doctorado (Doctores o PhD, nacionales o internacionales). (Formato tipo:<a href=\"https:\/\/negocios.udd.cl\/doctorado\/files\/2025\/10\/2025-den-carta-de-recomendacion.pdf\" target=\"_blank\" rel=\"noreferrer noopener\">\u202f<strong>Carta de <\/strong><\/a><strong><a href=\"https:\/\/negocios.udd.cl\/doctorado\/files\/2025\/10\/2025-den-carta-de-recomendacion.pdf\" target=\"_blank\" rel=\"noreferrer noopener\">recomendaci\u00f3n<\/a><\/strong>). Las cartas deben ser enviadas directamente por las personas que recomiendan, como fecha l\u00edmite el 15 de octubre de 2025, al correo electr\u00f3nico de la coordinaci\u00f3n del Doctorado: <strong>coordinacionden@udd.cl<\/strong><\/li>\n<li>Una carta de declaraci\u00f3n de prop\u00f3sito, donde se se\u00f1ale la formaci\u00f3n previa que lo ha preparado para postular a este Programa de Doctorado, cu\u00e1les son sus motivaciones personales y c\u00f3mo este Doctorado puede prepararlo para sus aspiraciones futuras.<\/li>\n<li>Resultados de prueba TOEFL o Test equivalente que acrediten dominio del ingl\u00e9s de nivel intermedio avanzado. Un test equivalente aceptado por el programa es el ETAAPP que administra el Instituto Chileno Norteamericano.&nbsp;<\/li>\n<li>Fotocopia Legalizada de c\u00e9dula de identidad por ambos lados o pasaporte para alumnos extranjeros.&nbsp;<\/li>\n<\/ul>\n<p> <strong>Proceso de Selecci\u00f3n<\/strong> <\/p>\n<p>Todos los documentos solicitados deben ser enviados en formato digital a trav\u00e9s del siguiente formulario: <strong><a href=\"https:\/\/airtable.com\/appyY0efGPwfC4nZ7\/shrGS0vT6we78PS1t\" target=\"_blank\" rel=\"noreferrer noopener\">https:\/\/airtable.com\/appyY0efGPwfC4nZ7\/shrGS0vT6we78PS1t<\/a> <\/strong>. El Comit\u00e9 Acad\u00e9mico evaluar\u00e1 los antecedentes enviados por los postulantes y realizar\u00e1 una preselecci\u00f3n en funci\u00f3n del ajuste entre los antecedentes presentados y los objetivos, las caracter\u00edsticas y exigencias del programa.&nbsp;Los postulantes pre-seleccionados ser\u00e1n entrevistados por todo o parte del Comit\u00e9 Acad\u00e9mico.<\/p>\n<p>El Comit\u00e9 Acad\u00e9mico seleccionar\u00e1 papers relacionados a las l\u00edneas de investigaci\u00f3n del programa para que sean le\u00eddos por los postulantes, para luego aplicar las preguntas correspondientes el d\u00eda de la entrevista.<\/p>\n<p> <strong>Itinerario de Admisi\u00f3n<\/strong> <\/p>\n<ol class=\"wp-block-list\">\n<li>&nbsp;Postulaci\u00f3n a trav\u00e9s de la p\u00e1gina web.<\/li>\n<li> El Comit\u00e9 Acad\u00e9mico realiza una preselecci\u00f3n con aquellos candidatos que cumplen con los requisitos de admisi\u00f3n y que se ajustan al perfil del programa. <\/li>\n<li> Los candidatos preseleccionados son llamados a una entrevista con parte o la totalidad el comit\u00e9 de admisi\u00f3n. <\/li>\n<li> El Comit\u00e9 Acad\u00e9mico elabora un ranking con los candidatos seleccionados. <\/li>\n<li> Las ofertas de admisi\u00f3n son enviadas a los mejores candidatos, esto es, a aquellos candidatos que el comit\u00e9 considera tienen una mayor probabilidad de finalizar con \u00e9xito los exigentes estudios doctorales. A los mejores candidatos se les ofrece beca. <\/li>\n<\/ol>\n<p>  Para m\u00e1s informaci\u00f3n sobre el proceso de selecci\u00f3n de nuestro Doctorado, revisa la <a href=\"https:\/\/negocios.udd.cl\/doctorado\/files\/2019\/11\/Anexo-14.-Hoja-Evaluaci%C3%B3n-Postulantes-DEN.pdf\">Hoja de Evaluaci\u00f3n de Postulantes al Doctorado en Econom\u00eda de Negocios<\/a>. <\/p>\n\t<\/div>\n<\/div>\n\n\n<div id=\"udd-accordion--2\" class=\"js-accordion accordion\">\n\t<div class=\"accordion__header\">\n\t\t<h3 class=\"accordion__title\">\n\t\t\t<a href=\"#udd-accordion--2__content\" class=\"js-accordion-collapse\" aria-expanded=\"false\" aria-controls=\"#udd-accordion--2\">\n\t\t\t\tAranceles y Becas\t\t\t<\/a>\n\t\t<\/h3>\n\t<\/div>\n\t<div id=\"udd-accordion--2__content\" class=\"accordion__content text js-accordion-content\">\n\t\t<p><strong>Costos del programa<\/strong>&nbsp;<\/p>\n<p>Arancel: $20.000.000 (8 semestres).&nbsp;<\/p>\n<p>Matr\u00edcula: $500.000.&nbsp;<\/p>\n<p><strong>Becas<\/strong>&nbsp;<\/p>\n<p>Los alumnos aceptados en el Doctorado en Econom\u00eda de Negocios deben postular a las Becas de doctorado nacional, a\u00f1o acad\u00e9mico 2025 ANID. Adicionalmente, para aquellos alumnos que no obtienen beca ANID la Universidad del Desarrollo dispone de becas para estipendio mensual, beca almuerzo y pago del programa para todos los aceptados. La postulaci\u00f3n a la beca ANID es requisito para el ingreso al programa.&nbsp;<\/p>\n<p>\u2013 <strong>Beca ANID:<\/strong> quienes ingresen al programa con la Beca de Doctorado Nacional de ANID (que brinda arancel, matr\u00edcula y manutenci\u00f3n) recibir\u00e1n una beca complementaria de manutenci\u00f3n mensual UDD, m\u00e1s un vale de almuerzo en las dependencias de la universidad, que se agrega a los beneficios entregados por ANID.&nbsp;<\/p>\n<p>\u2013 <strong>Beca de Excelencia Doctorados UDD<\/strong>: consiste en liberaci\u00f3n de matr\u00edcula, arancel, beca de manutenci\u00f3n mensual de $1.398.011 y vale de almuerzo en las dependencias de la universidad.&nbsp;<\/p>\n<p>Como contraparte al estipendio mensual, el alumno deber\u00e1 prestar servicios como ayudante de investigaci\u00f3n, docencia de pregrado, ayudante de cursos de pre y postgrado, entre otros. La ayuda mensual es por la duraci\u00f3n del programa doctoral (8 semestres) y su renovaci\u00f3n anual est\u00e1 sujeta a buen desempe\u00f1o acad\u00e9mico.&nbsp;<\/p>\n<p>Si el alumno posee otros fondos de mantenci\u00f3n, la UDD bajar\u00e1 el monto del estipendio de tal forma de alcanzar el monto se\u00f1alado anteriormente.&nbsp;<\/p>\n\t<\/div>\n<\/div>\n\n\n<div id=\"udd-accordion--3\" class=\"js-accordion accordion\">\n\t<div class=\"accordion__header\">\n\t\t<h3 class=\"accordion__title\">\n\t\t\t<a href=\"#udd-accordion--3__content\" class=\"js-accordion-collapse\" aria-expanded=\"false\" aria-controls=\"#udd-accordion--3\">\n\t\t\t\tFAQ\t\t\t<\/a>\n\t\t<\/h3>\n\t<\/div>\n\t<div id=\"udd-accordion--3__content\" class=\"accordion__content text js-accordion-content\">\n\t\t<p> <strong>\u00bfEs el Doctorado en Econom\u00eda de Negocios un programa part-time o de medio tiempo?<\/strong> <\/p>\n<p>No. El doctorado es de tiempo completo. Las clases se dictan de lunes a viernes.<\/p>\n<p><strong>En mi trabajo me dar\u00edan permiso para ausentarme durante las  horas de clases, \u00bfpuedo desarrollar el doctorado y conservar mi trabajo?<\/strong> <\/p>\n<p>El doctorado exige dedicaci\u00f3n exclusiva. Durante la semana, los alumnos asisten a sus clases, resuelven ejercicios, asisten a seminarios y estudian. Dada la intensa carga de trabajo, es incompatible con otra actividad. Es por esto que la Universidad del Desarrollo (UDD) otorga becas que cubren el costo del programa y entregan una manutenci\u00f3n mensual por los cuatro a\u00f1os del programa. <\/p>\n<p><strong>Una vez terminada la etapa lectiva del programa, \u00bfpuedo volver a mi trabajo y desarrollar la tesis en paralelo?<\/strong> <\/p>\n<p>No, el doctorado exige dedicaci\u00f3n exclusiva. Si el alumno dedica todo su  tiempo al desarrollo de su tesis doctoral, entonces deber\u00eda finalizar el programa en cuatro a\u00f1os. Es dif\u00edcil que los profesores deseen supervisar una tesis de un alumno que no se dedicar\u00e1 por completo al desarrollo de \u00e9sta. <\/p>\n<p><strong>Tengo buena preparaci\u00f3n matem\u00e1tica, pero no he tomado nunca un curso de econom\u00eda, \u00bfpuedo entrar al programa?<\/strong> <\/p>\n<p>No, los cursos doctorales asumen que el alumno tiene, entre otros, una buena preparaci\u00f3n matem\u00e1tica y entiende la econom\u00eda a nivel de pregrado. Nosotros no tenemos una medida remedial para lo anterior. <\/p>\n<p> <strong>\u00bfSer aceptado en el Doctorado en Econom\u00eda de Negocios me asegura poder desarrollar mi tesis en \u201ccotutela\u201d en la Universidad de Macquarie?<\/strong> <\/p>\n<p>No, para desarrollar la tesis doctoral bajo el formato de cotutela en la Universidad de Macquarie, el alumno deber\u00e1 cumplir con los requisitos exigidos por dicha universidad y ser aceptado por ellos. <\/p>\n<p> <strong>Para postular a una beca en mi pa\u00eds de origen necesito una carta de aceptaci\u00f3n, \u00bfpueden otorgarme dicha carta?<\/strong> <\/p>\n<p>No, las cartas de aceptaci\u00f3n s\u00f3lo se otorgan por la direcci\u00f3n de doctorados de la Universidad, a quienes el Comit\u00e9 Acad\u00e9mico ha seleccionado. <\/p>\n<p><strong>Si poseo un mag\u00edster (m\u00e1ster en ingl\u00e9s) en econom\u00eda o management, \u00bfpuedo convalidar alg\u00fan ramo del doctorado?<\/strong> <\/p>\n<p>Salvo contadas excepciones, los ramos de nivel mag\u00edster no se convalidan por cursos en el doctorado.<\/p>\n<p> <strong>\u00bfPuedo postular al doctorado si no tengo un mag\u00edster?<\/strong> <\/p>\n<p>S\u00ed, aunque tener un m\u00e1ster en econom\u00eda, management o \u00e1rea af\u00edn, en el cual tuvo buen desempe\u00f1o acad\u00e9mico, le puede ayudar a desenvolverse mejor en los cursos de primer a\u00f1o, no es requisito para postular y eventualmente ser aceptado en el doctorado. <\/p>\n<p> <strong>\u00bfAumenta mi probabilidad de ser aceptado en el doctorado si ya tengo un m\u00e1ster?<\/strong> <\/p>\n<p>No necesariamente. El comit\u00e9 de admisi\u00f3n toma su decisi\u00f3n valorando todos los antecedentes del postulante y tratando de predecir si el alumno ser\u00e1 capaz de aprobar los cursos del doctorado, aprobar los ex\u00e1menes preliminares o comprehensivos y finalmente escribir una tesis que derive en publicaciones. Es decir, el comit\u00e9 trata de pronosticar en base a todos los antecedentes del postulante, si este podr\u00e1 cursar con  \u00e9xito el programa doctoral. En algunos casos, tener un m\u00e1ster puede ayudar a tener \u00e9xito en el programa doctoral, pero en otros no. <\/p>\n<p> <strong>\u00bfExiste un proceso por separado para postular a admisi\u00f3n y a la beca que otorga la UDD?<\/strong> <\/p>\n<p>No, la postulaci\u00f3n al programa sirve adem\u00e1s como postulaci\u00f3n a la beca. La excepci\u00f3n a esto, sucede cuando el postulante indica expresamente en una carta incluida en la postulaci\u00f3n, que no necesita de beca para cursar el programa. <\/p>\n<p> <strong>\u00bfAumenta mi probabilidad de ser aceptado si tengo ayuda financiera externa y, por lo tanto, no postulo a la beca de la UDD?<\/strong> <\/p>\n<p>No, la aceptaci\u00f3n al programa se basa exclusivamente en aspectos acad\u00e9micos.<\/p>\n<p> <strong>\u00bfDe qu\u00e9 manera debo retribuir la beca que otorga UDD?<\/strong> <\/p>\n<p>A los alumnos becados se les exige colaborar por 10 horas semanales con la Facultad de Econom\u00eda y Negocios UDD. Dicha ayuda puede consistir en ser ayudante corrector, ayudante de investigaci\u00f3n, dictar un curso de pregrado, etc. <\/p>\n<p> <strong>\u00bfCu\u00e1les son los requisitos m\u00ednimos para mantener la beca?<\/strong> <\/p>\n<p>Para mantener la beca, avanzar satisfactoriamente en el programa. Esto consiste en no reprobar ning\u00fan curso, aprobar los ex\u00e1menes  preliminares al final del primer a\u00f1o, desarrollar y aprobar la tesis doctoral.<\/p>\n<p> <strong>\u00bfCu\u00e1nto dura la beca?<\/strong> <\/p>\n<p>La beca dura cuatro a\u00f1os y no es extensible mas all\u00e1 de dicho periodo. Si  un alumno se demora m\u00e1s de cuatro a\u00f1os en obtener el doctorado, debe buscar otras fuentes de financiamiento para continuar.<\/p>\n<p> <strong>\u00bfPor qu\u00e9 es importante tener al menos un nivel intermedio de Ingl\u00e9s para postular al programa?<\/strong> <\/p>\n<p>El idioma de la investigaci\u00f3n en econom\u00eda y negocios (como en muchas otras \u00e1reas) es el ingl\u00e9s. La bibliograf\u00eda de los cursos del programa est\u00e1 en ingl\u00e9s, las pruebas y set de ejercicios est\u00e1 en ingl\u00e9s. Durante las clases se habla indistintamente en ingl\u00e9s y espa\u00f1ol. Los alumnos  asistir\u00e1n a workshops en espa\u00f1ol e ingl\u00e9s, la mayor\u00eda de nuestros  profesores visitantes se comunica en ingl\u00e9s y la tesis tendr\u00e1 que escribirla en dicho idioma. Si deseas optar por la vida de investigaci\u00f3n en esta \u00e1rea, entonces el ingl\u00e9s ser\u00e1 tu idioma a dominar.<\/p>\n<p> <strong>\u00bfEl grado acad\u00e9mico es Ph.D in Business Economics?<\/strong> <\/p>\n<p>No, el diploma que entrega la UDD dir\u00e1 Doctor en Econom\u00eda de Negocios. En la p\u00e1gina web incluimos al lado de dicho nombre un traducci\u00f3n libre al ingl\u00e9s, que en este caso es Ph.D in  Business Economics. La raz\u00f3n para incluirla radica en que este programa es similar, no id\u00e9ntico, a los doctorados que llevan dicho nombre en los Estados Unidos.<\/p>\n\t<\/div>\n<\/div>\n\n\n\n<p><\/p>\n","protected":false},"excerpt":{"rendered":"","protected":false},"author":9192232,"featured_media":0,"parent":0,"menu_order":0,"comment_status":"closed","ping_status":"closed","template":"","meta":{"footnotes":""},"class_list":["post-23","page","type-page","status-publish","hentry"],"yoast_head":"<!-- This site is optimized with the Yoast SEO plugin v26.9 - https:\/\/yoast.com\/product\/yoast-seo-wordpress\/ -->\n<title>Admisi\u00f3n - Doctorado en Econom\u00eda de Negocios (Ph.D. in Business Economics)<\/title>\n<meta name=\"robots\" content=\"index, follow, max-snippet:-1, max-image-preview:large, max-video-preview:-1\" \/>\n<link rel=\"canonical\" href=\"https:\/\/negocios.udd.cl\/doctorado\/admision\/\" \/>\n<meta property=\"og:locale\" content=\"es_ES\" \/>\n<meta property=\"og:type\" content=\"article\" \/>\n<meta property=\"og:title\" content=\"Admisi\u00f3n - Doctorado en Econom\u00eda de Negocios (Ph.D. in Business Economics)\" \/>\n<meta property=\"og:url\" content=\"https:\/\/negocios.udd.cl\/doctorado\/admision\/\" \/>\n<meta property=\"og:site_name\" content=\"Doctorado en Econom\u00eda de Negocios (Ph.D. in Business Economics)\" \/>\n<meta property=\"article:modified_time\" content=\"2025-10-09T13:49:14+00:00\" \/>\n<meta name=\"twitter:card\" content=\"summary_large_image\" \/>\n<meta name=\"twitter:label1\" content=\"Tiempo de lectura\" \/>\n\t<meta name=\"twitter:data1\" content=\"8 minutos\" \/>\n<script type=\"application\/ld+json\" class=\"yoast-schema-graph\">{\"@context\":\"https:\/\/schema.org\",\"@graph\":[{\"@type\":\"WebPage\",\"@id\":\"https:\/\/negocios.udd.cl\/doctorado\/admision\/\",\"url\":\"https:\/\/negocios.udd.cl\/doctorado\/admision\/\",\"name\":\"Admisi\u00f3n - Doctorado en Econom\u00eda de Negocios (Ph.D. in Business Economics)\",\"isPartOf\":{\"@id\":\"https:\/\/negocios.udd.cl\/doctorado\/#website\"},\"datePublished\":\"2016-08-30T20:25:59+00:00\",\"dateModified\":\"2025-10-09T13:49:14+00:00\",\"breadcrumb\":{\"@id\":\"https:\/\/negocios.udd.cl\/doctorado\/admision\/#breadcrumb\"},\"inLanguage\":\"es\",\"potentialAction\":[{\"@type\":\"ReadAction\",\"target\":[\"https:\/\/negocios.udd.cl\/doctorado\/admision\/\"]}]},{\"@type\":\"BreadcrumbList\",\"@id\":\"https:\/\/negocios.udd.cl\/doctorado\/admision\/#breadcrumb\",\"itemListElement\":[{\"@type\":\"ListItem\",\"position\":1,\"name\":\"Portada\",\"item\":\"https:\/\/negocios.udd.cl\/doctorado\/\"},{\"@type\":\"ListItem\",\"position\":2,\"name\":\"Admisi\u00f3n\"}]},{\"@type\":\"WebSite\",\"@id\":\"https:\/\/negocios.udd.cl\/doctorado\/#website\",\"url\":\"https:\/\/negocios.udd.cl\/doctorado\/\",\"name\":\"Doctorado en Econom\u00eda de Negocios (Ph.D. in Business Economics)\",\"description\":\"Universidad del Desarrollo\",\"inLanguage\":\"es\"}]}<\/script>\n<!-- \/ Yoast SEO plugin. -->","yoast_head_json":{"title":"Admisi\u00f3n - Doctorado en Econom\u00eda de Negocios (Ph.D. in Business Economics)","robots":{"index":"index","follow":"follow","max-snippet":"max-snippet:-1","max-image-preview":"max-image-preview:large","max-video-preview":"max-video-preview:-1"},"canonical":"https:\/\/negocios.udd.cl\/doctorado\/admision\/","og_locale":"es_ES","og_type":"article","og_title":"Admisi\u00f3n - Doctorado en Econom\u00eda de Negocios (Ph.D. in Business Economics)","og_url":"https:\/\/negocios.udd.cl\/doctorado\/admision\/","og_site_name":"Doctorado en Econom\u00eda de Negocios (Ph.D. in Business Economics)","article_modified_time":"2025-10-09T13:49:14+00:00","twitter_card":"summary_large_image","twitter_misc":{"Tiempo de lectura":"8 minutos"},"schema":{"@context":"https:\/\/schema.org","@graph":[{"@type":"WebPage","@id":"https:\/\/negocios.udd.cl\/doctorado\/admision\/","url":"https:\/\/negocios.udd.cl\/doctorado\/admision\/","name":"Admisi\u00f3n - Doctorado en Econom\u00eda de Negocios (Ph.D. in Business Economics)","isPartOf":{"@id":"https:\/\/negocios.udd.cl\/doctorado\/#website"},"datePublished":"2016-08-30T20:25:59+00:00","dateModified":"2025-10-09T13:49:14+00:00","breadcrumb":{"@id":"https:\/\/negocios.udd.cl\/doctorado\/admision\/#breadcrumb"},"inLanguage":"es","potentialAction":[{"@type":"ReadAction","target":["https:\/\/negocios.udd.cl\/doctorado\/admision\/"]}]},{"@type":"BreadcrumbList","@id":"https:\/\/negocios.udd.cl\/doctorado\/admision\/#breadcrumb","itemListElement":[{"@type":"ListItem","position":1,"name":"Portada","item":"https:\/\/negocios.udd.cl\/doctorado\/"},{"@type":"ListItem","position":2,"name":"Admisi\u00f3n"}]},{"@type":"WebSite","@id":"https:\/\/negocios.udd.cl\/doctorado\/#website","url":"https:\/\/negocios.udd.cl\/doctorado\/","name":"Doctorado en Econom\u00eda de Negocios (Ph.D. in Business Economics)","description":"Universidad del Desarrollo","inLanguage":"es"}]}},"_links":{"self":[{"href":"https:\/\/negocios.udd.cl\/doctorado\/wp-json\/wp\/v2\/pages\/23","targetHints":{"allow":["GET"]}}],"collection":[{"href":"https:\/\/negocios.udd.cl\/doctorado\/wp-json\/wp\/v2\/pages"}],"about":[{"href":"https:\/\/negocios.udd.cl\/doctorado\/wp-json\/wp\/v2\/types\/page"}],"author":[{"embeddable":true,"href":"https:\/\/negocios.udd.cl\/doctorado\/wp-json\/wp\/v2\/users\/9192232"}],"replies":[{"embeddable":true,"href":"https:\/\/negocios.udd.cl\/doctorado\/wp-json\/wp\/v2\/comments?post=23"}],"version-history":[{"count":44,"href":"https:\/\/negocios.udd.cl\/doctorado\/wp-json\/wp\/v2\/pages\/23\/revisions"}],"predecessor-version":[{"id":2304,"href":"https:\/\/negocios.udd.cl\/doctorado\/wp-json\/wp\/v2\/pages\/23\/revisions\/2304"}],"wp:attachment":[{"href":"https:\/\/negocios.udd.cl\/doctorado\/wp-json\/wp\/v2\/media?parent=23"}],"curies":[{"name":"wp","href":"https:\/\/api.w.org\/{rel}","templated":true}]}}