{"id":25,"date":"2016-08-30T20:27:07","date_gmt":"2016-08-30T20:27:07","guid":{"rendered":"http:\/\/psicologia.udd.cl\/doctorado\/?page_id=25"},"modified":"2016-08-30T20:27:07","modified_gmt":"2016-08-30T20:27:07","slug":"requisitos-de-ingreso","status":"publish","type":"page","link":"https:\/\/negocios.udd.cl\/doctorado\/admision\/requisitos-de-ingreso\/","title":{"rendered":"Requisitos de Ingreso"},"content":{"rendered":"<h5 style=\"text-align: justify\"><\/h5>\n<p style=\"text-align: justify\"><strong>Para ser considerado para admisi\u00f3n el alumno deber\u00e1:<\/strong><\/p>\n<ul style=\"text-align: justify\">\n<li>Poseer grado de Licenciado o superior.<\/li>\n<li>Tener una s\u00f3lida formaci\u00f3n matem\u00e1tica ratificada por su desempe\u00f1o en sus cursos de c\u00e1lculo y \u00e1lgebra.<\/li>\n<li>Tener dominio del idioma ingl\u00e9s de al menos nivel intermedio ratificado por examen TOEFL o equivalente. Una opci\u00f3n r\u00e1pida es rendir el ETAAPP ofrecido por el Instituto Chileno Norteamericano.<\/li>\n<li>Haber cursado con \u00e9xito cursos introductorios de Management y Econom\u00eda.<\/li>\n<li>Tener una s\u00f3lida formaci\u00f3n en estad\u00edstica ratificada por su desempe\u00f1o en cursos de estad\u00edstica de pre o postgrado.<\/li>\n<li>Presentar concentraci\u00f3n de notas de pregrado y postgrado de ser el caso, con certificado de ranking en ambos casos.<\/li>\n<li>Escribir una Declaraci\u00f3n de Prop\u00f3sitos de un m\u00e1ximo de 500 palabras<\/li>\n<li>Aunque no es obligatorio para ser admitido, alumnos con GRE o GMAT rendido pueden presentar los resultados oficiales.<\/li>\n<\/ul>\n<p style=\"text-align: justify\"><strong>Per\u00edodo de postulaci\u00f3n<\/strong><\/p>\n<p>Desde el\u00a001 de Junio hasta el 15 de octubre 2021, inclusive. La decisi\u00f3n de aceptaci\u00f3n y becas se conocer\u00e1n a principios de noviembre.<\/p>\n<p style=\"text-align: justify\"><strong>Documentos a presentar para postulaci\u00f3n:<\/strong><\/p>\n<ul style=\"text-align: justify\">\n<li>Documento original de certificado de t\u00edtulo o grado o fotocopia certificada ante notario. Si el postulante es extranjero sus certificados deben ser legalizados de acuerdo al convenio de Apostilla (<a href=\"http:\/\/apostilla.gob.cl\/\" target=\"_blank\" rel=\"noopener noreferrer\">http:\/\/apostilla.gob.cl<\/a> ).<\/li>\n<\/ul>\n<ul style=\"text-align: justify\">\n<li>Certificado de concentraci\u00f3n de notas de estudios universitarios de pregrado y\/o postgrado con ranking de egreso. De igual forma, si el postulante es extranjero, los certificados deben estar legalizados por el Consulado Chileno en el pa\u00eds de origen.<\/li>\n<\/ul>\n<ul style=\"text-align: justify\">\n<li>Curr\u00edculum vitae (Formato tipo:\u00a0<u><a href=\"http:\/\/negocios.udd.cl\/doctorado\/es\/curriculum-vitae\/\" target=\"_blank\" rel=\"noopener noreferrer\">Curriculum Vitae<\/a><\/u>).<\/li>\n<\/ul>\n<ul style=\"text-align: justify\">\n<li>Dos cartas de recomendaci\u00f3n de personas id\u00f3neas a un programa de doctorado (Doctores o PhD, nacionales o internacionales). (Formato tipo: <u><a href=\"http:\/\/negocios.udd.cl\/doctorado\/files\/2021\/09\/Carta-recomendaci\u00f3n-DEN.pdf\" target=\"_blank\" rel=\"noopener noreferrer\">Carta de Recomendaci\u00f3n<\/a><\/u>). Las cartas deben ser enviadas directamente por las personas que recomiendan como fecha l\u00edmite el d\u00eda 15 de octubre de 2021, al correo electr\u00f3nico de la Coordinadora del Doctorado,\u00a0Srta. Sof\u00eda Otero Abarca (sofiaotero@udd.cl)<\/li>\n<\/ul>\n<ul style=\"text-align: justify\">\n<li>Una carta de declaraci\u00f3n de prop\u00f3sitos, donde se se\u00f1ale la formaci\u00f3n previa que lo ha preparado para postular a este Programa de Doctorado, cu\u00e1les son sus motivaciones personales y c\u00f3mo este Doctorado puede prepararlo para sus aspiraciones futuras (Formato tipo: <u><a href=\"http:\/\/negocios.udd.cl\/doctorado\/es\/carta-de-motivacion-personal\/\" target=\"_blank\" rel=\"noopener noreferrer\">Carta de Motivaci\u00f3n Personal<\/a><\/u>).<\/li>\n<\/ul>\n<ul style=\"text-align: justify\">\n<li>Resultados de prueba TOEFL o Test equivalente que acrediten dominio del ingl\u00e9s de nivel intermedio avanzado.<a href=\"#_ftn1\" name=\"_ftnref1\">[1]<\/a>Un test equivalente aceptado por el programa es el ETAAPP que administra el Instituto Chileno Norteamericano.<\/li>\n<\/ul>\n<ul style=\"text-align: justify\">\n<li>Fotocopia Legalizada de c\u00e9dula de identidad por ambos lados o pasaporte para alumnos extranjeros.<\/li>\n<li>Certificado de nacimiento.<\/li>\n<li>Fotograf\u00eda tama\u00f1o carn\u00e9 con nombre y RUT.<\/li>\n<\/ul>\n<p style=\"text-align: justify\"><strong>Proceso de Selecci\u00f3n:\u00a0<\/strong><\/p>\n<p style=\"text-align: justify\">Todos los documentos solicitados deben ser enviados en formato digital a la coordinadora del programa al correo: sofiaotero@udd.cl, o en sobre sellado dirigido al Director del Programa:<\/p>\n<p style=\"text-align: justify\"><strong>Jean Sep\u00falveda Umanzor, Ph.D<\/strong><br \/>\nDirector Doctorado en Econom\u00eda de \u00a0Negocios<br \/>\nFacultad de Econom\u00eda y Negocios, Universidad del Desarrollo<br \/>\nAinavillo 456, 2\u00b0 piso.<br \/>\nConcepci\u00f3n.<\/p>\n<p style=\"text-align: justify\">El Comit\u00e9 de Admisi\u00f3n evaluar\u00e1 los antecedentes enviados por los postulantes y realizar\u00e1 una preselecci\u00f3n en funci\u00f3n del ajuste entre los antecedentes presentados y los objetivos, las caracter\u00edsticas y exigencias del programa.\u00a0Los postulantes pre-seleccionados ser\u00e1n entrevistados por todo o parte del comit\u00e9 de selecci\u00f3n.<\/p>\n<p>&nbsp;<\/p>\n<p><strong>Itinerario de Admisi\u00f3n<\/strong><\/p>\n<p>1) Alumnos postulan hasta el 15 de Octubre del 2021.<\/p>\n<p>2) El comit\u00e9 de admisi\u00f3n realiza una preselecci\u00f3n con aquellos candidatos que cumplen con los requisitos de admisi\u00f3n y que se ajustan al perfil del programa.<\/p>\n<p>3) Los candidatos preseleccionados son llamados a una entrevista con parte o la totalidad el comit\u00e9 de admisi\u00f3n.<\/p>\n<p>4) El comit\u00e9 de admisi\u00f3n elabora un ranking con los candidatos seleccionados.<\/p>\n<p>5)\u00a0\u00a0 Ofertas de admisi\u00f3n son enviadas a los mejores candidatos, esto es, a aquellos candidatos que el comit\u00e9 considera tienen una mayor probabilidad de finalizar con \u00e9xito los exigentes estudios doctorales. A los mejores candidatos (con un m\u00e1ximo de 5) se les ofrece beca.<\/p>\n<p style=\"text-align: justify\"><strong>Fechas relevantes:<\/strong><\/p>\n<ul style=\"text-align: justify\">\n<li>Inicio de postulaciones: 01 de\u00a0Junio 2021<\/li>\n<li>Cierre de postulaciones: 15 de Octubre 2021<\/li>\n<li>Entrevistas: Fines de Octubre 2021<\/li>\n<li>Resultados postulaci\u00f3n: Noviembre 2021<\/li>\n<li>Inicio de clases: Marzo 2022<\/li>\n<\/ul>\n<p style=\"text-align: justify\"><strong>Informaciones:<\/strong><\/p>\n<p style=\"text-align: justify\"><strong>doctoradofen@udd.cl\u00a0 \u00a0 \u00a0 \u00a0sofiaotero@udd.cl<\/strong><\/p>\n<p style=\"text-align: justify\"><em><strong>Sof\u00eda Otero A.\u00a0<\/strong><\/em><br \/>\nCoordinadora Doctorado<br \/>\nFacultad de Econom\u00eda y Negocios<br \/>\nUniversidad Del Desarrollo, Ainavillo 456, Concepci\u00f3n.<\/p>\n<p style=\"text-align: justify\">(+56) 41 2686638<\/p>\n<p style=\"text-align: justify\"><a href=\"#_ftnref1\" name=\"_ftn1\">[1]<\/a> Alumnos que posteriormente deseen postular a Cotutelas en Macquarie University deben cumplir con los requisitos de idioma requeridos por dicha universidad.<\/p>\n<p>Para mayor informaci\u00f3n sobre los procesos de postulaci\u00f3n de Macquarie University, visita\u00a0\u00a0<a href=\"https:\/\/www.mq.edu.au\/research\/phd-and-research-degrees\/explore-research-degrees\/cotutelle-and-joint-phd\">https:\/\/www.mq.edu.au\/research\/phd-and-research-degrees\/explore-research-degrees\/cotutelle-and-joint-phd<\/a><\/p>\n<p><strong>Para m\u00e1s informaci\u00f3n sobre el proceso de selecci\u00f3n de nuestro Doctorado, revisa la <a href=\"\/\/negocios.udd.cl\/doctorado\/files\/2019\/11\/Anexo-14.-Hoja-Evaluaci\u00f3n-Postulantes-DEN.pdf\">Hoja de Evaluaci\u00f3n de Postulantes al Doctorado en Econom\u00eda de Negocios.<\/a><\/strong><\/p>\n","protected":false},"excerpt":{"rendered":"<p>Para ser considerado para admisi\u00f3n el alumno deber\u00e1: Poseer grado de Licenciado o superior. Tener una s\u00f3lida formaci\u00f3n matem\u00e1tica ratificada por su desempe\u00f1o en sus cursos de c\u00e1lculo y \u00e1lgebra. Tener dominio del idioma ingl\u00e9s de al menos nivel intermedio ratificado por examen TOEFL o equivalente. Una opci\u00f3n r\u00e1pida es rendir el ETAAPP ofrecido por [&hellip;]<\/p>\n","protected":false},"author":19,"featured_media":0,"parent":23,"menu_order":10,"comment_status":"closed","ping_status":"closed","template":"template-children-tabs.php","meta":{"footnotes":""},"class_list":["post-25","page","type-page","status-publish","hentry"],"yoast_head":"<!-- This site is optimized with the Yoast SEO plugin v26.9 - https:\/\/yoast.com\/product\/yoast-seo-wordpress\/ -->\n<title>Requisitos de Ingreso - Doctorado en Econom\u00eda de Negocios (Ph.D. in Business Economics)<\/title>\n<meta name=\"robots\" content=\"index, follow, max-snippet:-1, max-image-preview:large, max-video-preview:-1\" \/>\n<link rel=\"canonical\" href=\"https:\/\/negocios.udd.cl\/doctorado\/admision\/requisitos-de-ingreso\/\" \/>\n<meta property=\"og:locale\" content=\"es_ES\" \/>\n<meta property=\"og:type\" content=\"article\" \/>\n<meta property=\"og:title\" content=\"Requisitos de Ingreso - Doctorado en Econom\u00eda de Negocios (Ph.D. in Business Economics)\" \/>\n<meta property=\"og:description\" content=\"Para ser considerado para admisi\u00f3n el alumno deber\u00e1: Poseer grado de Licenciado o superior. Tener una s\u00f3lida formaci\u00f3n matem\u00e1tica ratificada por su desempe\u00f1o en sus cursos de c\u00e1lculo y \u00e1lgebra. Tener dominio del idioma ingl\u00e9s de al menos nivel intermedio ratificado por examen TOEFL o equivalente. Una opci\u00f3n r\u00e1pida es rendir el ETAAPP ofrecido por [&hellip;]\" \/>\n<meta property=\"og:url\" content=\"https:\/\/negocios.udd.cl\/doctorado\/admision\/requisitos-de-ingreso\/\" \/>\n<meta property=\"og:site_name\" content=\"Doctorado en Econom\u00eda de Negocios (Ph.D. in Business Economics)\" \/>\n<meta name=\"twitter:card\" content=\"summary_large_image\" \/>\n<meta name=\"twitter:label1\" content=\"Tiempo de lectura\" \/>\n\t<meta name=\"twitter:data1\" content=\"4 minutos\" \/>\n<script type=\"application\/ld+json\" class=\"yoast-schema-graph\">{\"@context\":\"https:\/\/schema.org\",\"@graph\":[{\"@type\":\"WebPage\",\"@id\":\"https:\/\/negocios.udd.cl\/doctorado\/admision\/requisitos-de-ingreso\/\",\"url\":\"https:\/\/negocios.udd.cl\/doctorado\/admision\/requisitos-de-ingreso\/\",\"name\":\"Requisitos de Ingreso - Doctorado en Econom\u00eda de Negocios (Ph.D. in Business Economics)\",\"isPartOf\":{\"@id\":\"https:\/\/negocios.udd.cl\/doctorado\/#website\"},\"datePublished\":\"2016-08-30T20:27:07+00:00\",\"breadcrumb\":{\"@id\":\"https:\/\/negocios.udd.cl\/doctorado\/admision\/requisitos-de-ingreso\/#breadcrumb\"},\"inLanguage\":\"es\",\"potentialAction\":[{\"@type\":\"ReadAction\",\"target\":[\"https:\/\/negocios.udd.cl\/doctorado\/admision\/requisitos-de-ingreso\/\"]}]},{\"@type\":\"BreadcrumbList\",\"@id\":\"https:\/\/negocios.udd.cl\/doctorado\/admision\/requisitos-de-ingreso\/#breadcrumb\",\"itemListElement\":[{\"@type\":\"ListItem\",\"position\":1,\"name\":\"Portada\",\"item\":\"https:\/\/negocios.udd.cl\/doctorado\/\"},{\"@type\":\"ListItem\",\"position\":2,\"name\":\"Admisi\u00f3n\",\"item\":\"https:\/\/negocios.udd.cl\/doctorado\/admision\/\"},{\"@type\":\"ListItem\",\"position\":3,\"name\":\"Requisitos de Ingreso\"}]},{\"@type\":\"WebSite\",\"@id\":\"https:\/\/negocios.udd.cl\/doctorado\/#website\",\"url\":\"https:\/\/negocios.udd.cl\/doctorado\/\",\"name\":\"Doctorado en Econom\u00eda de Negocios (Ph.D. in Business Economics)\",\"description\":\"Universidad del Desarrollo\",\"inLanguage\":\"es\"}]}<\/script>\n<!-- \/ Yoast SEO plugin. -->","yoast_head_json":{"title":"Requisitos de Ingreso - Doctorado en Econom\u00eda de Negocios (Ph.D. in Business Economics)","robots":{"index":"index","follow":"follow","max-snippet":"max-snippet:-1","max-image-preview":"max-image-preview:large","max-video-preview":"max-video-preview:-1"},"canonical":"https:\/\/negocios.udd.cl\/doctorado\/admision\/requisitos-de-ingreso\/","og_locale":"es_ES","og_type":"article","og_title":"Requisitos de Ingreso - Doctorado en Econom\u00eda de Negocios (Ph.D. in Business Economics)","og_description":"Para ser considerado para admisi\u00f3n el alumno deber\u00e1: Poseer grado de Licenciado o superior. Tener una s\u00f3lida formaci\u00f3n matem\u00e1tica ratificada por su desempe\u00f1o en sus cursos de c\u00e1lculo y \u00e1lgebra. Tener dominio del idioma ingl\u00e9s de al menos nivel intermedio ratificado por examen TOEFL o equivalente. Una opci\u00f3n r\u00e1pida es rendir el ETAAPP ofrecido por [&hellip;]","og_url":"https:\/\/negocios.udd.cl\/doctorado\/admision\/requisitos-de-ingreso\/","og_site_name":"Doctorado en Econom\u00eda de Negocios (Ph.D. in Business Economics)","twitter_card":"summary_large_image","twitter_misc":{"Tiempo de lectura":"4 minutos"},"schema":{"@context":"https:\/\/schema.org","@graph":[{"@type":"WebPage","@id":"https:\/\/negocios.udd.cl\/doctorado\/admision\/requisitos-de-ingreso\/","url":"https:\/\/negocios.udd.cl\/doctorado\/admision\/requisitos-de-ingreso\/","name":"Requisitos de Ingreso - Doctorado en Econom\u00eda de Negocios (Ph.D. in Business Economics)","isPartOf":{"@id":"https:\/\/negocios.udd.cl\/doctorado\/#website"},"datePublished":"2016-08-30T20:27:07+00:00","breadcrumb":{"@id":"https:\/\/negocios.udd.cl\/doctorado\/admision\/requisitos-de-ingreso\/#breadcrumb"},"inLanguage":"es","potentialAction":[{"@type":"ReadAction","target":["https:\/\/negocios.udd.cl\/doctorado\/admision\/requisitos-de-ingreso\/"]}]},{"@type":"BreadcrumbList","@id":"https:\/\/negocios.udd.cl\/doctorado\/admision\/requisitos-de-ingreso\/#breadcrumb","itemListElement":[{"@type":"ListItem","position":1,"name":"Portada","item":"https:\/\/negocios.udd.cl\/doctorado\/"},{"@type":"ListItem","position":2,"name":"Admisi\u00f3n","item":"https:\/\/negocios.udd.cl\/doctorado\/admision\/"},{"@type":"ListItem","position":3,"name":"Requisitos de Ingreso"}]},{"@type":"WebSite","@id":"https:\/\/negocios.udd.cl\/doctorado\/#website","url":"https:\/\/negocios.udd.cl\/doctorado\/","name":"Doctorado en Econom\u00eda de Negocios (Ph.D. in Business Economics)","description":"Universidad del Desarrollo","inLanguage":"es"}]}},"_links":{"self":[{"href":"https:\/\/negocios.udd.cl\/doctorado\/wp-json\/wp\/v2\/pages\/25","targetHints":{"allow":["GET"]}}],"collection":[{"href":"https:\/\/negocios.udd.cl\/doctorado\/wp-json\/wp\/v2\/pages"}],"about":[{"href":"https:\/\/negocios.udd.cl\/doctorado\/wp-json\/wp\/v2\/types\/page"}],"author":[{"embeddable":true,"href":"https:\/\/negocios.udd.cl\/doctorado\/wp-json\/wp\/v2\/users\/19"}],"replies":[{"embeddable":true,"href":"https:\/\/negocios.udd.cl\/doctorado\/wp-json\/wp\/v2\/comments?post=25"}],"version-history":[{"count":0,"href":"https:\/\/negocios.udd.cl\/doctorado\/wp-json\/wp\/v2\/pages\/25\/revisions"}],"up":[{"embeddable":true,"href":"https:\/\/negocios.udd.cl\/doctorado\/wp-json\/wp\/v2\/pages\/23"}],"wp:attachment":[{"href":"https:\/\/negocios.udd.cl\/doctorado\/wp-json\/wp\/v2\/media?parent=25"}],"curies":[{"name":"wp","href":"https:\/\/api.w.org\/{rel}","templated":true}]}}