{"id":6,"date":"2022-04-08T16:39:30","date_gmt":"2022-04-08T16:39:30","guid":{"rendered":"https:\/\/negocios.udd.cl\/doctorado\/?page_id=6"},"modified":"2025-11-19T10:05:54","modified_gmt":"2025-11-19T13:05:54","slug":"inicio","status":"publish","type":"page","link":"https:\/\/negocios.udd.cl\/doctorado\/","title":{"rendered":"Inicio"},"content":{"rendered":"<section class=\"wp-block-udd-text-row block--bg-gray\">\n\t<div class=\"text-row\">\n\t\t<div class=\"text-row__content\">\n\t\t\t<div class=\"text-row__content-inner text\">\n\t\t\t\t\t\t\t\t<h2>Presentaci\u00f3n del Programa<\/h2>\n\t\t\t\t\t\t\t\t\n<p>La Facultad de Econom\u00eda y Negocios (FEN) de la Universidad del Desarrollo, ofrece el Doctorado en Econom\u00eda de Negocios con el objetivo de contribuir a la investigaci\u00f3n en el \u00e1rea de negocios desde una perspectiva econ\u00f3mica.&nbsp;<\/p>\n\n<p>El Doctorado en Econom\u00eda de Negocios (DEN) tiene como objetivo contribuir a la formaci\u00f3n de capital humano avanzado en el \u00e1rea de administraci\u00f3n de empresas, emprendimiento y sustentabilidad, caracterizado por una s\u00f3lida formaci\u00f3n en microeconom\u00eda y m\u00e9todos emp\u00edricos que permitan comprender, analizar y generar nuevos conocimientos sobre cuestiones relacionadas con la empresa, su creaci\u00f3n, gesti\u00f3n, desarrollo y relaci\u00f3n con su entorno.&nbsp;<\/p>\n\n<p>Contamos con personal acad\u00e9mico de reconocido prestigio nacional e internacional en las \u00e1reas de investigaci\u00f3n ofertadas, con doctores formados en prestigiosas universidades de Norteam\u00e9rica y Europa.&nbsp;<\/p>\n\t\t\t<\/div>\n\t\t<\/div>\n\t\t<div class=\"text-row__media\">\n\t\t\t<img loading=\"lazy\" decoding=\"async\" width=\"952\" height=\"534\" src=\"https:\/\/negocios.udd.cl\/doctorado\/files\/2019\/06\/Copia-de-Fachada-UDD-Conce-952x534.jpg\" class=\"text-row__media-image\" alt=\"\" srcset=\"https:\/\/negocios.udd.cl\/doctorado\/files\/2019\/06\/Copia-de-Fachada-UDD-Conce-952x534.jpg 952w, https:\/\/negocios.udd.cl\/doctorado\/files\/2019\/06\/Copia-de-Fachada-UDD-Conce-1366x768.jpg 1366w, https:\/\/negocios.udd.cl\/doctorado\/files\/2019\/06\/Copia-de-Fachada-UDD-Conce-680x382.jpg 680w\" sizes=\"auto, (max-width: 952px) 100vw, 952px\" \/>\t\t<\/div>\n\t<\/div>\n<\/section>\n\n\n<section class=\"wp-block-udd-text-row block--content-align-right block--bg-gray\">\n\t<div class=\"text-row\">\n\t\t<div class=\"text-row__content\">\n\t\t\t<div class=\"text-row__content-inner text\">\n\t\t\t\t\t\t\t\t<h2>\u00bfQu\u00e9 nos distingue?<\/h2>\n\t\t\t\t\t\t\t\t\n<p> El Doctorado en Econom\u00eda de Negocios se distingue de un Doctorado en Econom\u00eda debido a que su \u00e9nfasis no est\u00e1 puesto exclusivamente en la profundizaci\u00f3n de conocimientos en el \u00e1rea de las ciencias econ\u00f3micas, sino m\u00e1s bien en el desarrollo de modelos que mejoren nuestro entendimiento sobre problemas concretos que afectan a negocios y su entorno.   A su vez, el DEN se distingue de un Doctorado en Management por su \u00e9nfasis en el uso del an\u00e1lisis econ\u00f3mico y cuantitativo para comprender, analizar y responder problemas en el \u00e1rea de negocios.   <\/p>\n\n<p> Te invitamos a informarte, y si est\u00e1s interesado y cumples con los requisitos,  postula a nuestro programa de dedicaci\u00f3n exclusiva. Disponemos de cinco becas para los postulantes que mejor se adecuen al perfil del programa.  <\/p>\n\t\t\t<\/div>\n\t\t<\/div>\n\t\t<div class=\"text-row__media\">\n\t\t\t<img loading=\"lazy\" decoding=\"async\" width=\"952\" height=\"534\" src=\"https:\/\/negocios.udd.cl\/doctorado\/files\/2022\/05\/pexels-nataliya-vaitkevich-6120166-952x534.jpg\" class=\"text-row__media-image\" alt=\"\" srcset=\"https:\/\/negocios.udd.cl\/doctorado\/files\/2022\/05\/pexels-nataliya-vaitkevich-6120166-952x534.jpg 952w, https:\/\/negocios.udd.cl\/doctorado\/files\/2022\/05\/pexels-nataliya-vaitkevich-6120166-1366x768.jpg 1366w, https:\/\/negocios.udd.cl\/doctorado\/files\/2022\/05\/pexels-nataliya-vaitkevich-6120166-680x382.jpg 680w\" sizes=\"auto, (max-width: 952px) 100vw, 952px\" \/>\t\t<\/div>\n\t<\/div>\n<\/section>\n\n\n<!-- WP Block: UDD - Access Cards -->\n<section\n\tid=\"udd-access-cards--1\"\n\tclass=\"wp-block-udd-access-cards\n\t\tis-style-blue-bg\"\n\t\tstyle=\"\n\t\t--udd-blocks-has-columns-number: 2\t\t\"\n\t>\n\t<div class=\"container\">\n\t\t\t\t\t<header class=\"header__innerblock block__header\">\n\t\t\t<h2 class=\"block__title\">\u00c1REAS Y L\u00cdNEAS DE INVESTIGACI\u00d3N del programa<\/h2>\n\t\n\t\n\t<\/header>\n\t\t\t\t<div class=\"block__content\">\n\t\t\t<div\n\t\t\t\tclass=\"udd-access-cards\"\n\t\t\t\t\t\t\t>\n\t\t\t<div\n\tdata-index=\"1\"\n\tclass=\"udd-access-card-wrapper udd-access-card-wrapper--has-description\"\n\t>\n\t<a href=\"https:\/\/negocios.udd.cl\/doctorado\/fen\/\" class=\"access-card access-card--profile\" data-url=\"https:\/\/negocios.udd.cl\/doctorado\/fen\/\">\n\t\t\t\t\t\t<h3\n\t\t\tdata-index=\"1\"\n\t\t\tclass=\"access-card__title\"\n\t\t>\n\t\t\t\u201cProceso emprendedor\u201d, \u201cEntorno contextual para emprender\u201d y \u201cEstrategia y Teor\u00eda Organizacional\u201d\t\t<\/h3>\n\t\t\t\t<p class=\"access-card__description\">\n\t\t\t\n\t\t<\/p>\n\t\t\t\t<div class=\"access-card__link\">\n\t\t\t<span class=\"access-card__link-text\">Conocer m\u00e1s<\/span>\n\t\t<\/div>\n\t<\/a>\n<\/div>\n<div\n\tdata-index=\"2\"\n\tclass=\"udd-access-card-wrapper\"\n\t>\n\t<a href=\"https:\/\/negocios.udd.cl\/doctorado\/fen\/\" class=\"access-card access-card--profile\" data-url=\"https:\/\/negocios.udd.cl\/doctorado\/fen\/\">\n\t\t\t\t\t\t<h3\n\t\t\tdata-index=\"2\"\n\t\t\tclass=\"access-card__title\"\n\t\t>\n\t\t\t\u201cOrganizaci\u00f3n de Mercados\u201d y \u201cSustentabilidad Empresarial\u201d\t\t<\/h3>\n\t\t\t\t<div class=\"access-card__link\">\n\t\t\t<span class=\"access-card__link-text\">Conocer m\u00e1s<\/span>\n\t\t<\/div>\n\t<\/a>\n<\/div>\n\t\t\t<\/div>\n\t\t<\/div>\n\t<\/div>\n<\/section>\n\n\n<!-- WP Block: UDD - Banners Multiple -->\n<section class=\"wp-block-udd-banners-multiple  is-style-default\">\n\t<div class=\"container\">\n\t\t\t\t<div class=\"block__content\">\n\t\t\t<div id=\"udd-banners-multiple--1\"\n\t\t\t\t\t\t\t\t>\n\t\t\t\t\t\t\t\t<div class=\"banners\">\n\t\t\t\t\t\t\t\t\t<div class=\"banner-col\n\t\t\t\t\t active\t\t\t\t\t\">\n\t\t\t\t\t\t<a href=\"https:\/\/negocios.udd.cl\/doctorado\/academicos\/\" class=\"banner banner--multiple\" data-url=\"https:\/\/negocios.udd.cl\/doctorado\/academicos\/\">\n\t\t\t\t\t\t\t\t\t\t\t\t\t<img loading=\"lazy\" decoding=\"async\" width=\"952\" height=\"534\" src=\"https:\/\/negocios.udd.cl\/doctorado\/files\/2016\/10\/Lecuna-952x534.jpg\" class=\"banner__image\" alt=\"\" srcset=\"https:\/\/negocios.udd.cl\/doctorado\/files\/2016\/10\/Lecuna-952x534.jpg 952w, https:\/\/negocios.udd.cl\/doctorado\/files\/2016\/10\/Lecuna-1366x768.jpg 1366w, https:\/\/negocios.udd.cl\/doctorado\/files\/2016\/10\/Lecuna-680x382.jpg 680w\" sizes=\"auto, (max-width: 952px) 100vw, 952px\" \/>\t\t\t\t\t\t\t\t\t\t\t\t\t<div class=\"banner__content\">\n\t\t\t\t\t\t\t\t<span class=\"banner__title\">investigadores<\/span>\n\t\t\t\t\t\t\t\t\t\t\t\t\t\t\t\t\t<span class=\"banner__description\">Conoce nuestro cuerpo de profesores<\/span>\n\t\t\t\t\t\t\t\t\t\t\t\t\t\t\t\t\t\t\t\t\t\t\t<\/div>\n\t\t\t\t\t\t<\/a>\n\t\t\t\t\t<\/div>\n\t\t\t\t\t\t\t\t\t<div class=\"banner-col\n\t\t\t\t\t\t\t\t\t\t\">\n\t\t\t\t\t\t<a href=\"https:\/\/negocios.udd.cl\/doctorado\/admision\/\" class=\"banner banner--multiple\" data-url=\"https:\/\/negocios.udd.cl\/doctorado\/admision\/\">\n\t\t\t\t\t\t\t\t\t\t\t\t\t<img loading=\"lazy\" decoding=\"async\" width=\"952\" height=\"534\" src=\"https:\/\/negocios.udd.cl\/doctorado\/files\/2022\/05\/pexels-kampus-production-5940721-952x534.jpg\" class=\"banner__image\" alt=\"\" srcset=\"https:\/\/negocios.udd.cl\/doctorado\/files\/2022\/05\/pexels-kampus-production-5940721-952x534.jpg 952w, https:\/\/negocios.udd.cl\/doctorado\/files\/2022\/05\/pexels-kampus-production-5940721-1366x768.jpg 1366w, https:\/\/negocios.udd.cl\/doctorado\/files\/2022\/05\/pexels-kampus-production-5940721-680x382.jpg 680w\" sizes=\"auto, (max-width: 952px) 100vw, 952px\" \/>\t\t\t\t\t\t\t\t\t\t\t\t\t<div class=\"banner__content\">\n\t\t\t\t\t\t\t\t<span class=\"banner__title\">admisi\u00f3n<\/span>\n\t\t\t\t\t\t\t\t\t\t\t\t\t\t\t\t\t<span class=\"banner__description\">Conoce todos los requisitos y becas disponibles<\/span>\n\t\t\t\t\t\t\t\t\t\t\t\t\t\t\t\t\t\t\t\t\t\t\t<\/div>\n\t\t\t\t\t\t<\/a>\n\t\t\t\t\t<\/div>\n\t\t\t\t\t\t\t\t\t<div class=\"banner-col\n\t\t\t\t\t\t\t\t\t\t\">\n\t\t\t\t\t\t<a href=\"https:\/\/negocios.udd.cl\/doctorado\/malla-curricular\/\" class=\"banner banner--multiple\" data-url=\"https:\/\/negocios.udd.cl\/doctorado\/malla-curricular\/\">\n\t\t\t\t\t\t\t\t\t\t\t\t\t<img loading=\"lazy\" decoding=\"async\" width=\"952\" height=\"534\" src=\"https:\/\/negocios.udd.cl\/doctorado\/files\/2022\/05\/pexels-sharon-mccutcheon-1148399-952x534.jpg\" class=\"banner__image\" alt=\"\" srcset=\"https:\/\/negocios.udd.cl\/doctorado\/files\/2022\/05\/pexels-sharon-mccutcheon-1148399-952x534.jpg 952w, https:\/\/negocios.udd.cl\/doctorado\/files\/2022\/05\/pexels-sharon-mccutcheon-1148399-1366x768.jpg 1366w, https:\/\/negocios.udd.cl\/doctorado\/files\/2022\/05\/pexels-sharon-mccutcheon-1148399-680x382.jpg 680w\" sizes=\"auto, (max-width: 952px) 100vw, 952px\" \/>\t\t\t\t\t\t\t\t\t\t\t\t\t<div class=\"banner__content\">\n\t\t\t\t\t\t\t\t<span class=\"banner__title\">malla curricular<\/span>\n\t\t\t\t\t\t\t\t\t\t\t\t\t\t\t\t\t<span class=\"banner__description\">Revisa nuestra malla y las asignaturas que se imparten<\/span>\n\t\t\t\t\t\t\t\t\t\t\t\t\t\t\t\t\t\t\t\t\t\t\t<\/div>\n\t\t\t\t\t\t<\/a>\n\t\t\t\t\t<\/div>\n\t\t\t\t\t\t\t\t\t<div class=\"banner-col\n\t\t\t\t\t\t\t\t\t\t\">\n\t\t\t\t\t\t<a href=\"https:\/\/negocios.udd.cl\/doctorado\/admision\/\" class=\"banner banner--multiple\" data-url=\"https:\/\/negocios.udd.cl\/doctorado\/admision\/\">\n\t\t\t\t\t\t\t\t\t\t\t\t\t<img loading=\"lazy\" decoding=\"async\" width=\"952\" height=\"534\" src=\"https:\/\/negocios.udd.cl\/doctorado\/files\/2022\/05\/pexels-olya-kobruseva-5428832-952x534.jpg\" class=\"banner__image\" alt=\"\" srcset=\"https:\/\/negocios.udd.cl\/doctorado\/files\/2022\/05\/pexels-olya-kobruseva-5428832-952x534.jpg 952w, https:\/\/negocios.udd.cl\/doctorado\/files\/2022\/05\/pexels-olya-kobruseva-5428832-1366x768.jpg 1366w, https:\/\/negocios.udd.cl\/doctorado\/files\/2022\/05\/pexels-olya-kobruseva-5428832-680x382.jpg 680w\" sizes=\"auto, (max-width: 952px) 100vw, 952px\" \/>\t\t\t\t\t\t\t\t\t\t\t\t\t<div class=\"banner__content\">\n\t\t\t\t\t\t\t\t<span class=\"banner__title\">faq<\/span>\n\t\t\t\t\t\t\t\t\t\t\t\t\t\t\t\t\t<span class=\"banner__description\">Preguntas frecuentes<\/span>\n\t\t\t\t\t\t\t\t\t\t\t\t\t\t\t\t\t\t\t\t\t\t\t<\/div>\n\t\t\t\t\t\t<\/a>\n\t\t\t\t\t<\/div>\n\t\t\t\t\t\t\t\t<\/div>\n\t\t\t<\/div>\n\t\t<\/div>\n\t<\/div>\n<\/section>\n\n\n<p class=\"wp-block-udd-button text-center\"><a class=\"btn btn-primary btn-lg\" href=\"https:\/\/negocios.udd.cl\/doctorado\/graduados\/\" data-url=\"https:\/\/negocios.udd.cl\/doctorado\/graduados\/\"> \u00a1CONOCE A NUESTROS GRADUADOS! <\/a><\/p>\n\n\n<!-- WP Block: UDD - People -->\n<section class=\"wp-block-udd-people is-style-clear--no-image\">\n\t<div class=\"container\">\n\t\t\t\t<header class=\"block__header\">\n\t\t\t\t\t\t\t\n<h2 class=\"wp-block-heading\">Contacto:<\/h2>\n\t\t\t\t\t\t\t\t<\/header>\n\t\t\t\t<div class=\"people-cards\">\n\t\t\t\t\t<div class=\"person-card\">\n\t<a href=\"https:\/\/negocios.udd.cl\/doctorado\/persona\/carlos-poblete-ph-d\/\"\n\t\tclass=\"person-card__inner js-person-modal\"\n\t\tdata-post-id=\"1606\"\n\t\tdata-postid=\"1606\"\n\t>\n\t\t\t<div class=\"person-card__media\">\n\t\t\t<img loading=\"lazy\" decoding=\"async\" width=\"500\" height=\"500\" src=\"https:\/\/negocios.udd.cl\/doctorado\/files\/2022\/05\/PHOTO-2022-05-16-16-39-51.jpg\" class=\"person-card__image wp-post-image\" alt=\"\" srcset=\"https:\/\/negocios.udd.cl\/doctorado\/files\/2022\/05\/PHOTO-2022-05-16-16-39-51.jpg 500w, https:\/\/negocios.udd.cl\/doctorado\/files\/2022\/05\/PHOTO-2022-05-16-16-39-51-300x300.jpg 300w, https:\/\/negocios.udd.cl\/doctorado\/files\/2022\/05\/PHOTO-2022-05-16-16-39-51-150x150.jpg 150w, https:\/\/negocios.udd.cl\/doctorado\/files\/2022\/05\/PHOTO-2022-05-16-16-39-51-62x62.jpg 62w, https:\/\/negocios.udd.cl\/doctorado\/files\/2022\/05\/PHOTO-2022-05-16-16-39-51-250x250.jpg 250w, https:\/\/negocios.udd.cl\/doctorado\/files\/2022\/05\/PHOTO-2022-05-16-16-39-51-126x126.jpg 126w\" sizes=\"auto, (max-width: 500px) 100vw, 500px\" \/>\t\t<\/div>\n\t\t\t<div class=\"person-card__content\">\n\t\t\t<h3 class=\"person-card__name\">Carlos  Poblete, Ph.D.<\/h3>\n\t\t\t\t\t<span class=\"person-card__description\">DEN Director and Researcher <\/span>\n\t\t\t\t\t<span class=\"person-card__cta\">Ver perfil<\/span>\n\t\t<\/div>\n\t<\/a>\n<\/div>\n\t\t\t\t\t<div class=\"person-card\">\n\t<a href=\"https:\/\/negocios.udd.cl\/doctorado\/persona\/carlos-smith-c\/\"\n\t\tclass=\"person-card__inner js-person-modal\"\n\t\tdata-post-id=\"2210\"\n\t\tdata-postid=\"2210\"\n\t>\n\t\t\t<div class=\"person-card__media\">\n\t\t\t<img loading=\"lazy\" decoding=\"async\" width=\"500\" height=\"500\" src=\"https:\/\/negocios.udd.cl\/doctorado\/files\/2025\/03\/dsc1511-500x500.jpg\" class=\"person-card__image wp-post-image\" alt=\"\" srcset=\"https:\/\/negocios.udd.cl\/doctorado\/files\/2025\/03\/dsc1511-500x500.jpg 500w, https:\/\/negocios.udd.cl\/doctorado\/files\/2025\/03\/dsc1511-150x150.jpg 150w, https:\/\/negocios.udd.cl\/doctorado\/files\/2025\/03\/dsc1511-62x62.jpg 62w, https:\/\/negocios.udd.cl\/doctorado\/files\/2025\/03\/dsc1511-750x750.jpg 750w, https:\/\/negocios.udd.cl\/doctorado\/files\/2025\/03\/dsc1511-250x250.jpg 250w, https:\/\/negocios.udd.cl\/doctorado\/files\/2025\/03\/dsc1511-126x126.jpg 126w\" sizes=\"auto, (max-width: 500px) 100vw, 500px\" \/>\t\t<\/div>\n\t\t\t<div class=\"person-card__content\">\n\t\t\t<h3 class=\"person-card__name\">Carlos Smith C.<\/h3>\n\t\t\t\t\t<span class=\"person-card__description\">Director de Gesti\u00f3n Acad\u00e9mica Doctorado en Econom\u00eda de Negocios<\/span>\n\t\t\t\t\t<span class=\"person-card__cta\">Ver perfil<\/span>\n\t\t<\/div>\n\t<\/a>\n<\/div>\n\t\t\t\t\t<div class=\"person-card\">\n\t<a href=\"https:\/\/negocios.udd.cl\/doctorado\/persona\/paola-anacona\/\"\n\t\tclass=\"person-card__inner js-person-modal\"\n\t\tdata-post-id=\"2101\"\n\t\tdata-postid=\"2101\"\n\t>\n\t\t\t<div class=\"person-card__content\">\n\t\t\t<h3 class=\"person-card__name\">Paola Anacona<\/h3>\n\t\t\t\t\t<span class=\"person-card__description\">Asistente DEN UDD<\/span>\n\t\t\t\t\t<span class=\"person-card__cta\">Ver perfil<\/span>\n\t\t<\/div>\n\t<\/a>\n<\/div>\n\t\t\t\t<\/div>\n\t<\/div>\n<\/section>\n","protected":false},"excerpt":{"rendered":"","protected":false},"author":9192218,"featured_media":0,"parent":0,"menu_order":0,"comment_status":"closed","ping_status":"closed","template":"","meta":{"footnotes":""},"class_list":["post-6","page","type-page","status-publish","hentry"],"yoast_head":"<!-- This site is optimized with the Yoast SEO plugin v26.9 - https:\/\/yoast.com\/product\/yoast-seo-wordpress\/ -->\n<title>Inicio - Doctorado en Econom\u00eda de Negocios (Ph.D. in Business Economics)<\/title>\n<meta name=\"robots\" content=\"index, follow, max-snippet:-1, max-image-preview:large, max-video-preview:-1\" \/>\n<link rel=\"canonical\" href=\"https:\/\/negocios.udd.cl\/doctorado\/\" \/>\n<meta property=\"og:locale\" content=\"es_ES\" \/>\n<meta property=\"og:type\" content=\"article\" \/>\n<meta property=\"og:title\" content=\"Inicio - Doctorado en Econom\u00eda de Negocios (Ph.D. in Business Economics)\" \/>\n<meta property=\"og:url\" content=\"https:\/\/negocios.udd.cl\/doctorado\/\" \/>\n<meta property=\"og:site_name\" content=\"Doctorado en Econom\u00eda de Negocios (Ph.D. in Business Economics)\" \/>\n<meta property=\"article:modified_time\" content=\"2025-11-19T13:05:54+00:00\" \/>\n<meta property=\"og:image\" content=\"https:\/\/negocios.udd.cl\/doctorado\/files\/2019\/06\/Copia-de-Fachada-UDD-Conce.jpg\" \/>\n<meta name=\"twitter:card\" content=\"summary_large_image\" \/>\n<meta name=\"twitter:label1\" content=\"Tiempo de lectura\" \/>\n\t<meta name=\"twitter:data1\" content=\"2 minutos\" \/>\n<script type=\"application\/ld+json\" class=\"yoast-schema-graph\">{\"@context\":\"https:\/\/schema.org\",\"@graph\":[{\"@type\":\"WebPage\",\"@id\":\"https:\/\/negocios.udd.cl\/doctorado\/\",\"url\":\"https:\/\/negocios.udd.cl\/doctorado\/\",\"name\":\"Inicio - Doctorado en Econom\u00eda de Negocios (Ph.D. in Business Economics)\",\"isPartOf\":{\"@id\":\"https:\/\/negocios.udd.cl\/doctorado\/#website\"},\"primaryImageOfPage\":{\"@id\":\"https:\/\/negocios.udd.cl\/doctorado\/#primaryimage\"},\"image\":{\"@id\":\"https:\/\/negocios.udd.cl\/doctorado\/#primaryimage\"},\"thumbnailUrl\":\"https:\/\/negocios.udd.cl\/doctorado\/files\/2019\/06\/Copia-de-Fachada-UDD-Conce.jpg\",\"datePublished\":\"2022-04-08T16:39:30+00:00\",\"dateModified\":\"2025-11-19T13:05:54+00:00\",\"breadcrumb\":{\"@id\":\"https:\/\/negocios.udd.cl\/doctorado\/#breadcrumb\"},\"inLanguage\":\"es\",\"potentialAction\":[{\"@type\":\"ReadAction\",\"target\":[\"https:\/\/negocios.udd.cl\/doctorado\/\"]}]},{\"@type\":\"ImageObject\",\"inLanguage\":\"es\",\"@id\":\"https:\/\/negocios.udd.cl\/doctorado\/#primaryimage\",\"url\":\"https:\/\/negocios.udd.cl\/doctorado\/files\/2019\/06\/Copia-de-Fachada-UDD-Conce.jpg\",\"contentUrl\":\"https:\/\/negocios.udd.cl\/doctorado\/files\/2019\/06\/Copia-de-Fachada-UDD-Conce.jpg\",\"width\":1379,\"height\":1374},{\"@type\":\"BreadcrumbList\",\"@id\":\"https:\/\/negocios.udd.cl\/doctorado\/#breadcrumb\",\"itemListElement\":[{\"@type\":\"ListItem\",\"position\":1,\"name\":\"Portada\",\"item\":\"https:\/\/negocios.udd.cl\/doctorado\/\"},{\"@type\":\"ListItem\",\"position\":2,\"name\":\"Inicio\"}]},{\"@type\":\"WebSite\",\"@id\":\"https:\/\/negocios.udd.cl\/doctorado\/#website\",\"url\":\"https:\/\/negocios.udd.cl\/doctorado\/\",\"name\":\"Doctorado en Econom\u00eda de Negocios (Ph.D. in Business Economics)\",\"description\":\"Universidad del Desarrollo\",\"inLanguage\":\"es\"}]}<\/script>\n<!-- \/ Yoast SEO plugin. -->","yoast_head_json":{"title":"Inicio - Doctorado en Econom\u00eda de Negocios (Ph.D. in Business Economics)","robots":{"index":"index","follow":"follow","max-snippet":"max-snippet:-1","max-image-preview":"max-image-preview:large","max-video-preview":"max-video-preview:-1"},"canonical":"https:\/\/negocios.udd.cl\/doctorado\/","og_locale":"es_ES","og_type":"article","og_title":"Inicio - Doctorado en Econom\u00eda de Negocios (Ph.D. in Business Economics)","og_url":"https:\/\/negocios.udd.cl\/doctorado\/","og_site_name":"Doctorado en Econom\u00eda de Negocios (Ph.D. in Business Economics)","article_modified_time":"2025-11-19T13:05:54+00:00","og_image":[{"url":"https:\/\/negocios.udd.cl\/doctorado\/files\/2019\/06\/Copia-de-Fachada-UDD-Conce.jpg","type":"","width":"","height":""}],"twitter_card":"summary_large_image","twitter_misc":{"Tiempo de lectura":"2 minutos"},"schema":{"@context":"https:\/\/schema.org","@graph":[{"@type":"WebPage","@id":"https:\/\/negocios.udd.cl\/doctorado\/","url":"https:\/\/negocios.udd.cl\/doctorado\/","name":"Inicio - Doctorado en Econom\u00eda de Negocios (Ph.D. in Business Economics)","isPartOf":{"@id":"https:\/\/negocios.udd.cl\/doctorado\/#website"},"primaryImageOfPage":{"@id":"https:\/\/negocios.udd.cl\/doctorado\/#primaryimage"},"image":{"@id":"https:\/\/negocios.udd.cl\/doctorado\/#primaryimage"},"thumbnailUrl":"https:\/\/negocios.udd.cl\/doctorado\/files\/2019\/06\/Copia-de-Fachada-UDD-Conce.jpg","datePublished":"2022-04-08T16:39:30+00:00","dateModified":"2025-11-19T13:05:54+00:00","breadcrumb":{"@id":"https:\/\/negocios.udd.cl\/doctorado\/#breadcrumb"},"inLanguage":"es","potentialAction":[{"@type":"ReadAction","target":["https:\/\/negocios.udd.cl\/doctorado\/"]}]},{"@type":"ImageObject","inLanguage":"es","@id":"https:\/\/negocios.udd.cl\/doctorado\/#primaryimage","url":"https:\/\/negocios.udd.cl\/doctorado\/files\/2019\/06\/Copia-de-Fachada-UDD-Conce.jpg","contentUrl":"https:\/\/negocios.udd.cl\/doctorado\/files\/2019\/06\/Copia-de-Fachada-UDD-Conce.jpg","width":1379,"height":1374},{"@type":"BreadcrumbList","@id":"https:\/\/negocios.udd.cl\/doctorado\/#breadcrumb","itemListElement":[{"@type":"ListItem","position":1,"name":"Portada","item":"https:\/\/negocios.udd.cl\/doctorado\/"},{"@type":"ListItem","position":2,"name":"Inicio"}]},{"@type":"WebSite","@id":"https:\/\/negocios.udd.cl\/doctorado\/#website","url":"https:\/\/negocios.udd.cl\/doctorado\/","name":"Doctorado en Econom\u00eda de Negocios (Ph.D. in Business Economics)","description":"Universidad del Desarrollo","inLanguage":"es"}]}},"_links":{"self":[{"href":"https:\/\/negocios.udd.cl\/doctorado\/wp-json\/wp\/v2\/pages\/6","targetHints":{"allow":["GET"]}}],"collection":[{"href":"https:\/\/negocios.udd.cl\/doctorado\/wp-json\/wp\/v2\/pages"}],"about":[{"href":"https:\/\/negocios.udd.cl\/doctorado\/wp-json\/wp\/v2\/types\/page"}],"author":[{"embeddable":true,"href":"https:\/\/negocios.udd.cl\/doctorado\/wp-json\/wp\/v2\/users\/9192218"}],"replies":[{"embeddable":true,"href":"https:\/\/negocios.udd.cl\/doctorado\/wp-json\/wp\/v2\/comments?post=6"}],"version-history":[{"count":50,"href":"https:\/\/negocios.udd.cl\/doctorado\/wp-json\/wp\/v2\/pages\/6\/revisions"}],"predecessor-version":[{"id":2213,"href":"https:\/\/negocios.udd.cl\/doctorado\/wp-json\/wp\/v2\/pages\/6\/revisions\/2213"}],"wp:attachment":[{"href":"https:\/\/negocios.udd.cl\/doctorado\/wp-json\/wp\/v2\/media?parent=6"}],"curies":[{"name":"wp","href":"https:\/\/api.w.org\/{rel}","templated":true}]}}