{"id":117,"date":"2010-12-02T16:17:11","date_gmt":"2010-12-02T19:17:11","guid":{"rendered":"http:\/\/negocios.udd.cl\/gemchile\/investigaciones\/"},"modified":"2014-11-18T10:20:28","modified_gmt":"2014-11-18T13:20:28","slug":"investigaciones","status":"publish","type":"page","link":"https:\/\/negocios.udd.cl\/gemchile\/investigaciones\/","title":{"rendered":"Investigaci\u00f3n"},"content":{"rendered":"<p>El emprendimiento es un fen\u00f3meno complejo que puede ser estudiado desde diferentes aristas, entre las que est\u00e1n las caracter\u00edsticas del individuo emprendedor, las del mercado local y las pol\u00edticas p\u00fablicas que fomentan o frenan el desarrollo emprendedor, entre otros.<br \/>\n&nbsp;<br \/>\nEs por lo anterior que el GEM ofrece un amplio conjunto de medidas y datos destinados a describir varios aspectos que componen y determinan la actividad emprendedora de un pa\u00eds. A partir de estos resultados, se han desarrollado una inumerable cantidad de trabajos cient\u00edficos.<br \/>\n&nbsp;<br \/>\nA continuaci\u00f3n eencontrar\u00e1 una recopilaci\u00f3n de investigaciones realizadas por miembros del equipo GEM Chile, respecto al emprendimiento en Chile y en Latinoam\u00e9rica.<\/p>\n<ul>\n<li><a href=\"http:\/\/negocios.udd.cl\/gemchile\/reportes\/reportes-nacionales\/\" target=\"_blank\">Reportes Nacionales<\/a><\/li>\n<\/ul>\n","protected":false},"excerpt":{"rendered":"<p>El emprendimiento es un fen\u00f3meno complejo que puede ser estudiado desde diferentes aristas, entre las que est\u00e1n las caracter\u00edsticas del individuo emprendedor, las del mercado local y las pol\u00edticas p\u00fablicas que fomentan o frenan el desarrollo emprendedor, entre otros. &nbsp; Es por lo anterior que el GEM ofrece un amplio conjunto de medidas y datos [&hellip;]<\/p>\n","protected":false},"author":1,"featured_media":0,"parent":0,"menu_order":5,"comment_status":"open","ping_status":"open","template":"","meta":{"footnotes":""},"class_list":["post-117","page","type-page","status-publish","hentry"],"yoast_head":"<!-- This site is optimized with the Yoast SEO plugin v26.9 - https:\/\/yoast.com\/product\/yoast-seo-wordpress\/ -->\n<title>Investigaci\u00f3n - Global Entrepreneurship Monitor Chile<\/title>\n<meta name=\"robots\" content=\"index, follow, max-snippet:-1, max-image-preview:large, max-video-preview:-1\" \/>\n<link rel=\"canonical\" href=\"https:\/\/negocios.udd.cl\/gemchile\/investigaciones\/\" \/>\n<meta property=\"og:locale\" content=\"es_ES\" \/>\n<meta property=\"og:type\" content=\"article\" \/>\n<meta property=\"og:title\" content=\"Investigaci\u00f3n - Global Entrepreneurship Monitor Chile\" \/>\n<meta property=\"og:description\" content=\"El emprendimiento es un fen\u00f3meno complejo que puede ser estudiado desde diferentes aristas, entre las que est\u00e1n las caracter\u00edsticas del individuo emprendedor, las del mercado local y las pol\u00edticas p\u00fablicas que fomentan o frenan el desarrollo emprendedor, entre otros. &nbsp; Es por lo anterior que el GEM ofrece un amplio conjunto de medidas y datos [&hellip;]\" \/>\n<meta property=\"og:url\" content=\"https:\/\/negocios.udd.cl\/gemchile\/investigaciones\/\" \/>\n<meta property=\"og:site_name\" content=\"Global Entrepreneurship Monitor Chile\" \/>\n<meta property=\"article:modified_time\" content=\"2014-11-18T13:20:28+00:00\" \/>\n<meta name=\"twitter:label1\" content=\"Tiempo de lectura\" \/>\n\t<meta name=\"twitter:data1\" content=\"1 minuto\" \/>\n<script type=\"application\/ld+json\" class=\"yoast-schema-graph\">{\"@context\":\"https:\/\/schema.org\",\"@graph\":[{\"@type\":\"WebPage\",\"@id\":\"https:\/\/negocios.udd.cl\/gemchile\/investigaciones\/\",\"url\":\"https:\/\/negocios.udd.cl\/gemchile\/investigaciones\/\",\"name\":\"Investigaci\u00f3n - Global Entrepreneurship Monitor Chile\",\"isPartOf\":{\"@id\":\"https:\/\/negocios.udd.cl\/gemchile\/#website\"},\"datePublished\":\"2010-12-02T19:17:11+00:00\",\"dateModified\":\"2014-11-18T13:20:28+00:00\",\"breadcrumb\":{\"@id\":\"https:\/\/negocios.udd.cl\/gemchile\/investigaciones\/#breadcrumb\"},\"inLanguage\":\"es\",\"potentialAction\":[{\"@type\":\"ReadAction\",\"target\":[\"https:\/\/negocios.udd.cl\/gemchile\/investigaciones\/\"]}]},{\"@type\":\"BreadcrumbList\",\"@id\":\"https:\/\/negocios.udd.cl\/gemchile\/investigaciones\/#breadcrumb\",\"itemListElement\":[{\"@type\":\"ListItem\",\"position\":1,\"name\":\"Home\",\"item\":\"https:\/\/negocios.udd.cl\/gemchile\/\"},{\"@type\":\"ListItem\",\"position\":2,\"name\":\"Investigaci\u00f3n\"}]},{\"@type\":\"WebSite\",\"@id\":\"https:\/\/negocios.udd.cl\/gemchile\/#website\",\"url\":\"https:\/\/negocios.udd.cl\/gemchile\/\",\"name\":\"Global Entrepreneurship Monitor Chile\",\"description\":\"\",\"potentialAction\":[{\"@type\":\"SearchAction\",\"target\":{\"@type\":\"EntryPoint\",\"urlTemplate\":\"https:\/\/negocios.udd.cl\/gemchile\/?s={search_term_string}\"},\"query-input\":{\"@type\":\"PropertyValueSpecification\",\"valueRequired\":true,\"valueName\":\"search_term_string\"}}],\"inLanguage\":\"es\"}]}<\/script>\n<!-- \/ Yoast SEO plugin. -->","yoast_head_json":{"title":"Investigaci\u00f3n - Global Entrepreneurship Monitor Chile","robots":{"index":"index","follow":"follow","max-snippet":"max-snippet:-1","max-image-preview":"max-image-preview:large","max-video-preview":"max-video-preview:-1"},"canonical":"https:\/\/negocios.udd.cl\/gemchile\/investigaciones\/","og_locale":"es_ES","og_type":"article","og_title":"Investigaci\u00f3n - Global Entrepreneurship Monitor Chile","og_description":"El emprendimiento es un fen\u00f3meno complejo que puede ser estudiado desde diferentes aristas, entre las que est\u00e1n las caracter\u00edsticas del individuo emprendedor, las del mercado local y las pol\u00edticas p\u00fablicas que fomentan o frenan el desarrollo emprendedor, entre otros. &nbsp; Es por lo anterior que el GEM ofrece un amplio conjunto de medidas y datos [&hellip;]","og_url":"https:\/\/negocios.udd.cl\/gemchile\/investigaciones\/","og_site_name":"Global Entrepreneurship Monitor Chile","article_modified_time":"2014-11-18T13:20:28+00:00","twitter_misc":{"Tiempo de lectura":"1 minuto"},"schema":{"@context":"https:\/\/schema.org","@graph":[{"@type":"WebPage","@id":"https:\/\/negocios.udd.cl\/gemchile\/investigaciones\/","url":"https:\/\/negocios.udd.cl\/gemchile\/investigaciones\/","name":"Investigaci\u00f3n - Global Entrepreneurship Monitor Chile","isPartOf":{"@id":"https:\/\/negocios.udd.cl\/gemchile\/#website"},"datePublished":"2010-12-02T19:17:11+00:00","dateModified":"2014-11-18T13:20:28+00:00","breadcrumb":{"@id":"https:\/\/negocios.udd.cl\/gemchile\/investigaciones\/#breadcrumb"},"inLanguage":"es","potentialAction":[{"@type":"ReadAction","target":["https:\/\/negocios.udd.cl\/gemchile\/investigaciones\/"]}]},{"@type":"BreadcrumbList","@id":"https:\/\/negocios.udd.cl\/gemchile\/investigaciones\/#breadcrumb","itemListElement":[{"@type":"ListItem","position":1,"name":"Home","item":"https:\/\/negocios.udd.cl\/gemchile\/"},{"@type":"ListItem","position":2,"name":"Investigaci\u00f3n"}]},{"@type":"WebSite","@id":"https:\/\/negocios.udd.cl\/gemchile\/#website","url":"https:\/\/negocios.udd.cl\/gemchile\/","name":"Global Entrepreneurship Monitor Chile","description":"","potentialAction":[{"@type":"SearchAction","target":{"@type":"EntryPoint","urlTemplate":"https:\/\/negocios.udd.cl\/gemchile\/?s={search_term_string}"},"query-input":{"@type":"PropertyValueSpecification","valueRequired":true,"valueName":"search_term_string"}}],"inLanguage":"es"}]}},"_links":{"self":[{"href":"https:\/\/negocios.udd.cl\/gemchile\/wp-json\/wp\/v2\/pages\/117","targetHints":{"allow":["GET"]}}],"collection":[{"href":"https:\/\/negocios.udd.cl\/gemchile\/wp-json\/wp\/v2\/pages"}],"about":[{"href":"https:\/\/negocios.udd.cl\/gemchile\/wp-json\/wp\/v2\/types\/page"}],"author":[{"embeddable":true,"href":"https:\/\/negocios.udd.cl\/gemchile\/wp-json\/wp\/v2\/users\/1"}],"replies":[{"embeddable":true,"href":"https:\/\/negocios.udd.cl\/gemchile\/wp-json\/wp\/v2\/comments?post=117"}],"version-history":[{"count":27,"href":"https:\/\/negocios.udd.cl\/gemchile\/wp-json\/wp\/v2\/pages\/117\/revisions"}],"predecessor-version":[{"id":1556,"href":"https:\/\/negocios.udd.cl\/gemchile\/wp-json\/wp\/v2\/pages\/117\/revisions\/1556"}],"wp:attachment":[{"href":"https:\/\/negocios.udd.cl\/gemchile\/wp-json\/wp\/v2\/media?parent=117"}],"curies":[{"name":"wp","href":"https:\/\/api.w.org\/{rel}","templated":true}]}}