{"id":141,"date":"2010-12-03T11:41:15","date_gmt":"2010-12-03T14:41:15","guid":{"rendered":"http:\/\/negocios.udd.cl\/gemchile\/metodologia\/"},"modified":"2011-10-03T17:08:56","modified_gmt":"2011-10-03T20:08:56","slug":"metodologia","status":"publish","type":"page","link":"https:\/\/negocios.udd.cl\/gemchile\/metodologia\/","title":{"rendered":"Metodolog\u00eda"},"content":{"rendered":"<p style=\"text-align: justify;\">El GEM es un estudio social dirigido a individuos y desde la perspectiva de la investigaci\u00f3n del GEM, las personas son los agentes primarios que idean, comienzan y mantienen los nuevos negocios. De este modo, la metodolog\u00eda del GEM se enfoca en las personas y el fen\u00f3meno emprendedor y basa su metodolog\u00eda en el uso de encuestas que son aplicadas tanto a emprendedores (de cualquier tipo) como a expertos en el tema.\u00a0<\/p>\n<p style=\"text-align: justify;\">Para poder medir esta actividad emprendedora es que el GEM se concentra en las siguientes variables:\u00a0<\/p>\n<p style=\"text-align: justify;\"><strong>1. Contexto social, cultural y pol\u00edtico:<\/strong> este grupo incluye diferentes factores que juegan un importante rol en la determinaci\u00f3n del contexto nacional general y en las condiciones de la actividad emprendedora, hechos que son determinantes de la identidad de cada pa\u00eds. El analizar todos ellos, va mucho m\u00e1s all\u00e1 del objetivo del GEM, sin embargo, se consideran las m\u00e1s relevantes para el desarrollo de la actividad emprendedora.\u00a0<\/p>\n<p style=\"text-align: justify;\"><strong>2. Condiciones generales del contexto nacional y condiciones de la actividad emprendedora:<\/strong> el modelo del GEM establece que la actividad econ\u00f3mica de las empresas establecida var\u00eda dependiendo de las condiciones nacionales dentro de marco m\u00e1s general, mientras que la actividad emprendedora var\u00eda espec\u00edficamente dadas ciertas caracter\u00edsticas \u00fanicas de los pa\u00edses. La contribuci\u00f3n \u00fanica del GEM es justamente producir datos internacionales que permiten el estudio detallado de la mitad inferior de este marco conceptual. El estudio de estas condiciones para la actividad emprendedora pretende vincular la relaci\u00f3n econom\u00eda y social que afecta al el sector emprendedor, pero no es capturada por las condiciones nacionales generales.\u00a0<\/p>\n<p style=\"text-align: justify;\"><strong>3.\u00a0Oportunidades del emprendedor y capacidad emprendedora:<\/strong> cuando se considera la naturaleza de la relaci\u00f3n entre la creaci\u00f3n de nuevas empresas y crecimiento econ\u00f3mico, es \u00fatil distinguir entre oportunidades del emprendedor y capacidades emprendedoras. La actividad emprendedora est\u00e1 impulsada por la percepci\u00f3n de oportunidades combinadas con las habilidades y las motivaciones para explotarlas. La oportunidad se refiere tanto a la existencia, como a la percepci\u00f3n de oportunidades de mercado disponibles. La capacidad se refiere a la motivaci\u00f3n de los individuos para empezar nuevas empresas, y al grado de habilidades que poseen para la iniciativa emprendedora.\u00a0<\/p>\n<p style=\"text-align: justify;\"><strong>4. Actividad emprendedora en etapas iniciales:<\/strong> cuando las oportunidades se combinan con habilidades y motivaciones, el resultado es la creaci\u00f3n de nuevas empresas que como ya se hab\u00eda mencionado se introducen en el mercado generando mayor competitividad.\u00a0<\/p>\n<p style=\"text-align: justify;\"><strong>5. Crecimiento econ\u00f3mico nacional:<\/strong> finalmente el crecimiento econ\u00f3mico se ve beneficiado por el aporte de la actividad emprendedora tanto a nivel de creaci\u00f3n de empleo como en t\u00e9rminos de aporte a la innovaci\u00f3n.<\/p>\n","protected":false},"excerpt":{"rendered":"<p>El GEM es un estudio social dirigido a individuos y desde la perspectiva de la investigaci\u00f3n del GEM, las personas son los agentes primarios que idean, comienzan y mantienen los nuevos negocios. De este modo, la metodolog\u00eda del GEM se enfoca en las personas y el fen\u00f3meno emprendedor y basa su metodolog\u00eda en el uso [&hellip;]<\/p>\n","protected":false},"author":1,"featured_media":0,"parent":0,"menu_order":0,"comment_status":"open","ping_status":"open","template":"","meta":{"footnotes":""},"class_list":["post-141","page","type-page","status-publish","hentry"],"yoast_head":"<!-- This site is optimized with the Yoast SEO plugin v26.9 - https:\/\/yoast.com\/product\/yoast-seo-wordpress\/ -->\n<title>Metodolog\u00eda - Global Entrepreneurship Monitor Chile<\/title>\n<meta name=\"robots\" content=\"index, follow, max-snippet:-1, max-image-preview:large, max-video-preview:-1\" \/>\n<link rel=\"canonical\" href=\"https:\/\/negocios.udd.cl\/gemchile\/metodologia\/\" \/>\n<meta property=\"og:locale\" content=\"es_ES\" \/>\n<meta property=\"og:type\" content=\"article\" \/>\n<meta property=\"og:title\" content=\"Metodolog\u00eda - Global Entrepreneurship Monitor Chile\" \/>\n<meta property=\"og:description\" content=\"El GEM es un estudio social dirigido a individuos y desde la perspectiva de la investigaci\u00f3n del GEM, las personas son los agentes primarios que idean, comienzan y mantienen los nuevos negocios. De este modo, la metodolog\u00eda del GEM se enfoca en las personas y el fen\u00f3meno emprendedor y basa su metodolog\u00eda en el uso [&hellip;]\" \/>\n<meta property=\"og:url\" content=\"https:\/\/negocios.udd.cl\/gemchile\/metodologia\/\" \/>\n<meta property=\"og:site_name\" content=\"Global Entrepreneurship Monitor Chile\" \/>\n<meta property=\"article:modified_time\" content=\"2011-10-03T20:08:56+00:00\" \/>\n<meta name=\"twitter:label1\" content=\"Tiempo de lectura\" \/>\n\t<meta name=\"twitter:data1\" content=\"2 minutos\" \/>\n<script type=\"application\/ld+json\" class=\"yoast-schema-graph\">{\"@context\":\"https:\/\/schema.org\",\"@graph\":[{\"@type\":\"WebPage\",\"@id\":\"https:\/\/negocios.udd.cl\/gemchile\/metodologia\/\",\"url\":\"https:\/\/negocios.udd.cl\/gemchile\/metodologia\/\",\"name\":\"Metodolog\u00eda - Global Entrepreneurship Monitor Chile\",\"isPartOf\":{\"@id\":\"https:\/\/negocios.udd.cl\/gemchile\/#website\"},\"datePublished\":\"2010-12-03T14:41:15+00:00\",\"dateModified\":\"2011-10-03T20:08:56+00:00\",\"breadcrumb\":{\"@id\":\"https:\/\/negocios.udd.cl\/gemchile\/metodologia\/#breadcrumb\"},\"inLanguage\":\"es\",\"potentialAction\":[{\"@type\":\"ReadAction\",\"target\":[\"https:\/\/negocios.udd.cl\/gemchile\/metodologia\/\"]}]},{\"@type\":\"BreadcrumbList\",\"@id\":\"https:\/\/negocios.udd.cl\/gemchile\/metodologia\/#breadcrumb\",\"itemListElement\":[{\"@type\":\"ListItem\",\"position\":1,\"name\":\"Home\",\"item\":\"https:\/\/negocios.udd.cl\/gemchile\/\"},{\"@type\":\"ListItem\",\"position\":2,\"name\":\"Metodolog\u00eda\"}]},{\"@type\":\"WebSite\",\"@id\":\"https:\/\/negocios.udd.cl\/gemchile\/#website\",\"url\":\"https:\/\/negocios.udd.cl\/gemchile\/\",\"name\":\"Global Entrepreneurship Monitor Chile\",\"description\":\"\",\"potentialAction\":[{\"@type\":\"SearchAction\",\"target\":{\"@type\":\"EntryPoint\",\"urlTemplate\":\"https:\/\/negocios.udd.cl\/gemchile\/?s={search_term_string}\"},\"query-input\":{\"@type\":\"PropertyValueSpecification\",\"valueRequired\":true,\"valueName\":\"search_term_string\"}}],\"inLanguage\":\"es\"}]}<\/script>\n<!-- \/ Yoast SEO plugin. -->","yoast_head_json":{"title":"Metodolog\u00eda - Global Entrepreneurship Monitor Chile","robots":{"index":"index","follow":"follow","max-snippet":"max-snippet:-1","max-image-preview":"max-image-preview:large","max-video-preview":"max-video-preview:-1"},"canonical":"https:\/\/negocios.udd.cl\/gemchile\/metodologia\/","og_locale":"es_ES","og_type":"article","og_title":"Metodolog\u00eda - Global Entrepreneurship Monitor Chile","og_description":"El GEM es un estudio social dirigido a individuos y desde la perspectiva de la investigaci\u00f3n del GEM, las personas son los agentes primarios que idean, comienzan y mantienen los nuevos negocios. De este modo, la metodolog\u00eda del GEM se enfoca en las personas y el fen\u00f3meno emprendedor y basa su metodolog\u00eda en el uso [&hellip;]","og_url":"https:\/\/negocios.udd.cl\/gemchile\/metodologia\/","og_site_name":"Global Entrepreneurship Monitor Chile","article_modified_time":"2011-10-03T20:08:56+00:00","twitter_misc":{"Tiempo de lectura":"2 minutos"},"schema":{"@context":"https:\/\/schema.org","@graph":[{"@type":"WebPage","@id":"https:\/\/negocios.udd.cl\/gemchile\/metodologia\/","url":"https:\/\/negocios.udd.cl\/gemchile\/metodologia\/","name":"Metodolog\u00eda - Global Entrepreneurship Monitor Chile","isPartOf":{"@id":"https:\/\/negocios.udd.cl\/gemchile\/#website"},"datePublished":"2010-12-03T14:41:15+00:00","dateModified":"2011-10-03T20:08:56+00:00","breadcrumb":{"@id":"https:\/\/negocios.udd.cl\/gemchile\/metodologia\/#breadcrumb"},"inLanguage":"es","potentialAction":[{"@type":"ReadAction","target":["https:\/\/negocios.udd.cl\/gemchile\/metodologia\/"]}]},{"@type":"BreadcrumbList","@id":"https:\/\/negocios.udd.cl\/gemchile\/metodologia\/#breadcrumb","itemListElement":[{"@type":"ListItem","position":1,"name":"Home","item":"https:\/\/negocios.udd.cl\/gemchile\/"},{"@type":"ListItem","position":2,"name":"Metodolog\u00eda"}]},{"@type":"WebSite","@id":"https:\/\/negocios.udd.cl\/gemchile\/#website","url":"https:\/\/negocios.udd.cl\/gemchile\/","name":"Global Entrepreneurship Monitor Chile","description":"","potentialAction":[{"@type":"SearchAction","target":{"@type":"EntryPoint","urlTemplate":"https:\/\/negocios.udd.cl\/gemchile\/?s={search_term_string}"},"query-input":{"@type":"PropertyValueSpecification","valueRequired":true,"valueName":"search_term_string"}}],"inLanguage":"es"}]}},"_links":{"self":[{"href":"https:\/\/negocios.udd.cl\/gemchile\/wp-json\/wp\/v2\/pages\/141","targetHints":{"allow":["GET"]}}],"collection":[{"href":"https:\/\/negocios.udd.cl\/gemchile\/wp-json\/wp\/v2\/pages"}],"about":[{"href":"https:\/\/negocios.udd.cl\/gemchile\/wp-json\/wp\/v2\/types\/page"}],"author":[{"embeddable":true,"href":"https:\/\/negocios.udd.cl\/gemchile\/wp-json\/wp\/v2\/users\/1"}],"replies":[{"embeddable":true,"href":"https:\/\/negocios.udd.cl\/gemchile\/wp-json\/wp\/v2\/comments?post=141"}],"version-history":[{"count":7,"href":"https:\/\/negocios.udd.cl\/gemchile\/wp-json\/wp\/v2\/pages\/141\/revisions"}],"predecessor-version":[{"id":780,"href":"https:\/\/negocios.udd.cl\/gemchile\/wp-json\/wp\/v2\/pages\/141\/revisions\/780"}],"wp:attachment":[{"href":"https:\/\/negocios.udd.cl\/gemchile\/wp-json\/wp\/v2\/media?parent=141"}],"curies":[{"name":"wp","href":"https:\/\/api.w.org\/{rel}","templated":true}]}}