{"id":244,"date":"2010-12-06T15:51:59","date_gmt":"2010-12-06T18:51:59","guid":{"rendered":"http:\/\/negocios.udd.cl\/gemchile\/estudios-y-publicaciones\/reportes-regionales-2\/"},"modified":"2014-12-10T17:09:20","modified_gmt":"2014-12-10T20:09:20","slug":"reportes-regionales-2","status":"publish","type":"page","link":"https:\/\/negocios.udd.cl\/gemchile\/reportes\/reportes-regionales-2\/","title":{"rendered":"Reportes GEM regi\u00f3n Biob\u00edo"},"content":{"rendered":"<p>Este proyecto busca medir el emprendimiento en las principales cuidades de Chile. Para ello se han ido sumando al Proyecto GEM Chile un consorcio de universidades regionales, que \u2013con la ayuda de la Universidad del Desarrollo- han construido reportes regionales.<\/p>\n<p>Son parte de este consorcio:<\/p>\n<p style=\"text-align: center;\"><a href=\"http:\/\/negocios.udd.cl\/gemchile\/files\/2010\/12\/u-reg.jpg2.bmp\"><img loading=\"lazy\" decoding=\"async\" class=\"aligncenter size-full wp-image-251\" title=\"u-reg.jpg\" alt=\"\" src=\"http:\/\/negocios.udd.cl\/gemchile\/files\/2010\/12\/u-reg.jpg2.bmp\" width=\"461\" height=\"108\" \/><\/a><\/p>\n<ul>\n<li>Universidad de Tarapac\u00e1. Regi\u00f3n de Arica y Parinacota<\/li>\n<li>Universidad Cat\u00f3lica del Norte.\u00a0Regi\u00f3n de Antofagasta. Regi\u00f3n de Coquimbo<\/li>\n<li>Universidad del Desarrollo. Regi\u00f3n Metropolitana y Regi\u00f3n del Biob\u00edo<\/li>\n<li>Univerasidad T\u00e9cnica Federico Santa Mar\u00eda. Regi\u00f3n de Valpara\u00edso<\/li>\n<li>Universidad de la\u00a0 Frontera. Regi\u00f3n de Regi\u00f3n de la Araucan\u00eda<\/li>\n<\/ul>\n<div class=\"press-articles hfeed\"><article class=\"hentry hentry-press-mention box-border box-simple box-wrap\"><div  class=\"object-thumbnail-m object-thumbnail-left\"><img loading=\"lazy\" decoding=\"async\" width=\"264\" height=\"220\" src=\"https:\/\/negocios.udd.cl\/gemchile\/files\/2020\/03\/2-264x220.jpg\" class=\"thumbnail wp-post-image\" alt=\"\" \/><div class=\"wrap-content\"><div class=\"entry-info\"><span class=\"entry-date\"><time class=\"published\" title=\"2020-03-12\" datetime=\"2020-03-12\" pubdate>12.03.2020<\/time><\/span><span class=\"entry-download\"><a href=\"https:\/\/negocios.udd.cl\/gemchile\/files\/2020\/03\/Gem-Regional-de-Chile-2018_final.pdf\" class=\"btn btn-small download\">Descargar pdf<\/a> <span class=\"file-size\">no encontrado<\/span><\/span><\/div><h4 class=\"entry-title\"><a href=\"https:\/\/negocios.udd.cl\/gemchile\/files\/2020\/03\/Gem-Regional-de-Chile-2018_final.pdf\" rel=\"bookmark\">GEM Regional de Chile 2018<\/a><\/h4><p><\/p><\/div><\/div><\/article><article class=\"hentry hentry-press-mention box-border box-simple box-wrap\"><div  class=\"object-thumbnail-m object-thumbnail-left\"><img loading=\"lazy\" decoding=\"async\" width=\"340\" height=\"220\" src=\"https:\/\/negocios.udd.cl\/gemchile\/files\/2018\/01\/GEM-Maule-340x220.jpg\" class=\"thumbnail wp-post-image\" alt=\"\" srcset=\"https:\/\/negocios.udd.cl\/gemchile\/files\/2018\/01\/GEM-Maule-340x220.jpg 340w, https:\/\/negocios.udd.cl\/gemchile\/files\/2018\/01\/GEM-Maule-700x450.jpg 700w, https:\/\/negocios.udd.cl\/gemchile\/files\/2018\/01\/GEM-Maule-125x80.jpg 125w\" sizes=\"auto, (max-width: 340px) 100vw, 340px\" \/><div class=\"wrap-content\"><div class=\"entry-info\"><span class=\"entry-date\"><time class=\"published\" title=\"2018-01-05\" datetime=\"2018-01-05\" pubdate>05.01.2018<\/time><\/span><span class=\"entry-download\"><a href=\"https:\/\/negocios.udd.cl\/gemchile\/files\/2018\/01\/Reporte-GEM_Maule_18dic_web.pdf\" class=\"btn btn-small download\">Descargar pdf<\/a> <span class=\"file-size\">no encontrado<\/span><\/span><\/div><h4 class=\"entry-title\"><a href=\"https:\/\/negocios.udd.cl\/gemchile\/files\/2018\/01\/Reporte-GEM_Maule_18dic_web.pdf\" rel=\"bookmark\">GEM Regional El Maule 2016<\/a><\/h4><p><\/p><\/div><\/div><\/article><article class=\"hentry hentry-press-mention box-border box-simple box-wrap\"><div  class=\"object-thumbnail-m object-thumbnail-left\"><img loading=\"lazy\" decoding=\"async\" width=\"340\" height=\"220\" src=\"https:\/\/negocios.udd.cl\/gemchile\/files\/2018\/01\/GEM-Los-Lagos-340x220.jpg\" class=\"thumbnail wp-post-image\" alt=\"\" srcset=\"https:\/\/negocios.udd.cl\/gemchile\/files\/2018\/01\/GEM-Los-Lagos-340x220.jpg 340w, https:\/\/negocios.udd.cl\/gemchile\/files\/2018\/01\/GEM-Los-Lagos-125x80.jpg 125w\" sizes=\"auto, (max-width: 340px) 100vw, 340px\" \/><div class=\"wrap-content\"><div class=\"entry-info\"><span class=\"entry-date\"><time class=\"published\" title=\"2018-01-05\" datetime=\"2018-01-05\" pubdate>05.01.2018<\/time><\/span><span class=\"entry-download\"><a href=\"https:\/\/negocios.udd.cl\/gemchile\/files\/2018\/01\/Reporte-GEM_LosLagos_18dic_web.pdf\" class=\"btn btn-small download\">Descargar pdf<\/a> <span class=\"file-size\">no encontrado<\/span><\/span><\/div><h4 class=\"entry-title\"><a href=\"https:\/\/negocios.udd.cl\/gemchile\/files\/2018\/01\/Reporte-GEM_LosLagos_18dic_web.pdf\" rel=\"bookmark\">GEM Regional Los Lagos 2016<\/a><\/h4><p><\/p><\/div><\/div><\/article><article class=\"hentry hentry-press-mention box-border box-simple box-wrap\"><div  class=\"object-thumbnail-m object-thumbnail-left\"><img loading=\"lazy\" decoding=\"async\" width=\"340\" height=\"220\" src=\"https:\/\/negocios.udd.cl\/gemchile\/files\/2017\/12\/reporte-bio-340x220.jpg\" class=\"thumbnail wp-post-image\" alt=\"\" srcset=\"https:\/\/negocios.udd.cl\/gemchile\/files\/2017\/12\/reporte-bio-340x220.jpg 340w, https:\/\/negocios.udd.cl\/gemchile\/files\/2017\/12\/reporte-bio-125x80.jpg 125w\" sizes=\"auto, (max-width: 340px) 100vw, 340px\" \/><div class=\"wrap-content\"><div class=\"entry-info\"><span class=\"entry-date\"><time class=\"published\" title=\"2018-01-05\" datetime=\"2018-01-05\" pubdate>05.01.2018<\/time><\/span><span class=\"entry-download\"><a href=\"https:\/\/negocios.udd.cl\/gemchile\/files\/2018\/01\/GEM_UCSC_2016_2017_web.pdf\" class=\"btn btn-small download\">Descargar pdf<\/a> <span class=\"file-size\">no encontrado<\/span><\/span><\/div><h4 class=\"entry-title\"><a href=\"https:\/\/negocios.udd.cl\/gemchile\/files\/2018\/01\/GEM_UCSC_2016_2017_web.pdf\" rel=\"bookmark\">GEM Regional Biob\u00edo 2016-2017<\/a><\/h4><p><\/p><\/div><\/div><\/article><article class=\"hentry hentry-press-mention box-border box-simple box-wrap\"><div  class=\"object-thumbnail-m object-thumbnail-left\"><img loading=\"lazy\" decoding=\"async\" width=\"340\" height=\"220\" src=\"https:\/\/negocios.udd.cl\/gemchile\/files\/2017\/05\/gem-biobio-340x220.jpg\" class=\"thumbnail wp-post-image\" alt=\"\" srcset=\"https:\/\/negocios.udd.cl\/gemchile\/files\/2017\/05\/gem-biobio-340x220.jpg 340w, https:\/\/negocios.udd.cl\/gemchile\/files\/2017\/05\/gem-biobio-125x80.jpg 125w\" sizes=\"auto, (max-width: 340px) 100vw, 340px\" \/><div class=\"wrap-content\"><div class=\"entry-info\"><span class=\"entry-date\"><time class=\"published\" title=\"2017-05-23\" datetime=\"2017-05-23\" pubdate>23.05.2017<\/time><\/span><span class=\"entry-download\"><a href=\"https:\/\/negocios.udd.cl\/gemchile\/files\/2017\/05\/REVISTA-GEM-2015-2016-v1-1.pdf\" class=\"btn btn-small download\">Descargar pdf<\/a> <span class=\"file-size\">no encontrado<\/span><\/span><\/div><h4 class=\"entry-title\"><a href=\"https:\/\/negocios.udd.cl\/gemchile\/files\/2017\/05\/REVISTA-GEM-2015-2016-v1-1.pdf\" rel=\"bookmark\">GEM B\u00edob\u00edo 2015-2016<\/a><\/h4><p><\/p><\/div><\/div><\/article><article class=\"hentry hentry-press-mention box-border box-simple box-wrap\"><div  class=\"object-thumbnail-m object-thumbnail-left\"><img loading=\"lazy\" decoding=\"async\" width=\"340\" height=\"220\" src=\"https:\/\/negocios.udd.cl\/gemchile\/files\/2016\/04\/imagen-web-340x220.jpg\" class=\"thumbnail wp-post-image\" alt=\"\" srcset=\"https:\/\/negocios.udd.cl\/gemchile\/files\/2016\/04\/imagen-web-340x220.jpg 340w, https:\/\/negocios.udd.cl\/gemchile\/files\/2016\/04\/imagen-web-125x80.jpg 125w\" sizes=\"auto, (max-width: 340px) 100vw, 340px\" \/><div class=\"wrap-content\"><div class=\"entry-info\"><span class=\"entry-date\"><time class=\"published\" title=\"2016-04-15\" datetime=\"2016-04-15\" pubdate>15.04.2016<\/time><\/span><span class=\"entry-download\"><a href=\"https:\/\/negocios.udd.cl\/gemchile\/files\/2016\/04\/Libro_udd_gem_listo.pdf\" class=\"btn btn-small download\">Descargar pdf<\/a> <span class=\"file-size\">no encontrado<\/span><\/span><\/div><h4 class=\"entry-title\"><a href=\"https:\/\/negocios.udd.cl\/gemchile\/files\/2016\/04\/Libro_udd_gem_listo.pdf\" rel=\"bookmark\">GEM Biob\u00edo 2014-2015<\/a><\/h4><p><\/p><\/div><\/div><\/article><article class=\"hentry hentry-press-mention box-border box-simple box-wrap\"><div  class=\"object-thumbnail-m object-thumbnail-left\"><img loading=\"lazy\" decoding=\"async\" width=\"190\" height=\"125\" src=\"https:\/\/negocios.udd.cl\/gemchile\/files\/2014\/12\/GEM-Biob\u00edo-portada.jpg\" class=\"thumbnail wp-post-image\" alt=\"\" \/><div class=\"wrap-content\"><div class=\"entry-info\"><span class=\"entry-date\"><time class=\"published\" title=\"2014-12-10\" datetime=\"2014-12-10\" pubdate>10.12.2014<\/time><\/span><span class=\"entry-download\"><a href=\"https:\/\/negocios.udd.cl\/gemchile\/files\/2014\/12\/GEM-Biobio-2013-2014-12-12-20141.pdf\" class=\"btn btn-small download\">Descargar pdf<\/a> <span class=\"file-size\">no encontrado<\/span><\/span><\/div><h4 class=\"entry-title\"><a href=\"https:\/\/negocios.udd.cl\/gemchile\/files\/2014\/12\/GEM-Biobio-2013-2014-12-12-20141.pdf\" rel=\"bookmark\">GEM Biob\u00edo 2013-2014 <\/a><\/h4><p><\/p><\/div><\/div><\/article><article class=\"hentry hentry-press-mention box-border box-simple box-wrap\"><div  class=\"object-thumbnail-m object-thumbnail-left\"><img loading=\"lazy\" decoding=\"async\" width=\"340\" height=\"220\" src=\"https:\/\/negocios.udd.cl\/gemchile\/files\/2014\/11\/Portada-GEMBiobio-2012-2013-340x220.png\" class=\"thumbnail wp-post-image\" alt=\"\" srcset=\"https:\/\/negocios.udd.cl\/gemchile\/files\/2014\/11\/Portada-GEMBiobio-2012-2013-340x220.png 340w, https:\/\/negocios.udd.cl\/gemchile\/files\/2014\/11\/Portada-GEMBiobio-2012-2013-125x80.png 125w\" sizes=\"auto, (max-width: 340px) 100vw, 340px\" \/><div class=\"wrap-content\"><div class=\"entry-info\"><span class=\"entry-date\"><time class=\"published\" title=\"2013-12-01\" datetime=\"2013-12-01\" pubdate>01.12.2013<\/time><\/span><span class=\"entry-download\"><a href=\"https:\/\/negocios.udd.cl\/gemchile\/files\/2014\/11\/GEMBiobio-2012-2013.pdf\" class=\"btn btn-small download\">Descargar pdf<\/a> <span class=\"file-size\">no encontrado<\/span><\/span><\/div><h4 class=\"entry-title\"><a href=\"https:\/\/negocios.udd.cl\/gemchile\/files\/2014\/11\/GEMBiobio-2012-2013.pdf\" rel=\"bookmark\">GEM B\u00edob\u00edo 2012-2013<\/a><\/h4><p><\/p><\/div><\/div><\/article><article class=\"hentry hentry-press-mention box-border box-simple box-wrap\"><div  class=\"object-thumbnail-m object-thumbnail-left\"><img loading=\"lazy\" decoding=\"async\" width=\"340\" height=\"220\" src=\"https:\/\/negocios.udd.cl\/gemchile\/files\/2014\/11\/Portada-GEMBiobio-2011-2012-340x220.png\" class=\"thumbnail wp-post-image\" alt=\"\" srcset=\"https:\/\/negocios.udd.cl\/gemchile\/files\/2014\/11\/Portada-GEMBiobio-2011-2012-340x220.png 340w, https:\/\/negocios.udd.cl\/gemchile\/files\/2014\/11\/Portada-GEMBiobio-2011-2012-125x80.png 125w\" sizes=\"auto, (max-width: 340px) 100vw, 340px\" \/><div class=\"wrap-content\"><div class=\"entry-info\"><span class=\"entry-date\"><time class=\"published\" title=\"2012-12-01\" datetime=\"2012-12-01\" pubdate>01.12.2012<\/time><\/span><span class=\"entry-download\"><a href=\"https:\/\/negocios.udd.cl\/gemchile\/files\/2014\/11\/GEMBiobio-2011-2012.pdf\" class=\"btn btn-small download\">Descargar pdf<\/a> <span class=\"file-size\">no encontrado<\/span><\/span><\/div><h4 class=\"entry-title\"><a href=\"https:\/\/negocios.udd.cl\/gemchile\/files\/2014\/11\/GEMBiobio-2011-2012.pdf\" rel=\"bookmark\">GEM Biob\u00edo 2011-2012<\/a><\/h4><p><\/p><\/div><\/div><\/article><article class=\"hentry hentry-press-mention box-border box-simple box-wrap\"><div  class=\"object-thumbnail-m object-thumbnail-left\"><img loading=\"lazy\" decoding=\"async\" width=\"340\" height=\"220\" src=\"https:\/\/negocios.udd.cl\/gemchile\/files\/2014\/11\/Portada-GEMBiobio-2010-2011-340x220.png\" class=\"thumbnail wp-post-image\" alt=\"\" srcset=\"https:\/\/negocios.udd.cl\/gemchile\/files\/2014\/11\/Portada-GEMBiobio-2010-2011-340x220.png 340w, https:\/\/negocios.udd.cl\/gemchile\/files\/2014\/11\/Portada-GEMBiobio-2010-2011-125x80.png 125w\" sizes=\"auto, (max-width: 340px) 100vw, 340px\" \/><div class=\"wrap-content\"><div class=\"entry-info\"><span class=\"entry-date\"><time class=\"published\" title=\"2011-12-01\" datetime=\"2011-12-01\" pubdate>01.12.2011<\/time><\/span><span class=\"entry-download\"><a href=\"https:\/\/negocios.udd.cl\/gemchile\/files\/2014\/11\/GEMBiobio-2010-2011.pdf\" class=\"btn btn-small download\">Descargar pdf<\/a> <span class=\"file-size\">no encontrado<\/span><\/span><\/div><h4 class=\"entry-title\"><a href=\"https:\/\/negocios.udd.cl\/gemchile\/files\/2014\/11\/GEMBiobio-2010-2011.pdf\" rel=\"bookmark\">GEM Biob\u00edo 2010-2011<\/a><\/h4><p><\/p><\/div><\/div><\/article><article class=\"hentry hentry-press-mention box-border box-simple box-wrap\"><div  class=\"object-thumbnail-m object-thumbnail-left\"><img loading=\"lazy\" decoding=\"async\" width=\"340\" height=\"220\" src=\"https:\/\/negocios.udd.cl\/gemchile\/files\/2014\/11\/Portada-GEMBiobio-2009-2010-340x220.png\" class=\"thumbnail wp-post-image\" alt=\"\" srcset=\"https:\/\/negocios.udd.cl\/gemchile\/files\/2014\/11\/Portada-GEMBiobio-2009-2010-340x220.png 340w, https:\/\/negocios.udd.cl\/gemchile\/files\/2014\/11\/Portada-GEMBiobio-2009-2010-125x80.png 125w\" sizes=\"auto, (max-width: 340px) 100vw, 340px\" \/><div class=\"wrap-content\"><div class=\"entry-info\"><span class=\"entry-date\"><time class=\"published\" title=\"2010-12-01\" datetime=\"2010-12-01\" pubdate>01.12.2010<\/time><\/span><span class=\"entry-download\"><a href=\"https:\/\/negocios.udd.cl\/gemchile\/files\/2014\/11\/GEMBiobio-2009-2010.pdf\" class=\"btn btn-small download\">Descargar pdf<\/a> <span class=\"file-size\">no encontrado<\/span><\/span><\/div><h4 class=\"entry-title\"><a href=\"https:\/\/negocios.udd.cl\/gemchile\/files\/2014\/11\/GEMBiobio-2009-2010.pdf\" rel=\"bookmark\">GEM Biob\u00edo 2009-2010<\/a><\/h4><p><\/p><\/div><\/div><\/article><article class=\"hentry hentry-press-mention box-border box-simple box-wrap\"><div  class=\"object-thumbnail-m object-thumbnail-left\"><img loading=\"lazy\" decoding=\"async\" width=\"340\" height=\"220\" src=\"https:\/\/negocios.udd.cl\/gemchile\/files\/2014\/11\/Portada-GEMBiobio-2008-2009-340x220.png\" class=\"thumbnail wp-post-image\" alt=\"\" srcset=\"https:\/\/negocios.udd.cl\/gemchile\/files\/2014\/11\/Portada-GEMBiobio-2008-2009-340x220.png 340w, https:\/\/negocios.udd.cl\/gemchile\/files\/2014\/11\/Portada-GEMBiobio-2008-2009-125x80.png 125w\" sizes=\"auto, (max-width: 340px) 100vw, 340px\" \/><div class=\"wrap-content\"><div class=\"entry-info\"><span class=\"entry-date\"><time class=\"published\" title=\"2009-12-01\" datetime=\"2009-12-01\" pubdate>01.12.2009<\/time><\/span><span class=\"entry-download\"><a href=\"https:\/\/negocios.udd.cl\/gemchile\/files\/2014\/11\/GEMBiobio-2008-2009.pdf\" class=\"btn btn-small download\">Descargar pdf<\/a> <span class=\"file-size\">no encontrado<\/span><\/span><\/div><h4 class=\"entry-title\"><a href=\"https:\/\/negocios.udd.cl\/gemchile\/files\/2014\/11\/GEMBiobio-2008-2009.pdf\" rel=\"bookmark\">GEM Biob\u00edo 2008-2009<\/a><\/h4><p><\/p><\/div><\/div><\/article><article class=\"hentry hentry-press-mention box-border box-simple box-wrap\"><div  class=\"object-thumbnail-m object-thumbnail-left\"><img loading=\"lazy\" decoding=\"async\" width=\"340\" height=\"220\" src=\"https:\/\/negocios.udd.cl\/gemchile\/files\/2014\/11\/Portada-GEMBiobio-2007-2008-340x220.png\" class=\"thumbnail wp-post-image\" alt=\"\" srcset=\"https:\/\/negocios.udd.cl\/gemchile\/files\/2014\/11\/Portada-GEMBiobio-2007-2008-340x220.png 340w, https:\/\/negocios.udd.cl\/gemchile\/files\/2014\/11\/Portada-GEMBiobio-2007-2008-125x80.png 125w\" sizes=\"auto, (max-width: 340px) 100vw, 340px\" \/><div class=\"wrap-content\"><div class=\"entry-info\"><span class=\"entry-date\"><time class=\"published\" title=\"2008-12-01\" datetime=\"2008-12-01\" pubdate>01.12.2008<\/time><\/span><span class=\"entry-download\"><a href=\"https:\/\/negocios.udd.cl\/gemchile\/files\/2014\/11\/GEMBiobio-2007-2008.pdf\" class=\"btn btn-small download\">Descargar pdf<\/a> <span class=\"file-size\">no encontrado<\/span><\/span><\/div><h4 class=\"entry-title\"><a href=\"https:\/\/negocios.udd.cl\/gemchile\/files\/2014\/11\/GEMBiobio-2007-2008.pdf\" rel=\"bookmark\">GEM Biob\u00edo 2007-2008<\/a><\/h4><p><\/p><\/div><\/div><\/article><\/div>\n","protected":false},"excerpt":{"rendered":"<p>Este proyecto busca medir el emprendimiento en las principales cuidades de Chile. Para ello se han ido sumando al Proyecto GEM Chile un consorcio de universidades regionales, que \u2013con la ayuda de la Universidad del Desarrollo- han construido reportes regionales. Son parte de este consorcio: Universidad de Tarapac\u00e1. Regi\u00f3n de Arica y Parinacota Universidad Cat\u00f3lica [&hellip;]<\/p>\n","protected":false},"author":1,"featured_media":0,"parent":4,"menu_order":3,"comment_status":"open","ping_status":"open","template":"template-wide-content.php","meta":{"footnotes":""},"class_list":["post-244","page","type-page","status-publish","hentry"],"yoast_head":"<!-- This site is optimized with the Yoast SEO plugin v26.9 - https:\/\/yoast.com\/product\/yoast-seo-wordpress\/ -->\n<title>Reportes GEM regi\u00f3n Biob\u00edo - Global Entrepreneurship Monitor Chile<\/title>\n<meta name=\"robots\" content=\"index, follow, max-snippet:-1, max-image-preview:large, max-video-preview:-1\" \/>\n<link rel=\"canonical\" href=\"https:\/\/negocios.udd.cl\/gemchile\/reportes\/reportes-regionales-2\/\" \/>\n<meta property=\"og:locale\" content=\"es_ES\" \/>\n<meta property=\"og:type\" content=\"article\" \/>\n<meta property=\"og:title\" content=\"Reportes GEM regi\u00f3n Biob\u00edo - Global Entrepreneurship Monitor Chile\" \/>\n<meta property=\"og:description\" content=\"Este proyecto busca medir el emprendimiento en las principales cuidades de Chile. Para ello se han ido sumando al Proyecto GEM Chile un consorcio de universidades regionales, que \u2013con la ayuda de la Universidad del Desarrollo- han construido reportes regionales. Son parte de este consorcio: Universidad de Tarapac\u00e1. Regi\u00f3n de Arica y Parinacota Universidad Cat\u00f3lica [&hellip;]\" \/>\n<meta property=\"og:url\" content=\"https:\/\/negocios.udd.cl\/gemchile\/reportes\/reportes-regionales-2\/\" \/>\n<meta property=\"og:site_name\" content=\"Global Entrepreneurship Monitor Chile\" \/>\n<meta property=\"article:modified_time\" content=\"2014-12-10T20:09:20+00:00\" \/>\n<meta property=\"og:image\" content=\"http:\/\/negocios.udd.cl\/gemchile\/files\/2010\/12\/u-reg.jpg2.bmp\" \/>\n<meta name=\"twitter:label1\" content=\"Tiempo de lectura\" \/>\n\t<meta name=\"twitter:data1\" content=\"1 minuto\" \/>\n<script type=\"application\/ld+json\" class=\"yoast-schema-graph\">{\"@context\":\"https:\/\/schema.org\",\"@graph\":[{\"@type\":\"WebPage\",\"@id\":\"https:\/\/negocios.udd.cl\/gemchile\/reportes\/reportes-regionales-2\/\",\"url\":\"https:\/\/negocios.udd.cl\/gemchile\/reportes\/reportes-regionales-2\/\",\"name\":\"Reportes GEM regi\u00f3n Biob\u00edo - Global Entrepreneurship Monitor Chile\",\"isPartOf\":{\"@id\":\"https:\/\/negocios.udd.cl\/gemchile\/#website\"},\"primaryImageOfPage\":{\"@id\":\"https:\/\/negocios.udd.cl\/gemchile\/reportes\/reportes-regionales-2\/#primaryimage\"},\"image\":{\"@id\":\"https:\/\/negocios.udd.cl\/gemchile\/reportes\/reportes-regionales-2\/#primaryimage\"},\"thumbnailUrl\":\"http:\/\/negocios.udd.cl\/gemchile\/files\/2010\/12\/u-reg.jpg2.bmp\",\"datePublished\":\"2010-12-06T18:51:59+00:00\",\"dateModified\":\"2014-12-10T20:09:20+00:00\",\"breadcrumb\":{\"@id\":\"https:\/\/negocios.udd.cl\/gemchile\/reportes\/reportes-regionales-2\/#breadcrumb\"},\"inLanguage\":\"es\",\"potentialAction\":[{\"@type\":\"ReadAction\",\"target\":[\"https:\/\/negocios.udd.cl\/gemchile\/reportes\/reportes-regionales-2\/\"]}]},{\"@type\":\"ImageObject\",\"inLanguage\":\"es\",\"@id\":\"https:\/\/negocios.udd.cl\/gemchile\/reportes\/reportes-regionales-2\/#primaryimage\",\"url\":\"https:\/\/negocios.udd.cl\/gemchile\/files\/2010\/12\/u-reg.jpg2.bmp\",\"contentUrl\":\"https:\/\/negocios.udd.cl\/gemchile\/files\/2010\/12\/u-reg.jpg2.bmp\"},{\"@type\":\"BreadcrumbList\",\"@id\":\"https:\/\/negocios.udd.cl\/gemchile\/reportes\/reportes-regionales-2\/#breadcrumb\",\"itemListElement\":[{\"@type\":\"ListItem\",\"position\":1,\"name\":\"Home\",\"item\":\"https:\/\/negocios.udd.cl\/gemchile\/\"},{\"@type\":\"ListItem\",\"position\":2,\"name\":\"Reportes\",\"item\":\"https:\/\/negocios.udd.cl\/gemchile\/reportes\/\"},{\"@type\":\"ListItem\",\"position\":3,\"name\":\"Reportes GEM regi\u00f3n Biob\u00edo\"}]},{\"@type\":\"WebSite\",\"@id\":\"https:\/\/negocios.udd.cl\/gemchile\/#website\",\"url\":\"https:\/\/negocios.udd.cl\/gemchile\/\",\"name\":\"Global Entrepreneurship Monitor Chile\",\"description\":\"\",\"potentialAction\":[{\"@type\":\"SearchAction\",\"target\":{\"@type\":\"EntryPoint\",\"urlTemplate\":\"https:\/\/negocios.udd.cl\/gemchile\/?s={search_term_string}\"},\"query-input\":{\"@type\":\"PropertyValueSpecification\",\"valueRequired\":true,\"valueName\":\"search_term_string\"}}],\"inLanguage\":\"es\"}]}<\/script>\n<!-- \/ Yoast SEO plugin. -->","yoast_head_json":{"title":"Reportes GEM regi\u00f3n Biob\u00edo - Global Entrepreneurship Monitor Chile","robots":{"index":"index","follow":"follow","max-snippet":"max-snippet:-1","max-image-preview":"max-image-preview:large","max-video-preview":"max-video-preview:-1"},"canonical":"https:\/\/negocios.udd.cl\/gemchile\/reportes\/reportes-regionales-2\/","og_locale":"es_ES","og_type":"article","og_title":"Reportes GEM regi\u00f3n Biob\u00edo - Global Entrepreneurship Monitor Chile","og_description":"Este proyecto busca medir el emprendimiento en las principales cuidades de Chile. Para ello se han ido sumando al Proyecto GEM Chile un consorcio de universidades regionales, que \u2013con la ayuda de la Universidad del Desarrollo- han construido reportes regionales. Son parte de este consorcio: Universidad de Tarapac\u00e1. Regi\u00f3n de Arica y Parinacota Universidad Cat\u00f3lica [&hellip;]","og_url":"https:\/\/negocios.udd.cl\/gemchile\/reportes\/reportes-regionales-2\/","og_site_name":"Global Entrepreneurship Monitor Chile","article_modified_time":"2014-12-10T20:09:20+00:00","og_image":[{"url":"http:\/\/negocios.udd.cl\/gemchile\/files\/2010\/12\/u-reg.jpg2.bmp","type":"","width":"","height":""}],"twitter_misc":{"Tiempo de lectura":"1 minuto"},"schema":{"@context":"https:\/\/schema.org","@graph":[{"@type":"WebPage","@id":"https:\/\/negocios.udd.cl\/gemchile\/reportes\/reportes-regionales-2\/","url":"https:\/\/negocios.udd.cl\/gemchile\/reportes\/reportes-regionales-2\/","name":"Reportes GEM regi\u00f3n Biob\u00edo - Global Entrepreneurship Monitor Chile","isPartOf":{"@id":"https:\/\/negocios.udd.cl\/gemchile\/#website"},"primaryImageOfPage":{"@id":"https:\/\/negocios.udd.cl\/gemchile\/reportes\/reportes-regionales-2\/#primaryimage"},"image":{"@id":"https:\/\/negocios.udd.cl\/gemchile\/reportes\/reportes-regionales-2\/#primaryimage"},"thumbnailUrl":"http:\/\/negocios.udd.cl\/gemchile\/files\/2010\/12\/u-reg.jpg2.bmp","datePublished":"2010-12-06T18:51:59+00:00","dateModified":"2014-12-10T20:09:20+00:00","breadcrumb":{"@id":"https:\/\/negocios.udd.cl\/gemchile\/reportes\/reportes-regionales-2\/#breadcrumb"},"inLanguage":"es","potentialAction":[{"@type":"ReadAction","target":["https:\/\/negocios.udd.cl\/gemchile\/reportes\/reportes-regionales-2\/"]}]},{"@type":"ImageObject","inLanguage":"es","@id":"https:\/\/negocios.udd.cl\/gemchile\/reportes\/reportes-regionales-2\/#primaryimage","url":"https:\/\/negocios.udd.cl\/gemchile\/files\/2010\/12\/u-reg.jpg2.bmp","contentUrl":"https:\/\/negocios.udd.cl\/gemchile\/files\/2010\/12\/u-reg.jpg2.bmp"},{"@type":"BreadcrumbList","@id":"https:\/\/negocios.udd.cl\/gemchile\/reportes\/reportes-regionales-2\/#breadcrumb","itemListElement":[{"@type":"ListItem","position":1,"name":"Home","item":"https:\/\/negocios.udd.cl\/gemchile\/"},{"@type":"ListItem","position":2,"name":"Reportes","item":"https:\/\/negocios.udd.cl\/gemchile\/reportes\/"},{"@type":"ListItem","position":3,"name":"Reportes GEM regi\u00f3n Biob\u00edo"}]},{"@type":"WebSite","@id":"https:\/\/negocios.udd.cl\/gemchile\/#website","url":"https:\/\/negocios.udd.cl\/gemchile\/","name":"Global Entrepreneurship Monitor Chile","description":"","potentialAction":[{"@type":"SearchAction","target":{"@type":"EntryPoint","urlTemplate":"https:\/\/negocios.udd.cl\/gemchile\/?s={search_term_string}"},"query-input":{"@type":"PropertyValueSpecification","valueRequired":true,"valueName":"search_term_string"}}],"inLanguage":"es"}]}},"_links":{"self":[{"href":"https:\/\/negocios.udd.cl\/gemchile\/wp-json\/wp\/v2\/pages\/244","targetHints":{"allow":["GET"]}}],"collection":[{"href":"https:\/\/negocios.udd.cl\/gemchile\/wp-json\/wp\/v2\/pages"}],"about":[{"href":"https:\/\/negocios.udd.cl\/gemchile\/wp-json\/wp\/v2\/types\/page"}],"author":[{"embeddable":true,"href":"https:\/\/negocios.udd.cl\/gemchile\/wp-json\/wp\/v2\/users\/1"}],"replies":[{"embeddable":true,"href":"https:\/\/negocios.udd.cl\/gemchile\/wp-json\/wp\/v2\/comments?post=244"}],"version-history":[{"count":14,"href":"https:\/\/negocios.udd.cl\/gemchile\/wp-json\/wp\/v2\/pages\/244\/revisions"}],"predecessor-version":[{"id":1577,"href":"https:\/\/negocios.udd.cl\/gemchile\/wp-json\/wp\/v2\/pages\/244\/revisions\/1577"}],"up":[{"embeddable":true,"href":"https:\/\/negocios.udd.cl\/gemchile\/wp-json\/wp\/v2\/pages\/4"}],"wp:attachment":[{"href":"https:\/\/negocios.udd.cl\/gemchile\/wp-json\/wp\/v2\/media?parent=244"}],"curies":[{"name":"wp","href":"https:\/\/api.w.org\/{rel}","templated":true}]}}