{"id":293,"date":"2010-12-06T17:46:53","date_gmt":"2010-12-06T20:46:53","guid":{"rendered":"http:\/\/negocios.udd.cl\/gemchile\/estudios-y-publicaciones\/reporte-nacional-de-innovacion\/"},"modified":"2014-11-11T19:47:18","modified_gmt":"2014-11-11T22:47:18","slug":"reporte-nacional-de-innovacion","status":"publish","type":"page","link":"https:\/\/negocios.udd.cl\/gemchile\/reportes\/reporte-nacional-de-innovacion\/","title":{"rendered":"Reporte Nacional de Innovaci\u00f3n"},"content":{"rendered":"<p style=\"text-align: justify\">El Reporte Nacional de Innovaci\u00f3n es un nuevo informe cuya primera edici\u00f3n es en el primer semestre de 2009, y corresponde a los resultados del International Index of Innovation Confidence desarrollado por el Institute for Innovation &amp; Information Productivity (IIIP) por el Hunter Centre for Entrepreneurship at the University of Strathclyde in association junto con Global Entrepreneurship Research Association.<\/p>\n<div class=\"press-articles hfeed\"><article class=\"hentry hentry-press-mention box-border box-simple box-wrap\"><div  class=\"object-thumbnail-m object-thumbnail-left\"><img loading=\"lazy\" decoding=\"async\" width=\"340\" height=\"220\" src=\"https:\/\/negocios.udd.cl\/gemchile\/files\/2014\/11\/Portada-GEM-Innovacion-2009-340x220.png\" class=\"thumbnail wp-post-image\" alt=\"\" srcset=\"https:\/\/negocios.udd.cl\/gemchile\/files\/2014\/11\/Portada-GEM-Innovacion-2009-340x220.png 340w, https:\/\/negocios.udd.cl\/gemchile\/files\/2014\/11\/Portada-GEM-Innovacion-2009-125x80.png 125w\" sizes=\"auto, (max-width: 340px) 100vw, 340px\" \/><div class=\"wrap-content\"><div class=\"entry-info\"><span class=\"entry-date\"><time class=\"published\" title=\"2009-12-01\" datetime=\"2009-12-01\" pubdate>01.12.2009<\/time><\/span><span class=\"entry-download\"><a href=\"https:\/\/negocios.udd.cl\/gemchile\/files\/2014\/11\/GEM-Innovacion-2009.pdf\" class=\"btn btn-small download\">Descargar pdf<\/a> <span class=\"file-size\">no encontrado<\/span><\/span><\/div><h4 class=\"entry-title\"><a href=\"https:\/\/negocios.udd.cl\/gemchile\/files\/2014\/11\/GEM-Innovacion-2009.pdf\" rel=\"bookmark\">GEM Innovaci\u00f3n 2009<\/a><\/h4><p><\/p><\/div><\/div><\/article><\/div>\n","protected":false},"excerpt":{"rendered":"<p>El Reporte Nacional de Innovaci\u00f3n es un nuevo informe cuya primera edici\u00f3n es en el primer semestre de 2009, y corresponde a los resultados del International Index of Innovation Confidence desarrollado por el Institute for Innovation &amp; Information Productivity (IIIP) por el Hunter Centre for Entrepreneurship at the University of Strathclyde in association junto con [&hellip;]<\/p>\n","protected":false},"author":1,"featured_media":0,"parent":4,"menu_order":4,"comment_status":"open","ping_status":"open","template":"template-wide-content.php","meta":{"footnotes":""},"class_list":["post-293","page","type-page","status-publish","hentry"],"yoast_head":"<!-- This site is optimized with the Yoast SEO plugin v26.9 - https:\/\/yoast.com\/product\/yoast-seo-wordpress\/ -->\n<title>Reporte Nacional de Innovaci\u00f3n - Global Entrepreneurship Monitor Chile<\/title>\n<meta name=\"robots\" content=\"index, follow, max-snippet:-1, max-image-preview:large, max-video-preview:-1\" \/>\n<link rel=\"canonical\" href=\"https:\/\/negocios.udd.cl\/gemchile\/reportes\/reporte-nacional-de-innovacion\/\" \/>\n<meta property=\"og:locale\" content=\"es_ES\" \/>\n<meta property=\"og:type\" content=\"article\" \/>\n<meta property=\"og:title\" content=\"Reporte Nacional de Innovaci\u00f3n - Global Entrepreneurship Monitor Chile\" \/>\n<meta property=\"og:description\" content=\"El Reporte Nacional de Innovaci\u00f3n es un nuevo informe cuya primera edici\u00f3n es en el primer semestre de 2009, y corresponde a los resultados del International Index of Innovation Confidence desarrollado por el Institute for Innovation &amp; Information Productivity (IIIP) por el Hunter Centre for Entrepreneurship at the University of Strathclyde in association junto con [&hellip;]\" \/>\n<meta property=\"og:url\" content=\"https:\/\/negocios.udd.cl\/gemchile\/reportes\/reporte-nacional-de-innovacion\/\" \/>\n<meta property=\"og:site_name\" content=\"Global Entrepreneurship Monitor Chile\" \/>\n<meta property=\"article:modified_time\" content=\"2014-11-11T22:47:18+00:00\" \/>\n<script type=\"application\/ld+json\" class=\"yoast-schema-graph\">{\"@context\":\"https:\/\/schema.org\",\"@graph\":[{\"@type\":\"WebPage\",\"@id\":\"https:\/\/negocios.udd.cl\/gemchile\/reportes\/reporte-nacional-de-innovacion\/\",\"url\":\"https:\/\/negocios.udd.cl\/gemchile\/reportes\/reporte-nacional-de-innovacion\/\",\"name\":\"Reporte Nacional de Innovaci\u00f3n - Global Entrepreneurship Monitor Chile\",\"isPartOf\":{\"@id\":\"https:\/\/negocios.udd.cl\/gemchile\/#website\"},\"datePublished\":\"2010-12-06T20:46:53+00:00\",\"dateModified\":\"2014-11-11T22:47:18+00:00\",\"breadcrumb\":{\"@id\":\"https:\/\/negocios.udd.cl\/gemchile\/reportes\/reporte-nacional-de-innovacion\/#breadcrumb\"},\"inLanguage\":\"es\",\"potentialAction\":[{\"@type\":\"ReadAction\",\"target\":[\"https:\/\/negocios.udd.cl\/gemchile\/reportes\/reporte-nacional-de-innovacion\/\"]}]},{\"@type\":\"BreadcrumbList\",\"@id\":\"https:\/\/negocios.udd.cl\/gemchile\/reportes\/reporte-nacional-de-innovacion\/#breadcrumb\",\"itemListElement\":[{\"@type\":\"ListItem\",\"position\":1,\"name\":\"Home\",\"item\":\"https:\/\/negocios.udd.cl\/gemchile\/\"},{\"@type\":\"ListItem\",\"position\":2,\"name\":\"Reportes\",\"item\":\"https:\/\/negocios.udd.cl\/gemchile\/reportes\/\"},{\"@type\":\"ListItem\",\"position\":3,\"name\":\"Reporte Nacional de Innovaci\u00f3n\"}]},{\"@type\":\"WebSite\",\"@id\":\"https:\/\/negocios.udd.cl\/gemchile\/#website\",\"url\":\"https:\/\/negocios.udd.cl\/gemchile\/\",\"name\":\"Global Entrepreneurship Monitor Chile\",\"description\":\"\",\"potentialAction\":[{\"@type\":\"SearchAction\",\"target\":{\"@type\":\"EntryPoint\",\"urlTemplate\":\"https:\/\/negocios.udd.cl\/gemchile\/?s={search_term_string}\"},\"query-input\":{\"@type\":\"PropertyValueSpecification\",\"valueRequired\":true,\"valueName\":\"search_term_string\"}}],\"inLanguage\":\"es\"}]}<\/script>\n<!-- \/ Yoast SEO plugin. -->","yoast_head_json":{"title":"Reporte Nacional de Innovaci\u00f3n - Global Entrepreneurship Monitor Chile","robots":{"index":"index","follow":"follow","max-snippet":"max-snippet:-1","max-image-preview":"max-image-preview:large","max-video-preview":"max-video-preview:-1"},"canonical":"https:\/\/negocios.udd.cl\/gemchile\/reportes\/reporte-nacional-de-innovacion\/","og_locale":"es_ES","og_type":"article","og_title":"Reporte Nacional de Innovaci\u00f3n - Global Entrepreneurship Monitor Chile","og_description":"El Reporte Nacional de Innovaci\u00f3n es un nuevo informe cuya primera edici\u00f3n es en el primer semestre de 2009, y corresponde a los resultados del International Index of Innovation Confidence desarrollado por el Institute for Innovation &amp; Information Productivity (IIIP) por el Hunter Centre for Entrepreneurship at the University of Strathclyde in association junto con [&hellip;]","og_url":"https:\/\/negocios.udd.cl\/gemchile\/reportes\/reporte-nacional-de-innovacion\/","og_site_name":"Global Entrepreneurship Monitor Chile","article_modified_time":"2014-11-11T22:47:18+00:00","schema":{"@context":"https:\/\/schema.org","@graph":[{"@type":"WebPage","@id":"https:\/\/negocios.udd.cl\/gemchile\/reportes\/reporte-nacional-de-innovacion\/","url":"https:\/\/negocios.udd.cl\/gemchile\/reportes\/reporte-nacional-de-innovacion\/","name":"Reporte Nacional de Innovaci\u00f3n - Global Entrepreneurship Monitor Chile","isPartOf":{"@id":"https:\/\/negocios.udd.cl\/gemchile\/#website"},"datePublished":"2010-12-06T20:46:53+00:00","dateModified":"2014-11-11T22:47:18+00:00","breadcrumb":{"@id":"https:\/\/negocios.udd.cl\/gemchile\/reportes\/reporte-nacional-de-innovacion\/#breadcrumb"},"inLanguage":"es","potentialAction":[{"@type":"ReadAction","target":["https:\/\/negocios.udd.cl\/gemchile\/reportes\/reporte-nacional-de-innovacion\/"]}]},{"@type":"BreadcrumbList","@id":"https:\/\/negocios.udd.cl\/gemchile\/reportes\/reporte-nacional-de-innovacion\/#breadcrumb","itemListElement":[{"@type":"ListItem","position":1,"name":"Home","item":"https:\/\/negocios.udd.cl\/gemchile\/"},{"@type":"ListItem","position":2,"name":"Reportes","item":"https:\/\/negocios.udd.cl\/gemchile\/reportes\/"},{"@type":"ListItem","position":3,"name":"Reporte Nacional de Innovaci\u00f3n"}]},{"@type":"WebSite","@id":"https:\/\/negocios.udd.cl\/gemchile\/#website","url":"https:\/\/negocios.udd.cl\/gemchile\/","name":"Global Entrepreneurship Monitor Chile","description":"","potentialAction":[{"@type":"SearchAction","target":{"@type":"EntryPoint","urlTemplate":"https:\/\/negocios.udd.cl\/gemchile\/?s={search_term_string}"},"query-input":{"@type":"PropertyValueSpecification","valueRequired":true,"valueName":"search_term_string"}}],"inLanguage":"es"}]}},"_links":{"self":[{"href":"https:\/\/negocios.udd.cl\/gemchile\/wp-json\/wp\/v2\/pages\/293","targetHints":{"allow":["GET"]}}],"collection":[{"href":"https:\/\/negocios.udd.cl\/gemchile\/wp-json\/wp\/v2\/pages"}],"about":[{"href":"https:\/\/negocios.udd.cl\/gemchile\/wp-json\/wp\/v2\/types\/page"}],"author":[{"embeddable":true,"href":"https:\/\/negocios.udd.cl\/gemchile\/wp-json\/wp\/v2\/users\/1"}],"replies":[{"embeddable":true,"href":"https:\/\/negocios.udd.cl\/gemchile\/wp-json\/wp\/v2\/comments?post=293"}],"version-history":[{"count":7,"href":"https:\/\/negocios.udd.cl\/gemchile\/wp-json\/wp\/v2\/pages\/293\/revisions"}],"predecessor-version":[{"id":1459,"href":"https:\/\/negocios.udd.cl\/gemchile\/wp-json\/wp\/v2\/pages\/293\/revisions\/1459"}],"up":[{"embeddable":true,"href":"https:\/\/negocios.udd.cl\/gemchile\/wp-json\/wp\/v2\/pages\/4"}],"wp:attachment":[{"href":"https:\/\/negocios.udd.cl\/gemchile\/wp-json\/wp\/v2\/media?parent=293"}],"curies":[{"name":"wp","href":"https:\/\/api.w.org\/{rel}","templated":true}]}}