{"id":3,"date":"2010-11-11T16:01:54","date_gmt":"2010-11-11T19:01:54","guid":{"rendered":"http:\/\/negocios.udd.cl\/negocios.udd.clgemchile\/proyectos\/"},"modified":"2019-01-29T12:22:44","modified_gmt":"2019-01-29T15:22:44","slug":"gem-mundial","status":"publish","type":"page","link":"https:\/\/negocios.udd.cl\/gemchile\/gem-mundial\/","title":{"rendered":"GEM Mundial"},"content":{"rendered":"<p style=\"text-align: justify;\"><strong>Proyecto GEM Mundial<\/strong><\/p>\n<p style=\"text-align: justify;\">El <a href=\"http:\/\/www.gemconsortium.org\/\" target=\"_blank\" rel=\"noopener\">Global Entrepreneurship Monitor<\/a> (GEM) es el m\u00e1s extenso y exitoso proyecto de medici\u00f3n de emprendimiento en el mundo y es liderado a nivel mundial por <strong>Babson College<\/strong>, <strong>Universiti Tun Abdul Razak<\/strong> y la <strong>Universidad del Desarrollo<\/strong>,\u00a0quienes coordinan la actividad en las universidades de m\u00e1s de los 80 pa\u00edses que participan en el proyecto GEM.<\/p>\n<p style=\"text-align: justify;\">El proyecto es dirigido a trav\u00e9s de un directorio de siete miembros de las universidades:<\/p>\n<p style=\"text-align: center;\"><a href=\"http:\/\/negocios.udd.cl\/gemchile\/files\/2010\/11\/universidades-auspiciadoras-2.png\"><img loading=\"lazy\" decoding=\"async\" class=\"size-full wp-image-766 aligncenter\" title=\"universidades auspiciadoras (2)\" src=\"http:\/\/negocios.udd.cl\/gemchile\/files\/2010\/11\/universidades-auspiciadoras-2.png\" alt=\"\" width=\"350\" height=\"51\" srcset=\"https:\/\/negocios.udd.cl\/gemchile\/files\/2010\/11\/universidades-auspiciadoras-2.png 350w, https:\/\/negocios.udd.cl\/gemchile\/files\/2010\/11\/universidades-auspiciadoras-2-300x43.png 300w, https:\/\/negocios.udd.cl\/gemchile\/files\/2010\/11\/universidades-auspiciadoras-2-340x51.png 340w\" sizes=\"auto, (max-width: 350px) 100vw, 350px\" \/><\/a><\/p>\n<p>El proyecto es dirigido a trav\u00e9s de un directorio conformado por miembros de cada una de las instituciones auspiciadoras y representates de los pa\u00edses participantes.<\/p>\n<p style=\"text-align: justify;\">Este directorio tiene la responsabilidad de dise\u00f1ar los lineamientos generales del proyecto mundial, el cual tiene por objeto medir la actividad emprendedora y sus condicionantes, buscando identificar \u00e1reas de oportunidad para la aplicaci\u00f3n de pol\u00edticas p\u00fablicas eficientes en promover el emprendimiento. Esto se justifica plenamente al considerar que el emprendimiento es el fen\u00f3meno que hace el v\u00ednculo para que la innovaci\u00f3n llegue a los mercados. Por lo que juega un rol fundamental como fuente de crecimiento y desarrollo para los pa\u00edses.<\/p>\n","protected":false},"excerpt":{"rendered":"<p>Proyecto GEM Mundial El Global Entrepreneurship Monitor (GEM) es el m\u00e1s extenso y exitoso proyecto de medici\u00f3n de emprendimiento en el mundo y es liderado a nivel mundial por Babson College, Universiti Tun Abdul Razak y la Universidad del Desarrollo,\u00a0quienes coordinan la actividad en las universidades de m\u00e1s de los 80 pa\u00edses que participan en [&hellip;]<\/p>\n","protected":false},"author":1,"featured_media":1833,"parent":0,"menu_order":1,"comment_status":"open","ping_status":"open","template":"","meta":{"footnotes":""},"class_list":["post-3","page","type-page","status-publish","has-post-thumbnail","hentry"],"yoast_head":"<!-- This site is optimized with the Yoast SEO plugin v26.9 - https:\/\/yoast.com\/product\/yoast-seo-wordpress\/ -->\n<title>GEM Mundial - Global Entrepreneurship Monitor Chile<\/title>\n<meta name=\"robots\" content=\"index, follow, max-snippet:-1, max-image-preview:large, max-video-preview:-1\" \/>\n<link rel=\"canonical\" href=\"https:\/\/negocios.udd.cl\/gemchile\/gem-mundial\/\" \/>\n<meta property=\"og:locale\" content=\"es_ES\" \/>\n<meta property=\"og:type\" content=\"article\" \/>\n<meta property=\"og:title\" content=\"GEM Mundial - Global Entrepreneurship Monitor Chile\" \/>\n<meta property=\"og:description\" content=\"Proyecto GEM Mundial El Global Entrepreneurship Monitor (GEM) es el m\u00e1s extenso y exitoso proyecto de medici\u00f3n de emprendimiento en el mundo y es liderado a nivel mundial por Babson College, Universiti Tun Abdul Razak y la Universidad del Desarrollo,\u00a0quienes coordinan la actividad en las universidades de m\u00e1s de los 80 pa\u00edses que participan en [&hellip;]\" \/>\n<meta property=\"og:url\" content=\"https:\/\/negocios.udd.cl\/gemchile\/gem-mundial\/\" \/>\n<meta property=\"og:site_name\" content=\"Global Entrepreneurship Monitor Chile\" \/>\n<meta property=\"article:modified_time\" content=\"2019-01-29T15:22:44+00:00\" \/>\n<meta property=\"og:image\" content=\"https:\/\/negocios.udd.cl\/gemchile\/files\/2019\/01\/abda57b6-56e3-4b43-867c-2031b62a84dd.jpg\" \/>\n\t<meta property=\"og:image:width\" content=\"1280\" \/>\n\t<meta property=\"og:image:height\" content=\"853\" \/>\n\t<meta property=\"og:image:type\" content=\"image\/jpeg\" \/>\n<meta name=\"twitter:label1\" content=\"Tiempo de lectura\" \/>\n\t<meta name=\"twitter:data1\" content=\"1 minuto\" \/>\n<script type=\"application\/ld+json\" class=\"yoast-schema-graph\">{\"@context\":\"https:\/\/schema.org\",\"@graph\":[{\"@type\":\"WebPage\",\"@id\":\"https:\/\/negocios.udd.cl\/gemchile\/gem-mundial\/\",\"url\":\"https:\/\/negocios.udd.cl\/gemchile\/gem-mundial\/\",\"name\":\"GEM Mundial - Global Entrepreneurship Monitor Chile\",\"isPartOf\":{\"@id\":\"https:\/\/negocios.udd.cl\/gemchile\/#website\"},\"primaryImageOfPage\":{\"@id\":\"https:\/\/negocios.udd.cl\/gemchile\/gem-mundial\/#primaryimage\"},\"image\":{\"@id\":\"https:\/\/negocios.udd.cl\/gemchile\/gem-mundial\/#primaryimage\"},\"thumbnailUrl\":\"https:\/\/negocios.udd.cl\/gemchile\/files\/2019\/01\/abda57b6-56e3-4b43-867c-2031b62a84dd.jpg\",\"datePublished\":\"2010-11-11T19:01:54+00:00\",\"dateModified\":\"2019-01-29T15:22:44+00:00\",\"breadcrumb\":{\"@id\":\"https:\/\/negocios.udd.cl\/gemchile\/gem-mundial\/#breadcrumb\"},\"inLanguage\":\"es\",\"potentialAction\":[{\"@type\":\"ReadAction\",\"target\":[\"https:\/\/negocios.udd.cl\/gemchile\/gem-mundial\/\"]}]},{\"@type\":\"ImageObject\",\"inLanguage\":\"es\",\"@id\":\"https:\/\/negocios.udd.cl\/gemchile\/gem-mundial\/#primaryimage\",\"url\":\"https:\/\/negocios.udd.cl\/gemchile\/files\/2019\/01\/abda57b6-56e3-4b43-867c-2031b62a84dd.jpg\",\"contentUrl\":\"https:\/\/negocios.udd.cl\/gemchile\/files\/2019\/01\/abda57b6-56e3-4b43-867c-2031b62a84dd.jpg\",\"width\":1280,\"height\":853},{\"@type\":\"BreadcrumbList\",\"@id\":\"https:\/\/negocios.udd.cl\/gemchile\/gem-mundial\/#breadcrumb\",\"itemListElement\":[{\"@type\":\"ListItem\",\"position\":1,\"name\":\"Home\",\"item\":\"https:\/\/negocios.udd.cl\/gemchile\/\"},{\"@type\":\"ListItem\",\"position\":2,\"name\":\"GEM Mundial\"}]},{\"@type\":\"WebSite\",\"@id\":\"https:\/\/negocios.udd.cl\/gemchile\/#website\",\"url\":\"https:\/\/negocios.udd.cl\/gemchile\/\",\"name\":\"Global Entrepreneurship Monitor Chile\",\"description\":\"\",\"potentialAction\":[{\"@type\":\"SearchAction\",\"target\":{\"@type\":\"EntryPoint\",\"urlTemplate\":\"https:\/\/negocios.udd.cl\/gemchile\/?s={search_term_string}\"},\"query-input\":{\"@type\":\"PropertyValueSpecification\",\"valueRequired\":true,\"valueName\":\"search_term_string\"}}],\"inLanguage\":\"es\"}]}<\/script>\n<!-- \/ Yoast SEO plugin. -->","yoast_head_json":{"title":"GEM Mundial - Global Entrepreneurship Monitor Chile","robots":{"index":"index","follow":"follow","max-snippet":"max-snippet:-1","max-image-preview":"max-image-preview:large","max-video-preview":"max-video-preview:-1"},"canonical":"https:\/\/negocios.udd.cl\/gemchile\/gem-mundial\/","og_locale":"es_ES","og_type":"article","og_title":"GEM Mundial - Global Entrepreneurship Monitor Chile","og_description":"Proyecto GEM Mundial El Global Entrepreneurship Monitor (GEM) es el m\u00e1s extenso y exitoso proyecto de medici\u00f3n de emprendimiento en el mundo y es liderado a nivel mundial por Babson College, Universiti Tun Abdul Razak y la Universidad del Desarrollo,\u00a0quienes coordinan la actividad en las universidades de m\u00e1s de los 80 pa\u00edses que participan en [&hellip;]","og_url":"https:\/\/negocios.udd.cl\/gemchile\/gem-mundial\/","og_site_name":"Global Entrepreneurship Monitor Chile","article_modified_time":"2019-01-29T15:22:44+00:00","og_image":[{"width":1280,"height":853,"url":"https:\/\/negocios.udd.cl\/gemchile\/files\/2019\/01\/abda57b6-56e3-4b43-867c-2031b62a84dd.jpg","type":"image\/jpeg"}],"twitter_misc":{"Tiempo de lectura":"1 minuto"},"schema":{"@context":"https:\/\/schema.org","@graph":[{"@type":"WebPage","@id":"https:\/\/negocios.udd.cl\/gemchile\/gem-mundial\/","url":"https:\/\/negocios.udd.cl\/gemchile\/gem-mundial\/","name":"GEM Mundial - Global Entrepreneurship Monitor Chile","isPartOf":{"@id":"https:\/\/negocios.udd.cl\/gemchile\/#website"},"primaryImageOfPage":{"@id":"https:\/\/negocios.udd.cl\/gemchile\/gem-mundial\/#primaryimage"},"image":{"@id":"https:\/\/negocios.udd.cl\/gemchile\/gem-mundial\/#primaryimage"},"thumbnailUrl":"https:\/\/negocios.udd.cl\/gemchile\/files\/2019\/01\/abda57b6-56e3-4b43-867c-2031b62a84dd.jpg","datePublished":"2010-11-11T19:01:54+00:00","dateModified":"2019-01-29T15:22:44+00:00","breadcrumb":{"@id":"https:\/\/negocios.udd.cl\/gemchile\/gem-mundial\/#breadcrumb"},"inLanguage":"es","potentialAction":[{"@type":"ReadAction","target":["https:\/\/negocios.udd.cl\/gemchile\/gem-mundial\/"]}]},{"@type":"ImageObject","inLanguage":"es","@id":"https:\/\/negocios.udd.cl\/gemchile\/gem-mundial\/#primaryimage","url":"https:\/\/negocios.udd.cl\/gemchile\/files\/2019\/01\/abda57b6-56e3-4b43-867c-2031b62a84dd.jpg","contentUrl":"https:\/\/negocios.udd.cl\/gemchile\/files\/2019\/01\/abda57b6-56e3-4b43-867c-2031b62a84dd.jpg","width":1280,"height":853},{"@type":"BreadcrumbList","@id":"https:\/\/negocios.udd.cl\/gemchile\/gem-mundial\/#breadcrumb","itemListElement":[{"@type":"ListItem","position":1,"name":"Home","item":"https:\/\/negocios.udd.cl\/gemchile\/"},{"@type":"ListItem","position":2,"name":"GEM Mundial"}]},{"@type":"WebSite","@id":"https:\/\/negocios.udd.cl\/gemchile\/#website","url":"https:\/\/negocios.udd.cl\/gemchile\/","name":"Global Entrepreneurship Monitor Chile","description":"","potentialAction":[{"@type":"SearchAction","target":{"@type":"EntryPoint","urlTemplate":"https:\/\/negocios.udd.cl\/gemchile\/?s={search_term_string}"},"query-input":{"@type":"PropertyValueSpecification","valueRequired":true,"valueName":"search_term_string"}}],"inLanguage":"es"}]}},"_links":{"self":[{"href":"https:\/\/negocios.udd.cl\/gemchile\/wp-json\/wp\/v2\/pages\/3","targetHints":{"allow":["GET"]}}],"collection":[{"href":"https:\/\/negocios.udd.cl\/gemchile\/wp-json\/wp\/v2\/pages"}],"about":[{"href":"https:\/\/negocios.udd.cl\/gemchile\/wp-json\/wp\/v2\/types\/page"}],"author":[{"embeddable":true,"href":"https:\/\/negocios.udd.cl\/gemchile\/wp-json\/wp\/v2\/users\/1"}],"replies":[{"embeddable":true,"href":"https:\/\/negocios.udd.cl\/gemchile\/wp-json\/wp\/v2\/comments?post=3"}],"version-history":[{"count":50,"href":"https:\/\/negocios.udd.cl\/gemchile\/wp-json\/wp\/v2\/pages\/3\/revisions"}],"predecessor-version":[{"id":1835,"href":"https:\/\/negocios.udd.cl\/gemchile\/wp-json\/wp\/v2\/pages\/3\/revisions\/1835"}],"wp:featuredmedia":[{"embeddable":true,"href":"https:\/\/negocios.udd.cl\/gemchile\/wp-json\/wp\/v2\/media\/1833"}],"wp:attachment":[{"href":"https:\/\/negocios.udd.cl\/gemchile\/wp-json\/wp\/v2\/media?parent=3"}],"curies":[{"name":"wp","href":"https:\/\/api.w.org\/{rel}","templated":true}]}}