{"id":318,"date":"2010-12-07T10:52:18","date_gmt":"2010-12-07T13:52:18","guid":{"rendered":"http:\/\/negocios.udd.cl\/gemchile\/estudios-y-publicaciones\/reporte-capital-de-riesgo\/"},"modified":"2014-11-11T19:54:09","modified_gmt":"2014-11-11T22:54:09","slug":"reporte-capital-de-riesgo","status":"publish","type":"page","link":"https:\/\/negocios.udd.cl\/gemchile\/reportes\/reporte-capital-de-riesgo\/","title":{"rendered":"Reporte Capital de Riesgo"},"content":{"rendered":"<p style=\"text-align: justify\">El GEM Capital de Riesgo Chile 2008, es parte del Proyecto GEM Chile, de medici\u00f3n de emprendimiento y de las variables que lo promueven. \u00c9ste busca resaltar la importancia que tiene para el pa\u00eds un mercado de capitales completo y eficiente para canalizar los recursos privados y estatales hacia actividades emprendedoras y proporcionar informaci\u00f3n que contribuya a completar y profundizar los diferentes segmentos de este mercado.<\/p>\n<p style=\"text-align: justify\">El estudio busca adem\u00e1s:<\/p>\n<ul style=\"text-align: justify\">\n<li>Medir los niveles de recursos aportados en los distintos segmentos de la industria de capital de riesgo.<\/li>\n<li>Determinar qui\u00e9nes son y d\u00f3nde est\u00e1n los principales actores involucrados en cada uno de estos segmentos.<\/li>\n<li>Identificar las principales limitantes, tanto del lado de los inversionistas como de los emprendedores, que impiden un mayor flujo y un mejor uso de recursos en esta industria. Estas limitantes debiesen ser objeto de preocupaci\u00f3n para el dise\u00f1o de pol\u00edticas p\u00fablicas de apoyo al emprendimiento.<\/li>\n<\/ul>\n<div class=\"press-articles hfeed\"><article class=\"hentry hentry-press-mention box-border box-simple box-wrap\"><div  class=\"object-thumbnail-m object-thumbnail-left\"><img loading=\"lazy\" decoding=\"async\" width=\"340\" height=\"220\" src=\"https:\/\/negocios.udd.cl\/gemchile\/files\/2014\/11\/Portada-GEM-capital-riesgo2008-340x220.png\" class=\"thumbnail wp-post-image\" alt=\"\" srcset=\"https:\/\/negocios.udd.cl\/gemchile\/files\/2014\/11\/Portada-GEM-capital-riesgo2008-340x220.png 340w, https:\/\/negocios.udd.cl\/gemchile\/files\/2014\/11\/Portada-GEM-capital-riesgo2008-125x80.png 125w\" sizes=\"auto, (max-width: 340px) 100vw, 340px\" \/><div class=\"wrap-content\"><div class=\"entry-info\"><span class=\"entry-date\"><time class=\"published\" title=\"2008-12-01\" datetime=\"2008-12-01\" pubdate>01.12.2008<\/time><\/span><span class=\"entry-download\"><a href=\"https:\/\/negocios.udd.cl\/gemchile\/files\/2014\/11\/GEM-capital-riesgo2008.pdf\" class=\"btn btn-small download\">Descargar pdf<\/a> <span class=\"file-size\">no encontrado<\/span><\/span><\/div><h4 class=\"entry-title\"><a href=\"https:\/\/negocios.udd.cl\/gemchile\/files\/2014\/11\/GEM-capital-riesgo2008.pdf\" rel=\"bookmark\">GEM Capital de Riesgo 2008<\/a><\/h4><p><\/p><\/div><\/div><\/article><\/div>\n","protected":false},"excerpt":{"rendered":"<p>El GEM Capital de Riesgo Chile 2008, es parte del Proyecto GEM Chile, de medici\u00f3n de emprendimiento y de las variables que lo promueven. \u00c9ste busca resaltar la importancia que tiene para el pa\u00eds un mercado de capitales completo y eficiente para canalizar los recursos privados y estatales hacia actividades emprendedoras y proporcionar informaci\u00f3n que [&hellip;]<\/p>\n","protected":false},"author":1,"featured_media":0,"parent":4,"menu_order":5,"comment_status":"open","ping_status":"open","template":"template-wide-content.php","meta":{"footnotes":""},"class_list":["post-318","page","type-page","status-publish","hentry"],"yoast_head":"<!-- This site is optimized with the Yoast SEO plugin v26.9 - https:\/\/yoast.com\/product\/yoast-seo-wordpress\/ -->\n<title>Reporte Capital de Riesgo - Global Entrepreneurship Monitor Chile<\/title>\n<meta name=\"robots\" content=\"index, follow, max-snippet:-1, max-image-preview:large, max-video-preview:-1\" \/>\n<link rel=\"canonical\" href=\"https:\/\/negocios.udd.cl\/gemchile\/reportes\/reporte-capital-de-riesgo\/\" \/>\n<meta property=\"og:locale\" content=\"es_ES\" \/>\n<meta property=\"og:type\" content=\"article\" \/>\n<meta property=\"og:title\" content=\"Reporte Capital de Riesgo - Global Entrepreneurship Monitor Chile\" \/>\n<meta property=\"og:description\" content=\"El GEM Capital de Riesgo Chile 2008, es parte del Proyecto GEM Chile, de medici\u00f3n de emprendimiento y de las variables que lo promueven. \u00c9ste busca resaltar la importancia que tiene para el pa\u00eds un mercado de capitales completo y eficiente para canalizar los recursos privados y estatales hacia actividades emprendedoras y proporcionar informaci\u00f3n que [&hellip;]\" \/>\n<meta property=\"og:url\" content=\"https:\/\/negocios.udd.cl\/gemchile\/reportes\/reporte-capital-de-riesgo\/\" \/>\n<meta property=\"og:site_name\" content=\"Global Entrepreneurship Monitor Chile\" \/>\n<meta property=\"article:modified_time\" content=\"2014-11-11T22:54:09+00:00\" \/>\n<meta name=\"twitter:label1\" content=\"Tiempo de lectura\" \/>\n\t<meta name=\"twitter:data1\" content=\"1 minuto\" \/>\n<script type=\"application\/ld+json\" class=\"yoast-schema-graph\">{\"@context\":\"https:\/\/schema.org\",\"@graph\":[{\"@type\":\"WebPage\",\"@id\":\"https:\/\/negocios.udd.cl\/gemchile\/reportes\/reporte-capital-de-riesgo\/\",\"url\":\"https:\/\/negocios.udd.cl\/gemchile\/reportes\/reporte-capital-de-riesgo\/\",\"name\":\"Reporte Capital de Riesgo - Global Entrepreneurship Monitor Chile\",\"isPartOf\":{\"@id\":\"https:\/\/negocios.udd.cl\/gemchile\/#website\"},\"datePublished\":\"2010-12-07T13:52:18+00:00\",\"dateModified\":\"2014-11-11T22:54:09+00:00\",\"breadcrumb\":{\"@id\":\"https:\/\/negocios.udd.cl\/gemchile\/reportes\/reporte-capital-de-riesgo\/#breadcrumb\"},\"inLanguage\":\"es\",\"potentialAction\":[{\"@type\":\"ReadAction\",\"target\":[\"https:\/\/negocios.udd.cl\/gemchile\/reportes\/reporte-capital-de-riesgo\/\"]}]},{\"@type\":\"BreadcrumbList\",\"@id\":\"https:\/\/negocios.udd.cl\/gemchile\/reportes\/reporte-capital-de-riesgo\/#breadcrumb\",\"itemListElement\":[{\"@type\":\"ListItem\",\"position\":1,\"name\":\"Home\",\"item\":\"https:\/\/negocios.udd.cl\/gemchile\/\"},{\"@type\":\"ListItem\",\"position\":2,\"name\":\"Reportes\",\"item\":\"https:\/\/negocios.udd.cl\/gemchile\/reportes\/\"},{\"@type\":\"ListItem\",\"position\":3,\"name\":\"Reporte Capital de Riesgo\"}]},{\"@type\":\"WebSite\",\"@id\":\"https:\/\/negocios.udd.cl\/gemchile\/#website\",\"url\":\"https:\/\/negocios.udd.cl\/gemchile\/\",\"name\":\"Global Entrepreneurship Monitor Chile\",\"description\":\"\",\"potentialAction\":[{\"@type\":\"SearchAction\",\"target\":{\"@type\":\"EntryPoint\",\"urlTemplate\":\"https:\/\/negocios.udd.cl\/gemchile\/?s={search_term_string}\"},\"query-input\":{\"@type\":\"PropertyValueSpecification\",\"valueRequired\":true,\"valueName\":\"search_term_string\"}}],\"inLanguage\":\"es\"}]}<\/script>\n<!-- \/ Yoast SEO plugin. -->","yoast_head_json":{"title":"Reporte Capital de Riesgo - Global Entrepreneurship Monitor Chile","robots":{"index":"index","follow":"follow","max-snippet":"max-snippet:-1","max-image-preview":"max-image-preview:large","max-video-preview":"max-video-preview:-1"},"canonical":"https:\/\/negocios.udd.cl\/gemchile\/reportes\/reporte-capital-de-riesgo\/","og_locale":"es_ES","og_type":"article","og_title":"Reporte Capital de Riesgo - Global Entrepreneurship Monitor Chile","og_description":"El GEM Capital de Riesgo Chile 2008, es parte del Proyecto GEM Chile, de medici\u00f3n de emprendimiento y de las variables que lo promueven. \u00c9ste busca resaltar la importancia que tiene para el pa\u00eds un mercado de capitales completo y eficiente para canalizar los recursos privados y estatales hacia actividades emprendedoras y proporcionar informaci\u00f3n que [&hellip;]","og_url":"https:\/\/negocios.udd.cl\/gemchile\/reportes\/reporte-capital-de-riesgo\/","og_site_name":"Global Entrepreneurship Monitor Chile","article_modified_time":"2014-11-11T22:54:09+00:00","twitter_misc":{"Tiempo de lectura":"1 minuto"},"schema":{"@context":"https:\/\/schema.org","@graph":[{"@type":"WebPage","@id":"https:\/\/negocios.udd.cl\/gemchile\/reportes\/reporte-capital-de-riesgo\/","url":"https:\/\/negocios.udd.cl\/gemchile\/reportes\/reporte-capital-de-riesgo\/","name":"Reporte Capital de Riesgo - Global Entrepreneurship Monitor Chile","isPartOf":{"@id":"https:\/\/negocios.udd.cl\/gemchile\/#website"},"datePublished":"2010-12-07T13:52:18+00:00","dateModified":"2014-11-11T22:54:09+00:00","breadcrumb":{"@id":"https:\/\/negocios.udd.cl\/gemchile\/reportes\/reporte-capital-de-riesgo\/#breadcrumb"},"inLanguage":"es","potentialAction":[{"@type":"ReadAction","target":["https:\/\/negocios.udd.cl\/gemchile\/reportes\/reporte-capital-de-riesgo\/"]}]},{"@type":"BreadcrumbList","@id":"https:\/\/negocios.udd.cl\/gemchile\/reportes\/reporte-capital-de-riesgo\/#breadcrumb","itemListElement":[{"@type":"ListItem","position":1,"name":"Home","item":"https:\/\/negocios.udd.cl\/gemchile\/"},{"@type":"ListItem","position":2,"name":"Reportes","item":"https:\/\/negocios.udd.cl\/gemchile\/reportes\/"},{"@type":"ListItem","position":3,"name":"Reporte Capital de Riesgo"}]},{"@type":"WebSite","@id":"https:\/\/negocios.udd.cl\/gemchile\/#website","url":"https:\/\/negocios.udd.cl\/gemchile\/","name":"Global Entrepreneurship Monitor Chile","description":"","potentialAction":[{"@type":"SearchAction","target":{"@type":"EntryPoint","urlTemplate":"https:\/\/negocios.udd.cl\/gemchile\/?s={search_term_string}"},"query-input":{"@type":"PropertyValueSpecification","valueRequired":true,"valueName":"search_term_string"}}],"inLanguage":"es"}]}},"_links":{"self":[{"href":"https:\/\/negocios.udd.cl\/gemchile\/wp-json\/wp\/v2\/pages\/318","targetHints":{"allow":["GET"]}}],"collection":[{"href":"https:\/\/negocios.udd.cl\/gemchile\/wp-json\/wp\/v2\/pages"}],"about":[{"href":"https:\/\/negocios.udd.cl\/gemchile\/wp-json\/wp\/v2\/types\/page"}],"author":[{"embeddable":true,"href":"https:\/\/negocios.udd.cl\/gemchile\/wp-json\/wp\/v2\/users\/1"}],"replies":[{"embeddable":true,"href":"https:\/\/negocios.udd.cl\/gemchile\/wp-json\/wp\/v2\/comments?post=318"}],"version-history":[{"count":9,"href":"https:\/\/negocios.udd.cl\/gemchile\/wp-json\/wp\/v2\/pages\/318\/revisions"}],"predecessor-version":[{"id":1463,"href":"https:\/\/negocios.udd.cl\/gemchile\/wp-json\/wp\/v2\/pages\/318\/revisions\/1463"}],"up":[{"embeddable":true,"href":"https:\/\/negocios.udd.cl\/gemchile\/wp-json\/wp\/v2\/pages\/4"}],"wp:attachment":[{"href":"https:\/\/negocios.udd.cl\/gemchile\/wp-json\/wp\/v2\/media?parent=318"}],"curies":[{"name":"wp","href":"https:\/\/api.w.org\/{rel}","templated":true}]}}