{"id":4,"date":"2010-11-11T16:01:54","date_gmt":"2010-11-11T19:01:54","guid":{"rendered":"http:\/\/negocios.udd.cl\/negocios.udd.clgemchile\/estudios-y-publicaciones\/"},"modified":"2014-11-18T10:08:07","modified_gmt":"2014-11-18T13:08:07","slug":"reportes","status":"publish","type":"page","link":"https:\/\/negocios.udd.cl\/gemchile\/reportes\/","title":{"rendered":"Reportes"},"content":{"rendered":"<p style=\"text-align: justify\">\u00a0El <a href=\"http:\/\/www.gemconsortium.org\/\" target=\"_blank\">Global Entrepreneurship Monitor<\/a>, GEM, es el mayor proyecto de investigaci\u00f3n mundial que analiza la propensi\u00f3n de la poblaci\u00f3n de un pa\u00eds para participar en las actividades emprendedoras.\u00a0A la fecha el GEM es uno de los pocos proyectos acad\u00e9micos que permite tener datos armonizados comparables a nivel internacional, de manera sist\u00e9mica y de forma anual.<\/p>\n<p style=\"text-align: justify\">Este proyecto fue ideado en 1997 por investigadores de la <strong>London Business School<\/strong> y <strong>Babson College<\/strong>, EE.UU., y el primer estudio del GEM fue constituido por un grupo de 10 pa\u00edses en el a\u00f1o 1999. Desde aquel entonces el GEM se ha transformado en un consorcio constituido por m\u00e1s de 80 equipos nacionales.<\/p>\n<p style=\"text-align: justify\">En 2004, London Business School y Babson College transfirieron el capital intelectual del GEM a la Asociaci\u00f3n de Investigaci\u00f3n en Emprendimiento Global (GERA por su sigla en ingl\u00e9s), la cual es una organizaci\u00f3n sin fines de lucro dirigida por representantes de los equipos nacionales, m\u00e1s las dos instituciones fundadoras y las instituciones patrocinantes. <strong>En Chile, el proyecto GEM inici\u00f3 en el a\u00f1o 2002 y actualmente es coordinado por la Universidad del Desarrollo<\/strong>.<\/p>\n","protected":false},"excerpt":{"rendered":"<p>\u00a0El Global Entrepreneurship Monitor, GEM, es el mayor proyecto de investigaci\u00f3n mundial que analiza la propensi\u00f3n de la poblaci\u00f3n de un pa\u00eds para participar en las actividades emprendedoras.\u00a0A la fecha el GEM es uno de los pocos proyectos acad\u00e9micos que permite tener datos armonizados comparables a nivel internacional, de manera sist\u00e9mica y de forma anual. [&hellip;]<\/p>\n","protected":false},"author":1,"featured_media":0,"parent":0,"menu_order":3,"comment_status":"open","ping_status":"open","template":"","meta":{"footnotes":""},"class_list":["post-4","page","type-page","status-publish","hentry"],"yoast_head":"<!-- This site is optimized with the Yoast SEO plugin v26.9 - https:\/\/yoast.com\/product\/yoast-seo-wordpress\/ -->\n<title>Reportes - Global Entrepreneurship Monitor Chile<\/title>\n<meta name=\"robots\" content=\"index, follow, max-snippet:-1, max-image-preview:large, max-video-preview:-1\" \/>\n<link rel=\"canonical\" href=\"https:\/\/negocios.udd.cl\/gemchile\/reportes\/\" \/>\n<meta property=\"og:locale\" content=\"es_ES\" \/>\n<meta property=\"og:type\" content=\"article\" \/>\n<meta property=\"og:title\" content=\"Reportes - Global Entrepreneurship Monitor Chile\" \/>\n<meta property=\"og:description\" content=\"\u00a0El Global Entrepreneurship Monitor, GEM, es el mayor proyecto de investigaci\u00f3n mundial que analiza la propensi\u00f3n de la poblaci\u00f3n de un pa\u00eds para participar en las actividades emprendedoras.\u00a0A la fecha el GEM es uno de los pocos proyectos acad\u00e9micos que permite tener datos armonizados comparables a nivel internacional, de manera sist\u00e9mica y de forma anual. [&hellip;]\" \/>\n<meta property=\"og:url\" content=\"https:\/\/negocios.udd.cl\/gemchile\/reportes\/\" \/>\n<meta property=\"og:site_name\" content=\"Global Entrepreneurship Monitor Chile\" \/>\n<meta property=\"article:modified_time\" content=\"2014-11-18T13:08:07+00:00\" \/>\n<meta name=\"twitter:label1\" content=\"Tiempo de lectura\" \/>\n\t<meta name=\"twitter:data1\" content=\"1 minuto\" \/>\n<script type=\"application\/ld+json\" class=\"yoast-schema-graph\">{\"@context\":\"https:\/\/schema.org\",\"@graph\":[{\"@type\":\"WebPage\",\"@id\":\"https:\/\/negocios.udd.cl\/gemchile\/reportes\/\",\"url\":\"https:\/\/negocios.udd.cl\/gemchile\/reportes\/\",\"name\":\"Reportes - Global Entrepreneurship Monitor Chile\",\"isPartOf\":{\"@id\":\"https:\/\/negocios.udd.cl\/gemchile\/#website\"},\"datePublished\":\"2010-11-11T19:01:54+00:00\",\"dateModified\":\"2014-11-18T13:08:07+00:00\",\"breadcrumb\":{\"@id\":\"https:\/\/negocios.udd.cl\/gemchile\/reportes\/#breadcrumb\"},\"inLanguage\":\"es\",\"potentialAction\":[{\"@type\":\"ReadAction\",\"target\":[\"https:\/\/negocios.udd.cl\/gemchile\/reportes\/\"]}]},{\"@type\":\"BreadcrumbList\",\"@id\":\"https:\/\/negocios.udd.cl\/gemchile\/reportes\/#breadcrumb\",\"itemListElement\":[{\"@type\":\"ListItem\",\"position\":1,\"name\":\"Home\",\"item\":\"https:\/\/negocios.udd.cl\/gemchile\/\"},{\"@type\":\"ListItem\",\"position\":2,\"name\":\"Reportes\"}]},{\"@type\":\"WebSite\",\"@id\":\"https:\/\/negocios.udd.cl\/gemchile\/#website\",\"url\":\"https:\/\/negocios.udd.cl\/gemchile\/\",\"name\":\"Global Entrepreneurship Monitor Chile\",\"description\":\"\",\"potentialAction\":[{\"@type\":\"SearchAction\",\"target\":{\"@type\":\"EntryPoint\",\"urlTemplate\":\"https:\/\/negocios.udd.cl\/gemchile\/?s={search_term_string}\"},\"query-input\":{\"@type\":\"PropertyValueSpecification\",\"valueRequired\":true,\"valueName\":\"search_term_string\"}}],\"inLanguage\":\"es\"}]}<\/script>\n<!-- \/ Yoast SEO plugin. -->","yoast_head_json":{"title":"Reportes - Global Entrepreneurship Monitor Chile","robots":{"index":"index","follow":"follow","max-snippet":"max-snippet:-1","max-image-preview":"max-image-preview:large","max-video-preview":"max-video-preview:-1"},"canonical":"https:\/\/negocios.udd.cl\/gemchile\/reportes\/","og_locale":"es_ES","og_type":"article","og_title":"Reportes - Global Entrepreneurship Monitor Chile","og_description":"\u00a0El Global Entrepreneurship Monitor, GEM, es el mayor proyecto de investigaci\u00f3n mundial que analiza la propensi\u00f3n de la poblaci\u00f3n de un pa\u00eds para participar en las actividades emprendedoras.\u00a0A la fecha el GEM es uno de los pocos proyectos acad\u00e9micos que permite tener datos armonizados comparables a nivel internacional, de manera sist\u00e9mica y de forma anual. [&hellip;]","og_url":"https:\/\/negocios.udd.cl\/gemchile\/reportes\/","og_site_name":"Global Entrepreneurship Monitor Chile","article_modified_time":"2014-11-18T13:08:07+00:00","twitter_misc":{"Tiempo de lectura":"1 minuto"},"schema":{"@context":"https:\/\/schema.org","@graph":[{"@type":"WebPage","@id":"https:\/\/negocios.udd.cl\/gemchile\/reportes\/","url":"https:\/\/negocios.udd.cl\/gemchile\/reportes\/","name":"Reportes - Global Entrepreneurship Monitor Chile","isPartOf":{"@id":"https:\/\/negocios.udd.cl\/gemchile\/#website"},"datePublished":"2010-11-11T19:01:54+00:00","dateModified":"2014-11-18T13:08:07+00:00","breadcrumb":{"@id":"https:\/\/negocios.udd.cl\/gemchile\/reportes\/#breadcrumb"},"inLanguage":"es","potentialAction":[{"@type":"ReadAction","target":["https:\/\/negocios.udd.cl\/gemchile\/reportes\/"]}]},{"@type":"BreadcrumbList","@id":"https:\/\/negocios.udd.cl\/gemchile\/reportes\/#breadcrumb","itemListElement":[{"@type":"ListItem","position":1,"name":"Home","item":"https:\/\/negocios.udd.cl\/gemchile\/"},{"@type":"ListItem","position":2,"name":"Reportes"}]},{"@type":"WebSite","@id":"https:\/\/negocios.udd.cl\/gemchile\/#website","url":"https:\/\/negocios.udd.cl\/gemchile\/","name":"Global Entrepreneurship Monitor Chile","description":"","potentialAction":[{"@type":"SearchAction","target":{"@type":"EntryPoint","urlTemplate":"https:\/\/negocios.udd.cl\/gemchile\/?s={search_term_string}"},"query-input":{"@type":"PropertyValueSpecification","valueRequired":true,"valueName":"search_term_string"}}],"inLanguage":"es"}]}},"_links":{"self":[{"href":"https:\/\/negocios.udd.cl\/gemchile\/wp-json\/wp\/v2\/pages\/4","targetHints":{"allow":["GET"]}}],"collection":[{"href":"https:\/\/negocios.udd.cl\/gemchile\/wp-json\/wp\/v2\/pages"}],"about":[{"href":"https:\/\/negocios.udd.cl\/gemchile\/wp-json\/wp\/v2\/types\/page"}],"author":[{"embeddable":true,"href":"https:\/\/negocios.udd.cl\/gemchile\/wp-json\/wp\/v2\/users\/1"}],"replies":[{"embeddable":true,"href":"https:\/\/negocios.udd.cl\/gemchile\/wp-json\/wp\/v2\/comments?post=4"}],"version-history":[{"count":29,"href":"https:\/\/negocios.udd.cl\/gemchile\/wp-json\/wp\/v2\/pages\/4\/revisions"}],"predecessor-version":[{"id":1545,"href":"https:\/\/negocios.udd.cl\/gemchile\/wp-json\/wp\/v2\/pages\/4\/revisions\/1545"}],"wp:attachment":[{"href":"https:\/\/negocios.udd.cl\/gemchile\/wp-json\/wp\/v2\/media?parent=4"}],"curies":[{"name":"wp","href":"https:\/\/api.w.org\/{rel}","templated":true}]}}